{"id":1011,"date":"2020-06-03T10:39:27","date_gmt":"2020-06-03T08:39:27","guid":{"rendered":"http:\/\/www.cpcm03.fr\/?page_id=1011"},"modified":"2025-11-19T18:25:47","modified_gmt":"2025-11-19T17:25:47","slug":"expo-la-louviere","status":"publish","type":"page","link":"https:\/\/www.cpcm03.fr\/?page_id=1011","title":{"rendered":"Expo La Louvi\u00e8re 2019"},"content":{"rendered":"\n<p class=\"has-drop-cap\">Un petit r\u00e9capitulatif de notre expo annuelle 2019 qui s\u2019est tenue salle de l\u2019Orangerie au ch\u00e2teau de La Louvi\u00e8re \u00e0 Montlu\u00e7on du 18 au 26 mai avec la pr\u00e9sentation de 180 photos des adh\u00e9rents sous cadre 40&#215;50.<\/p>\n\n\n\n<p>De nombreux th\u00e8mes \u00e9taient pr\u00e9sent\u00e9s, paysages, portraits, faune, fleurs, photos sous-marines, macro, proxy etc\u2026etc\u2026<\/p>\n\n\n\n<p>Important succ\u00e8s de ce 54\u00e8me salon ou il y a eu, pr\u00e8s de 400 visiteurs qui, visiblement ont appr\u00e9ci\u00e9 la qualit\u00e9 des photos expos\u00e9es.<\/p>\n\n\n\n<figure class=\"wp-block-image size-large\"><img loading=\"lazy\" decoding=\"async\" width=\"800\" height=\"532\" src=\"http:\/\/www.cpcm03.fr\/wp-content\/uploads\/2020\/06\/Vernissage-2019-CPCM03-800x532.jpg\" alt=\"\" class=\"wp-image-1674\" srcset=\"https:\/\/www.cpcm03.fr\/wp-content\/uploads\/2020\/06\/Vernissage-2019-CPCM03-800x532.jpg 800w, https:\/\/www.cpcm03.fr\/wp-content\/uploads\/2020\/06\/Vernissage-2019-CPCM03-300x200.jpg 300w, https:\/\/www.cpcm03.fr\/wp-content\/uploads\/2020\/06\/Vernissage-2019-CPCM03-768x511.jpg 768w, https:\/\/www.cpcm03.fr\/wp-content\/uploads\/2020\/06\/Vernissage-2019-CPCM03.jpg 900w\" sizes=\"auto, (max-width: 800px) 100vw, 800px\" \/><figcaption>Allocution du Pr\u00e9sident Pascal F\u00e9niet lors du vernissage 2019<\/figcaption><\/figure>\n\n\n\n<figure class=\"wp-block-image\"><img decoding=\"async\" src=\"http:\/\/www.cpcm03.fr\/wp-content\/uploads\/2020\/06\/Louvi%C3%A8re-DSC_0500-800x530.jpg\" alt=\"\" class=\"wp-image-937\"\/><figcaption>Le vernissage<\/figcaption><\/figure>\n\n\n\n<figure class=\"wp-block-image\"><img decoding=\"async\" src=\"http:\/\/www.cpcm03.fr\/wp-content\/uploads\/2020\/06\/Louvi%C3%A8re-DSC_0496-800x530.jpg\" alt=\"\" class=\"wp-image-938\"\/><figcaption>Le vernissage<\/figcaption><\/figure>\n\n\n\n<figure class=\"wp-block-image\"><img decoding=\"async\" src=\"http:\/\/www.cpcm03.fr\/wp-content\/uploads\/2020\/06\/Louvi%C3%A8re-DSC_0523-800x530.jpg\" alt=\"\" class=\"wp-image-939\"\/><figcaption>Salle d\u2019exposition<\/figcaption><\/figure>\n\n\n\n<figure class=\"wp-block-image\"><img decoding=\"async\" src=\"http:\/\/www.cpcm03.fr\/wp-content\/uploads\/2020\/06\/Louvi%C3%A8re-DSC_0524-800x530.jpg\" alt=\"\" class=\"wp-image-940\"\/><figcaption>Salle d\u2019exposition<\/figcaption><\/figure>\n\n\n\n<figure class=\"wp-block-image\"><img decoding=\"async\" src=\"http:\/\/www.cpcm03.fr\/wp-content\/uploads\/2020\/06\/Louvi%C3%A8re-DSC_0525-800x530.jpg\" alt=\"\" class=\"wp-image-941\"\/><figcaption>Salle d\u2019exposition<\/figcaption><\/figure>\n\n\n\n<div class=\"wp-block-image\"><figure class=\"aligncenter size-large\"><img loading=\"lazy\" decoding=\"async\" width=\"530\" height=\"800\" src=\"http:\/\/www.cpcm03.fr\/wp-content\/uploads\/2020\/06\/Christian-DSC_0522-530x800.jpg\" alt=\"\" class=\"wp-image-1694\" srcset=\"https:\/\/www.cpcm03.fr\/wp-content\/uploads\/2020\/06\/Christian-DSC_0522-530x800.jpg 530w, https:\/\/www.cpcm03.fr\/wp-content\/uploads\/2020\/06\/Christian-DSC_0522-199x300.jpg 199w, https:\/\/www.cpcm03.fr\/wp-content\/uploads\/2020\/06\/Christian-DSC_0522.jpg 596w\" sizes=\"auto, (max-width: 530px) 100vw, 530px\" \/><figcaption>Christian Saboureau, notre secr\u00e9taire tr\u00e8s d\u00e9vou\u00e9, d\u00e9c\u00e9d\u00e9 quelques mois apr\u00e8s cette exposition.<\/figcaption><\/figure><\/div>\n\n\n\n<div class=\"wp-block-image\"><figure class=\"aligncenter size-large\"><img loading=\"lazy\" decoding=\"async\" width=\"400\" height=\"540\" src=\"http:\/\/www.cpcm03.fr\/wp-content\/uploads\/2020\/06\/2019-affiche-Salon.jpg\" alt=\"\" class=\"wp-image-1676\" srcset=\"https:\/\/www.cpcm03.fr\/wp-content\/uploads\/2020\/06\/2019-affiche-Salon.jpg 400w, https:\/\/www.cpcm03.fr\/wp-content\/uploads\/2020\/06\/2019-affiche-Salon-222x300.jpg 222w\" sizes=\"auto, (max-width: 400px) 100vw, 400px\" \/><figcaption>Affiche 2019 de notre Exposition<\/figcaption><\/figure><\/div>\n","protected":false},"excerpt":{"rendered":"<p>Un petit r\u00e9capitulatif de notre expo annuelle 2019 qui s\u2019est tenue salle de l\u2019Orangerie au ch\u00e2teau de La Louvi\u00e8re \u00e0 Montlu\u00e7on du 18 au 26 mai avec la pr\u00e9sentation de 180 photos des adh\u00e9rents sous cadre 40&#215;50. De nombreux th\u00e8mes \u00e9taient pr\u00e9sent\u00e9s, paysages, portraits, faune, fleurs, photos sous-marines, macro, proxy etc\u2026etc\u2026 Important succ\u00e8s de ce [&hellip;]<\/p>\n","protected":false},"author":1,"featured_media":0,"parent":0,"menu_order":0,"comment_status":"closed","ping_status":"closed","template":"","meta":{"_bbp_topic_count":0,"_bbp_reply_count":0,"_bbp_total_topic_count":0,"_bbp_total_reply_count":0,"_bbp_voice_count":0,"_bbp_anonymous_reply_count":0,"_bbp_topic_count_hidden":0,"_bbp_reply_count_hidden":0,"_bbp_forum_subforum_count":0,"om_disable_all_campaigns":false,"_monsterinsights_skip_tracking":false,"_monsterinsights_sitenote_active":false,"_monsterinsights_sitenote_note":"","_monsterinsights_sitenote_category":0,"_uf_show_specific_survey":0,"_uf_disable_surveys":false,"footnotes":""},"class_list":["post-1011","page","type-page","status-publish","hentry"],"aioseo_notices":[],"_links":{"self":[{"href":"https:\/\/www.cpcm03.fr\/index.php?rest_route=\/wp\/v2\/pages\/1011","targetHints":{"allow":["GET"]}}],"collection":[{"href":"https:\/\/www.cpcm03.fr\/index.php?rest_route=\/wp\/v2\/pages"}],"about":[{"href":"https:\/\/www.cpcm03.fr\/index.php?rest_route=\/wp\/v2\/types\/page"}],"author":[{"embeddable":true,"href":"https:\/\/www.cpcm03.fr\/index.php?rest_route=\/wp\/v2\/users\/1"}],"replies":[{"embeddable":true,"href":"https:\/\/www.cpcm03.fr\/index.php?rest_route=%2Fwp%2Fv2%2Fcomments&post=1011"}],"version-history":[{"count":10,"href":"https:\/\/www.cpcm03.fr\/index.php?rest_route=\/wp\/v2\/pages\/1011\/revisions"}],"predecessor-version":[{"id":7151,"href":"https:\/\/www.cpcm03.fr\/index.php?rest_route=\/wp\/v2\/pages\/1011\/revisions\/7151"}],"wp:attachment":[{"href":"https:\/\/www.cpcm03.fr\/index.php?rest_route=%2Fwp%2Fv2%2Fmedia&parent=1011"}],"curies":[{"name":"wp","href":"https:\/\/api.w.org\/{rel}","templated":true}]}}