{"id":1866,"date":"2020-06-25T18:19:19","date_gmt":"2020-06-25T16:19:19","guid":{"rendered":"http:\/\/www.cpcm03.fr\/?page_id=1866"},"modified":"2020-06-25T18:40:23","modified_gmt":"2020-06-25T16:40:23","slug":"expo-numerid-n7","status":"publish","type":"page","link":"https:\/\/www.cpcm03.fr\/?page_id=1866","title":{"rendered":"Expo Num\u00e9rid N\u00b07"},"content":{"rendered":"\n<p class=\"has-text-color has-drop-cap has-dark-red-color\"><a href=\"http:\/\/page43.html\/\">Samedi matin 15 mars 2019 avait lieu le vernissage de l&rsquo;expo<strong>\u00a0p<\/strong>hoto Num\u00e9rid de Montvicq \u00a0\u00bb Rencontres Photos N\u00b0 7 \u00a0\u00bb d\u00e9localis\u00e9e cette ann\u00e9e \u00e0 La Celle charmante petite commune proche de Commentry.<\/a><br><a href=\"http:\/\/page43.html\/\">On devait noter \u00e0 cette sympathique r\u00e9ception organis\u00e9e par la Mairie de La Celle une pr\u00e9sence en force du CPCM03 qui lui aussi participe \u00e0 cette exposition en pr\u00e9sentant quelques unes de ses photos.<\/a><\/p>\n\n\n\n<figure class=\"wp-block-image size-large\"><img loading=\"lazy\" decoding=\"async\" width=\"800\" height=\"530\" src=\"http:\/\/www.cpcm03.fr\/wp-content\/uploads\/2020\/06\/Expo-La-Celle-DSC_0862-800x530.jpg\" alt=\"\" class=\"wp-image-1870\" srcset=\"https:\/\/www.cpcm03.fr\/wp-content\/uploads\/2020\/06\/Expo-La-Celle-DSC_0862-800x530.jpg 800w, https:\/\/www.cpcm03.fr\/wp-content\/uploads\/2020\/06\/Expo-La-Celle-DSC_0862-300x199.jpg 300w, https:\/\/www.cpcm03.fr\/wp-content\/uploads\/2020\/06\/Expo-La-Celle-DSC_0862-768x509.jpg 768w, https:\/\/www.cpcm03.fr\/wp-content\/uploads\/2020\/06\/Expo-La-Celle-DSC_0862.jpg 900w\" sizes=\"auto, (max-width: 800px) 100vw, 800px\" \/><\/figure>\n\n\n\n<figure class=\"wp-block-image size-large\"><img loading=\"lazy\" decoding=\"async\" width=\"800\" height=\"530\" src=\"http:\/\/www.cpcm03.fr\/wp-content\/uploads\/2020\/06\/Expo-La-Celle-DSC_0864-800x530.jpg\" alt=\"\" class=\"wp-image-1871\" srcset=\"https:\/\/www.cpcm03.fr\/wp-content\/uploads\/2020\/06\/Expo-La-Celle-DSC_0864-800x530.jpg 800w, https:\/\/www.cpcm03.fr\/wp-content\/uploads\/2020\/06\/Expo-La-Celle-DSC_0864-300x199.jpg 300w, https:\/\/www.cpcm03.fr\/wp-content\/uploads\/2020\/06\/Expo-La-Celle-DSC_0864-768x509.jpg 768w, https:\/\/www.cpcm03.fr\/wp-content\/uploads\/2020\/06\/Expo-La-Celle-DSC_0864.jpg 900w\" sizes=\"auto, (max-width: 800px) 100vw, 800px\" \/><\/figure>\n\n\n\n<figure class=\"wp-block-image size-large\"><img loading=\"lazy\" decoding=\"async\" width=\"800\" height=\"516\" src=\"http:\/\/www.cpcm03.fr\/wp-content\/uploads\/2020\/06\/Expo-La-Celle-2019DSC_0844-800x516.jpg\" alt=\"\" class=\"wp-image-1872\" srcset=\"https:\/\/www.cpcm03.fr\/wp-content\/uploads\/2020\/06\/Expo-La-Celle-2019DSC_0844-800x516.jpg 800w, https:\/\/www.cpcm03.fr\/wp-content\/uploads\/2020\/06\/Expo-La-Celle-2019DSC_0844-300x193.jpg 300w, https:\/\/www.cpcm03.fr\/wp-content\/uploads\/2020\/06\/Expo-La-Celle-2019DSC_0844-768x495.jpg 768w, https:\/\/www.cpcm03.fr\/wp-content\/uploads\/2020\/06\/Expo-La-Celle-2019DSC_0844.jpg 900w\" sizes=\"auto, (max-width: 800px) 100vw, 800px\" \/><\/figure>\n\n\n\n<figure class=\"wp-block-image size-large\"><img loading=\"lazy\" decoding=\"async\" width=\"800\" height=\"530\" src=\"http:\/\/www.cpcm03.fr\/wp-content\/uploads\/2020\/06\/Expo-La-Celle-DSC_0847-800x530.jpg\" alt=\"\" class=\"wp-image-1873\" srcset=\"https:\/\/www.cpcm03.fr\/wp-content\/uploads\/2020\/06\/Expo-La-Celle-DSC_0847-800x530.jpg 800w, https:\/\/www.cpcm03.fr\/wp-content\/uploads\/2020\/06\/Expo-La-Celle-DSC_0847-300x199.jpg 300w, https:\/\/www.cpcm03.fr\/wp-content\/uploads\/2020\/06\/Expo-La-Celle-DSC_0847-768x509.jpg 768w, https:\/\/www.cpcm03.fr\/wp-content\/uploads\/2020\/06\/Expo-La-Celle-DSC_0847.jpg 900w\" sizes=\"auto, (max-width: 800px) 100vw, 800px\" \/><\/figure>\n\n\n\n<figure class=\"wp-block-image size-large\"><img loading=\"lazy\" decoding=\"async\" width=\"800\" height=\"530\" src=\"http:\/\/www.cpcm03.fr\/wp-content\/uploads\/2020\/06\/Expo-La-Celle-DSC_0855-800x530.jpg\" alt=\"\" class=\"wp-image-1874\" srcset=\"https:\/\/www.cpcm03.fr\/wp-content\/uploads\/2020\/06\/Expo-La-Celle-DSC_0855-800x530.jpg 800w, https:\/\/www.cpcm03.fr\/wp-content\/uploads\/2020\/06\/Expo-La-Celle-DSC_0855-300x199.jpg 300w, https:\/\/www.cpcm03.fr\/wp-content\/uploads\/2020\/06\/Expo-La-Celle-DSC_0855-768x509.jpg 768w, https:\/\/www.cpcm03.fr\/wp-content\/uploads\/2020\/06\/Expo-La-Celle-DSC_0855.jpg 900w\" sizes=\"auto, (max-width: 800px) 100vw, 800px\" \/><\/figure>\n\n\n\n<figure class=\"wp-block-image size-large\"><img loading=\"lazy\" decoding=\"async\" width=\"800\" height=\"530\" src=\"http:\/\/www.cpcm03.fr\/wp-content\/uploads\/2020\/06\/Expo-La-Celle-DSC_0858-800x530.jpg\" alt=\"\" class=\"wp-image-1875\" srcset=\"https:\/\/www.cpcm03.fr\/wp-content\/uploads\/2020\/06\/Expo-La-Celle-DSC_0858-800x530.jpg 800w, https:\/\/www.cpcm03.fr\/wp-content\/uploads\/2020\/06\/Expo-La-Celle-DSC_0858-300x199.jpg 300w, https:\/\/www.cpcm03.fr\/wp-content\/uploads\/2020\/06\/Expo-La-Celle-DSC_0858-768x509.jpg 768w, https:\/\/www.cpcm03.fr\/wp-content\/uploads\/2020\/06\/Expo-La-Celle-DSC_0858.jpg 900w\" sizes=\"auto, (max-width: 800px) 100vw, 800px\" \/><\/figure>\n\n\n\n<figure class=\"wp-block-image size-large\"><img loading=\"lazy\" decoding=\"async\" width=\"800\" height=\"530\" src=\"http:\/\/www.cpcm03.fr\/wp-content\/uploads\/2020\/06\/Expo-La-Celle-DSC_0859-800x530.jpg\" alt=\"\" class=\"wp-image-1876\" srcset=\"https:\/\/www.cpcm03.fr\/wp-content\/uploads\/2020\/06\/Expo-La-Celle-DSC_0859-800x530.jpg 800w, https:\/\/www.cpcm03.fr\/wp-content\/uploads\/2020\/06\/Expo-La-Celle-DSC_0859-300x199.jpg 300w, https:\/\/www.cpcm03.fr\/wp-content\/uploads\/2020\/06\/Expo-La-Celle-DSC_0859-768x509.jpg 768w, https:\/\/www.cpcm03.fr\/wp-content\/uploads\/2020\/06\/Expo-La-Celle-DSC_0859.jpg 900w\" sizes=\"auto, (max-width: 800px) 100vw, 800px\" \/><\/figure>\n","protected":false},"excerpt":{"rendered":"<p>Samedi matin 15 mars 2019 avait lieu le vernissage de l&rsquo;expo\u00a0photo Num\u00e9rid de Montvicq \u00a0\u00bb Rencontres Photos N\u00b0 7 \u00a0\u00bb d\u00e9localis\u00e9e cette ann\u00e9e \u00e0 La Celle charmante petite commune proche de Commentry.On devait noter \u00e0 cette sympathique r\u00e9ception organis\u00e9e par la Mairie de La Celle une pr\u00e9sence en force du CPCM03 qui lui aussi participe [&hellip;]<\/p>\n","protected":false},"author":1,"featured_media":0,"parent":0,"menu_order":0,"comment_status":"closed","ping_status":"closed","template":"","meta":{"_bbp_topic_count":0,"_bbp_reply_count":0,"_bbp_total_topic_count":0,"_bbp_total_reply_count":0,"_bbp_voice_count":0,"_bbp_anonymous_reply_count":0,"_bbp_topic_count_hidden":0,"_bbp_reply_count_hidden":0,"_bbp_forum_subforum_count":0,"om_disable_all_campaigns":false,"_monsterinsights_skip_tracking":false,"_monsterinsights_sitenote_active":false,"_monsterinsights_sitenote_note":"","_monsterinsights_sitenote_category":0,"_uf_show_specific_survey":0,"_uf_disable_surveys":false,"footnotes":""},"class_list":["post-1866","page","type-page","status-publish","hentry"],"aioseo_notices":[],"_links":{"self":[{"href":"https:\/\/www.cpcm03.fr\/index.php?rest_route=\/wp\/v2\/pages\/1866","targetHints":{"allow":["GET"]}}],"collection":[{"href":"https:\/\/www.cpcm03.fr\/index.php?rest_route=\/wp\/v2\/pages"}],"about":[{"href":"https:\/\/www.cpcm03.fr\/index.php?rest_route=\/wp\/v2\/types\/page"}],"author":[{"embeddable":true,"href":"https:\/\/www.cpcm03.fr\/index.php?rest_route=\/wp\/v2\/users\/1"}],"replies":[{"embeddable":true,"href":"https:\/\/www.cpcm03.fr\/index.php?rest_route=%2Fwp%2Fv2%2Fcomments&post=1866"}],"version-history":[{"count":3,"href":"https:\/\/www.cpcm03.fr\/index.php?rest_route=\/wp\/v2\/pages\/1866\/revisions"}],"predecessor-version":[{"id":1877,"href":"https:\/\/www.cpcm03.fr\/index.php?rest_route=\/wp\/v2\/pages\/1866\/revisions\/1877"}],"wp:attachment":[{"href":"https:\/\/www.cpcm03.fr\/index.php?rest_route=%2Fwp%2Fv2%2Fmedia&parent=1866"}],"curies":[{"name":"wp","href":"https:\/\/api.w.org\/{rel}","templated":true}]}}