{"id":1978,"date":"2020-07-28T17:22:37","date_gmt":"2020-07-28T15:22:37","guid":{"rendered":"http:\/\/www.cpcm03.fr\/?page_id=1978"},"modified":"2022-04-20T10:10:57","modified_gmt":"2022-04-20T08:10:57","slug":"expos-photo","status":"publish","type":"page","link":"https:\/\/www.cpcm03.fr\/?page_id=1978","title":{"rendered":"Expos Photo"},"content":{"rendered":"\n<figure class=\"wp-block-image size-large\"><img loading=\"lazy\" decoding=\"async\" width=\"800\" height=\"450\" src=\"http:\/\/www.cpcm03.fr\/wp-content\/uploads\/2022\/04\/Expo-MJC-jpg-800x450.jpg\" alt=\"\" class=\"wp-image-4385\" srcset=\"https:\/\/www.cpcm03.fr\/wp-content\/uploads\/2022\/04\/Expo-MJC-jpg-800x450.jpg 800w, https:\/\/www.cpcm03.fr\/wp-content\/uploads\/2022\/04\/Expo-MJC-jpg-300x169.jpg 300w, https:\/\/www.cpcm03.fr\/wp-content\/uploads\/2022\/04\/Expo-MJC-jpg-768x432.jpg 768w, https:\/\/www.cpcm03.fr\/wp-content\/uploads\/2022\/04\/Expo-MJC-jpg.jpg 1000w\" sizes=\"auto, (max-width: 800px) 100vw, 800px\" \/><\/figure>\n\n\n\n<p><\/p>\n\n\n\n<p class=\"has-text-align-center\">******<\/p>\n\n\n\n<figure class=\"wp-block-image size-large\"><img loading=\"lazy\" decoding=\"async\" width=\"561\" height=\"800\" src=\"http:\/\/www.cpcm03.fr\/wp-content\/uploads\/2022\/04\/Aquarelle-2022--561x800.jpg\" alt=\"\" class=\"wp-image-4382\" srcset=\"https:\/\/www.cpcm03.fr\/wp-content\/uploads\/2022\/04\/Aquarelle-2022--561x800.jpg 561w, https:\/\/www.cpcm03.fr\/wp-content\/uploads\/2022\/04\/Aquarelle-2022--210x300.jpg 210w, https:\/\/www.cpcm03.fr\/wp-content\/uploads\/2022\/04\/Aquarelle-2022-.jpg 631w\" sizes=\"auto, (max-width: 561px) 100vw, 561px\" \/><\/figure>\n\n\n\n<p><\/p>\n\n\n\n<p class=\"has-text-align-center\">******<\/p>\n\n\n\n<figure class=\"wp-block-image size-large\"><img loading=\"lazy\" decoding=\"async\" width=\"566\" height=\"800\" src=\"http:\/\/www.cpcm03.fr\/wp-content\/uploads\/2022\/03\/Anne-Greuzat-566x800.jpg\" alt=\"\" class=\"wp-image-4378\" srcset=\"https:\/\/www.cpcm03.fr\/wp-content\/uploads\/2022\/03\/Anne-Greuzat-566x800.jpg 566w, https:\/\/www.cpcm03.fr\/wp-content\/uploads\/2022\/03\/Anne-Greuzat-212x300.jpg 212w, https:\/\/www.cpcm03.fr\/wp-content\/uploads\/2022\/03\/Anne-Greuzat-768x1086.jpg 768w, https:\/\/www.cpcm03.fr\/wp-content\/uploads\/2022\/03\/Anne-Greuzat-1086x1536.jpg 1086w, https:\/\/www.cpcm03.fr\/wp-content\/uploads\/2022\/03\/Anne-Greuzat-1200x1697.jpg 1200w, https:\/\/www.cpcm03.fr\/wp-content\/uploads\/2022\/03\/Anne-Greuzat.jpg 1448w\" sizes=\"auto, (max-width: 566px) 100vw, 566px\" \/><\/figure>\n\n\n\n<p class=\"has-text-align-center\">******<\/p>\n\n\n\n<figure class=\"wp-block-image size-large\"><img loading=\"lazy\" decoding=\"async\" width=\"800\" height=\"566\" src=\"http:\/\/www.cpcm03.fr\/wp-content\/uploads\/2022\/04\/Flyer-La-Celette--800x566.jpg\" alt=\"\" class=\"wp-image-4402\" srcset=\"https:\/\/www.cpcm03.fr\/wp-content\/uploads\/2022\/04\/Flyer-La-Celette--800x566.jpg 800w, https:\/\/www.cpcm03.fr\/wp-content\/uploads\/2022\/04\/Flyer-La-Celette--300x212.jpg 300w, https:\/\/www.cpcm03.fr\/wp-content\/uploads\/2022\/04\/Flyer-La-Celette--768x544.jpg 768w, https:\/\/www.cpcm03.fr\/wp-content\/uploads\/2022\/04\/Flyer-La-Celette-.jpg 1000w\" sizes=\"auto, (max-width: 800px) 100vw, 800px\" \/><\/figure>\n\n\n\n<p class=\"has-text-align-center\">******<\/p>\n\n\n\n<figure class=\"wp-block-image size-large is-resized\"><img loading=\"lazy\" decoding=\"async\" src=\"http:\/\/www.cpcm03.fr\/wp-content\/uploads\/2022\/03\/Orangerie-EXPO--796x800.jpg\" alt=\"\" class=\"wp-image-4325\" width=\"593\" height=\"596\" srcset=\"https:\/\/www.cpcm03.fr\/wp-content\/uploads\/2022\/03\/Orangerie-EXPO--796x800.jpg 796w, https:\/\/www.cpcm03.fr\/wp-content\/uploads\/2022\/03\/Orangerie-EXPO--150x150.jpg 150w, https:\/\/www.cpcm03.fr\/wp-content\/uploads\/2022\/03\/Orangerie-EXPO--768x772.jpg 768w, https:\/\/www.cpcm03.fr\/wp-content\/uploads\/2022\/03\/Orangerie-EXPO-.jpg 800w\" sizes=\"auto, (max-width: 593px) 100vw, 593px\" \/><\/figure>\n\n\n\n<p class=\"has-text-align-center\">La prochaine Exposition Photo du CPCM03 <\/p>\n\n\n\n<p class=\"has-text-align-center\">avec le soutien de la Ville de Montlu\u00e7on aura lieu du samedi 2 juillet au dimanche 10 juillet 2022, Villa  Louvi\u00e8re 30 avenue de l&rsquo;Est \u00e0 Montlu\u00e7on. <\/p>\n\n\n\n\n\n<p><\/p>\n","protected":false},"excerpt":{"rendered":"<p>****** ****** ****** ****** La prochaine Exposition Photo du CPCM03 avec le soutien de la Ville de Montlu\u00e7on aura lieu du samedi 2 juillet au dimanche 10 juillet 2022, Villa Louvi\u00e8re 30 avenue de l&rsquo;Est \u00e0 Montlu\u00e7on.<\/p>\n","protected":false},"author":1,"featured_media":0,"parent":0,"menu_order":0,"comment_status":"closed","ping_status":"closed","template":"","meta":{"_bbp_topic_count":0,"_bbp_reply_count":0,"_bbp_total_topic_count":0,"_bbp_total_reply_count":0,"_bbp_voice_count":0,"_bbp_anonymous_reply_count":0,"_bbp_topic_count_hidden":0,"_bbp_reply_count_hidden":0,"_bbp_forum_subforum_count":0,"om_disable_all_campaigns":false,"_monsterinsights_skip_tracking":false,"_monsterinsights_sitenote_active":false,"_monsterinsights_sitenote_note":"","_monsterinsights_sitenote_category":0,"_uf_show_specific_survey":0,"_uf_disable_surveys":false,"footnotes":""},"class_list":["post-1978","page","type-page","status-publish","hentry"],"aioseo_notices":[],"_links":{"self":[{"href":"https:\/\/www.cpcm03.fr\/index.php?rest_route=\/wp\/v2\/pages\/1978","targetHints":{"allow":["GET"]}}],"collection":[{"href":"https:\/\/www.cpcm03.fr\/index.php?rest_route=\/wp\/v2\/pages"}],"about":[{"href":"https:\/\/www.cpcm03.fr\/index.php?rest_route=\/wp\/v2\/types\/page"}],"author":[{"embeddable":true,"href":"https:\/\/www.cpcm03.fr\/index.php?rest_route=\/wp\/v2\/users\/1"}],"replies":[{"embeddable":true,"href":"https:\/\/www.cpcm03.fr\/index.php?rest_route=%2Fwp%2Fv2%2Fcomments&post=1978"}],"version-history":[{"count":97,"href":"https:\/\/www.cpcm03.fr\/index.php?rest_route=\/wp\/v2\/pages\/1978\/revisions"}],"predecessor-version":[{"id":4404,"href":"https:\/\/www.cpcm03.fr\/index.php?rest_route=\/wp\/v2\/pages\/1978\/revisions\/4404"}],"wp:attachment":[{"href":"https:\/\/www.cpcm03.fr\/index.php?rest_route=%2Fwp%2Fv2%2Fmedia&parent=1978"}],"curies":[{"name":"wp","href":"https:\/\/api.w.org\/{rel}","templated":true}]}}