{"id":1992,"date":"2020-07-30T18:53:27","date_gmt":"2020-07-30T16:53:27","guid":{"rendered":"http:\/\/www.cpcm03.fr\/?page_id=1992"},"modified":"2023-09-25T20:46:31","modified_gmt":"2023-09-25T18:46:31","slug":"sortie-en-creuse","status":"publish","type":"page","link":"https:\/\/www.cpcm03.fr\/?page_id=1992","title":{"rendered":"Sortie Photo"},"content":{"rendered":"\n<p class=\"has-drop-cap\">Nouvelle sortie au Domaine de La Ganne \u00e0 Pr\u00e9milhat le samedi 20 ao\u00fbt 2022.<\/p>\n\n\n\n<p class=\"has-text-align-center\">******<\/p>\n\n\n\n<p class=\"has-drop-cap\">Nouvelle sortie en Creuse \u00e0 La Ferme des Clautres le samedi 24 juillet 2021.<\/p>\n\n\n\n<p class=\"has-text-align-center\">***<\/p>\n\n\n\n<p class=\"has-drop-cap\"><span style=\"color:#00a33c\" class=\"color\">S<strong>ortie Photo en Creuse, \u00e0 la Ferme des Clautres le samedi 19 juin 2021<\/strong><\/span><\/p>\n\n\n\n<p class=\"has-text-align-center\">***<\/p>\n\n\n\n<p>Ce sont 9 adh\u00e9rents qui se sont retrouv\u00e9s au parc animalier de la Ferme des Clautres le matin \u00e0 partir de 10h.<\/p>\n\n\n\n<p class=\"has-text-align-center\">***<\/p>\n\n\n\n<h3 class=\"wp-block-heading has-bright-blue-color has-text-color\">S<strong>ortie photo en Creuse<\/strong>, Samedi 25 juillet 2020<\/h3>\n\n\n\n<p>Six participants du CPCM03 avaient r\u00e9pondu pr\u00e9sents pour une sortie photo journali\u00e8re en Creuse.<\/p>\n\n\n\n<p class=\"has-dark-gray-color has-text-color\"><strong>Boussac<\/strong><\/p>\n\n\n\n<figure class=\"wp-block-image size-large\"><img loading=\"lazy\" decoding=\"async\" width=\"800\" height=\"530\" src=\"http:\/\/www.cpcm03.fr\/wp-content\/uploads\/2020\/07\/Boussac-Site-DSC0259-800x530.jpg\" alt=\"\" class=\"wp-image-2008\" srcset=\"https:\/\/www.cpcm03.fr\/wp-content\/uploads\/2020\/07\/Boussac-Site-DSC0259-800x530.jpg 800w, https:\/\/www.cpcm03.fr\/wp-content\/uploads\/2020\/07\/Boussac-Site-DSC0259-300x199.jpg 300w, https:\/\/www.cpcm03.fr\/wp-content\/uploads\/2020\/07\/Boussac-Site-DSC0259-768x509.jpg 768w, https:\/\/www.cpcm03.fr\/wp-content\/uploads\/2020\/07\/Boussac-Site-DSC0259.jpg 900w\" sizes=\"auto, (max-width: 800px) 100vw, 800px\" \/><\/figure>\n\n\n\n<p>Le Rendez Vous fix\u00e9 \u00e0 Boussac, Place de la mairie \u00e0 10h, commen\u00e7ait par un d\u00e9part \u00e0 pied dans la vieille ville, maison \u00e0 tourelles, vieilles portes, maisons bourgeoises, vue panoramique sur le village de Gouby depuis le petit jardin public, contournement du Vieux Ch\u00e2teau avec descente en bordure de la Petite Creuse, ancien moulin et sa roue \u00e0 aubes souffrante puis passage sur la petite passerelle. Quelques minutes sur le vieux pont du XV\u00e8me si\u00e8cle et aux abords de l\u2019ancien moulin Ferr\u00e9, avant une remont\u00e9e par la Rue des Rochers, avec la vue d\u00e9gag\u00e9e sur le magnifique Ch\u00e2teau de Boussac.<br>Cette premi\u00e8re mise en jambes ramenait tout ce petit monde au point de<br>d\u00e9part, il \u00e9tait 12 h15.<\/p>\n\n\n\n<p><strong>L\u2019\u00e9tang du Montet<\/strong><\/p>\n\n\n\n<figure class=\"wp-block-image size-large\"><img loading=\"lazy\" decoding=\"async\" width=\"800\" height=\"223\" src=\"http:\/\/www.cpcm03.fr\/wp-content\/uploads\/2020\/07\/Panorama-Montet-site--800x223.jpg\" alt=\"\" class=\"wp-image-2006\" srcset=\"https:\/\/www.cpcm03.fr\/wp-content\/uploads\/2020\/07\/Panorama-Montet-site--800x223.jpg 800w, https:\/\/www.cpcm03.fr\/wp-content\/uploads\/2020\/07\/Panorama-Montet-site--300x84.jpg 300w, https:\/\/www.cpcm03.fr\/wp-content\/uploads\/2020\/07\/Panorama-Montet-site--768x214.jpg 768w, https:\/\/www.cpcm03.fr\/wp-content\/uploads\/2020\/07\/Panorama-Montet-site-.jpg 900w\" sizes=\"auto, (max-width: 800px) 100vw, 800px\" \/><\/figure>\n\n\n\n<p>Aussit\u00f4t, tout le monde se v\u00e9hiculait \u00e0<strong>&nbsp;l\u2019\u00e9tang du Montet<\/strong>&nbsp;de Boussac, \u00e0<br>seulement quelques centaines de m\u00e8tres. Mise en situation pour un bon<br>pique nique respectueux des r\u00e8gles sanitaires, un bon moment de d\u00e9tente,<br>de rigolades, avec des victuailles appr\u00e9ci\u00e9es de tous.<br>Ensuite le magnifique plan d\u2019eau invitait \u00e0 la digestion, et \u00e0 se d\u00e9gourdir les<br>jambes dans un espace fort agr\u00e9able et paisible \u00e0 souhait, appareils photo en<br>main bien sur.<\/p>\n\n\n\n<p><strong>Les Pierres Jaum\u00e2tres, une curiosit\u00e9 g\u00e9ologique en Creuse<\/strong>,<strong>&nbsp;Vid\u00e9o ICI&nbsp;<a href=\"https:\/\/www.youtube.com\/watch?v=4IiPbXCUmxs\">https:\/\/www.youtube.com\/watch?v=4IiPbXCUmxs<\/a><\/strong><\/p>\n\n\n\n<figure class=\"wp-block-image size-large\"><img loading=\"lazy\" decoding=\"async\" width=\"800\" height=\"533\" src=\"http:\/\/www.cpcm03.fr\/wp-content\/uploads\/2020\/07\/Groupe-Pierres-DSC_4688-1-800x533.jpg\" alt=\"\" class=\"wp-image-2014\" srcset=\"https:\/\/www.cpcm03.fr\/wp-content\/uploads\/2020\/07\/Groupe-Pierres-DSC_4688-1-800x533.jpg 800w, https:\/\/www.cpcm03.fr\/wp-content\/uploads\/2020\/07\/Groupe-Pierres-DSC_4688-1-300x200.jpg 300w, https:\/\/www.cpcm03.fr\/wp-content\/uploads\/2020\/07\/Groupe-Pierres-DSC_4688-1-768x512.jpg 768w, https:\/\/www.cpcm03.fr\/wp-content\/uploads\/2020\/07\/Groupe-Pierres-DSC_4688-1.jpg 900w\" sizes=\"auto, (max-width: 800px) 100vw, 800px\" \/><\/figure>\n\n\n\n<p>Situ\u00e9 \u00e0 environ 3Km du village de Toulx-Sainte-Croix, le site des Pierres<br>Jaum\u00e2tres offre une balade originale et tr\u00e8s agr\u00e9able. Des am\u00e9nagements<br>ont \u00e9t\u00e9 r\u00e9alis\u00e9s afin de faciliter l\u2019acc\u00e8s aux sentiers. On peut y d\u00e9couvrir<br>d\u2019immenses amas de granit, avec des formes bien particuli\u00e8res. Certaines<br>pierres semblent tout juste tenir en \u00e9quilibre, un bon moyen de prendre de<br>l\u2019\u00e9nergie devant ces mastodontes inertes depuis des si\u00e8cles.<br>De ce site culminant \u00e0 environ 600 m\u00e8tres d\u2019altitude, on peut, \u00e0 certains<br>endroits, parfois en escaladant des blocs de granit, observer de magnifiques<br>panoramas sur Boussac et la Creuse.<\/p>\n\n\n\n<p><strong>Toulx Sainte Croix<\/strong><\/p>\n\n\n\n<figure class=\"wp-block-image size-large\"><img loading=\"lazy\" decoding=\"async\" width=\"800\" height=\"554\" src=\"http:\/\/www.cpcm03.fr\/wp-content\/uploads\/2020\/07\/Lavoir-Site-P1360475-800x554.jpg\" alt=\"\" class=\"wp-image-2010\" srcset=\"https:\/\/www.cpcm03.fr\/wp-content\/uploads\/2020\/07\/Lavoir-Site-P1360475-800x554.jpg 800w, https:\/\/www.cpcm03.fr\/wp-content\/uploads\/2020\/07\/Lavoir-Site-P1360475-300x208.jpg 300w, https:\/\/www.cpcm03.fr\/wp-content\/uploads\/2020\/07\/Lavoir-Site-P1360475-768x532.jpg 768w, https:\/\/www.cpcm03.fr\/wp-content\/uploads\/2020\/07\/Lavoir-Site-P1360475.jpg 900w\" sizes=\"auto, (max-width: 800px) 100vw, 800px\" \/><\/figure>\n\n\n\n<p>Le dernier morceau de la journ\u00e9e \u00e9tait assez charg\u00e9,&nbsp;<strong>Toulx Sainte Croix&nbsp;<\/strong>\u00e0<br>656 m d\u2019altitude avec son \u00e9glise, s\u00e9par\u00e9e de son clocher, et en point d\u2019orgue : &nbsp;\u00bb le phare \u00ab&nbsp;, ou la tour d\u2019orientation qui offre un panorama \u00e0 360\u00b0 sur 7 d\u00e9partements, apr\u00e8s avoir gravi les 74 marches et une vue imprenable sur<br>le Puy-de-D\u00f4me. De quoi prendre une bonne bouff\u00e9e d\u2019air frais, malgr\u00e9, en<br>ce juillet 2020, le port du masque sanitaire, Covid 19 oblige.<br>La visite des fouilles de l\u2019ancienne chapelle Saint Martial et de l\u2019ancien cimeti\u00e8re n\u2019a pas \u00e9t\u00e9 occult\u00e9e. Plus loin, des lavoirs, en particulier celui<br>d\u2019hiver en contre-bas du village. L\u2019acc\u00e8s se m\u00e9rite par une petite rando en<br>pleine nature, avec un beau d\u00e9nivel\u00e9 sur un sentier pierreux.<br>Il est \u00e0 souligner l\u2019excellence des travaux de restauration de ces sites, les<br>ma\u00e7ons de la Creuse ont vraiment l\u2019art et la mani\u00e8re de jongler avec les<br>pierres.<br>Apr\u00e8s ce dernier p\u00e9riple, le retour au village de Toulx \u00e9tait mis \u00e0 profit pour un<br>petit encas bien m\u00e9rit\u00e9, dans une ambiance des plus conviviales.<\/p>\n\n\n\n<p>Au final, le groupe devait se r\u00e9soudre \u00e0 quitter \u00e0 regret les terres Creusoises<br>aux alentours de 19h10.<\/p>\n\n\n\n<p>Une vid\u00e9o qui retrace tous nos points de notre sortie photo ICI :&nbsp;<a href=\"https:\/\/www.youtube.com\/watch?v=rJj2-ePMd3Y\">https:\/\/www.youtube.com\/watch?v=rJj2-ePMd3Y<\/a><\/p>\n\n\n\n<p><strong>Conclusion<\/strong><\/p>\n\n\n\n<p>Une bien belle sortie photo sous un beau soleil, et par une<br>temp\u00e9rature fort agr\u00e9able que B\u00e9n\u00e9dicte \u2013 Christine M. \u2013 Claudine \u2013 Patricia \u2013<br>Pierre et Antoine ont unanimement appr\u00e9ci\u00e9.<\/p>\n\n\n\n<p>De tr\u00e8s nombreuses photos ont \u00e9t\u00e9 prises, il faut maintenant faire le tri,<br>affaire \u00e0 suivre\u2026<\/p>\n","protected":false},"excerpt":{"rendered":"<p>Nouvelle sortie au Domaine de La Ganne \u00e0 Pr\u00e9milhat le samedi 20 ao\u00fbt 2022. ****** Nouvelle sortie en Creuse \u00e0 La Ferme des Clautres le samedi 24 juillet 2021. *** Sortie Photo en Creuse, \u00e0 la Ferme des Clautres le samedi 19 juin 2021 *** Ce sont 9 adh\u00e9rents qui se sont retrouv\u00e9s au parc [&hellip;]<\/p>\n","protected":false},"author":1,"featured_media":0,"parent":0,"menu_order":0,"comment_status":"closed","ping_status":"closed","template":"","meta":{"_bbp_topic_count":0,"_bbp_reply_count":0,"_bbp_total_topic_count":0,"_bbp_total_reply_count":0,"_bbp_voice_count":0,"_bbp_anonymous_reply_count":0,"_bbp_topic_count_hidden":0,"_bbp_reply_count_hidden":0,"_bbp_forum_subforum_count":0,"om_disable_all_campaigns":false,"_monsterinsights_skip_tracking":false,"_monsterinsights_sitenote_active":false,"_monsterinsights_sitenote_note":"","_monsterinsights_sitenote_category":0,"_uf_show_specific_survey":0,"_uf_disable_surveys":false,"footnotes":""},"class_list":["post-1992","page","type-page","status-publish","hentry"],"aioseo_notices":[],"_links":{"self":[{"href":"https:\/\/www.cpcm03.fr\/index.php?rest_route=\/wp\/v2\/pages\/1992","targetHints":{"allow":["GET"]}}],"collection":[{"href":"https:\/\/www.cpcm03.fr\/index.php?rest_route=\/wp\/v2\/pages"}],"about":[{"href":"https:\/\/www.cpcm03.fr\/index.php?rest_route=\/wp\/v2\/types\/page"}],"author":[{"embeddable":true,"href":"https:\/\/www.cpcm03.fr\/index.php?rest_route=\/wp\/v2\/users\/1"}],"replies":[{"embeddable":true,"href":"https:\/\/www.cpcm03.fr\/index.php?rest_route=%2Fwp%2Fv2%2Fcomments&post=1992"}],"version-history":[{"count":11,"href":"https:\/\/www.cpcm03.fr\/index.php?rest_route=\/wp\/v2\/pages\/1992\/revisions"}],"predecessor-version":[{"id":5382,"href":"https:\/\/www.cpcm03.fr\/index.php?rest_route=\/wp\/v2\/pages\/1992\/revisions\/5382"}],"wp:attachment":[{"href":"https:\/\/www.cpcm03.fr\/index.php?rest_route=%2Fwp%2Fv2%2Fmedia&parent=1992"}],"curies":[{"name":"wp","href":"https:\/\/api.w.org\/{rel}","templated":true}]}}