{"id":2027,"date":"2020-08-01T13:35:43","date_gmt":"2020-08-01T11:35:43","guid":{"rendered":"http:\/\/www.cpcm03.fr\/?page_id=2027"},"modified":"2023-09-24T22:34:36","modified_gmt":"2023-09-24T20:34:36","slug":"articles-techniques","status":"publish","type":"page","link":"https:\/\/www.cpcm03.fr\/?page_id=2027","title":{"rendered":"Articles techniques"},"content":{"rendered":"\n<p><a href=\"Http:\/\/vivre-de-la-photo.fr\/\">Http:\/\/vivre-de-la-photo.fr\/<\/a><\/p>\n\n\n\n<p><a href=\"https:\/\/www.photoshoplus.fr\/\">Diff\u00e9rents tutoriels sur Photoshop etc\u2026 etc\u2026<\/a><\/p>\n\n\n\n<p>B<a href=\"https:\/\/apprendre-la-photo.fr\/category\/materiel\/\">ien choisir son mat\u00e9riel<\/a><\/p>\n\n\n\n<p><a href=\"https:\/\/photo-technique.com\/100-trucs-essentiels-en-photographie\/\">100 trucs essentiels en photographie<\/a><\/p>\n\n\n\n<p><a href=\"https:\/\/www.nikonpassion.com\/composition-photographie-24-conseils-faire-meilleures-photos\/\">La composition en photo<\/a><\/p>\n\n\n\n<p><\/p>\n\n\n\n<div class=\"wp-block-file\"><a href=\"http:\/\/www.cpcm03.fr\/wp-content\/uploads\/2020\/06\/52-fiches-photo_compressed-2.pdf\" class=\"wp-block-file__button wp-element-button\" download><\/a><\/div>\n\n\n\n<h1 class=\"wp-block-heading\"><a href=\"https:\/\/el2.convertkit-mail.com\/c\/92uvxelo5kinhnr2vvh9\/6qhehou233w3kq\/aHR0cHM6Ly9uaWNvbGFzY3JvY2UuY29tL2xhLWNvbXBvc2l0aW9uLXVuZS1hZmZhaXJlLWRlLWJvbi1zZW5zLw==\" target=\"_blank\" rel=\"noreferrer noopener\">La composition : une affaire de bon sens<\/a><\/h1>\n\n\n\n<p>Correctement composer une photo est simple et fait avant tout appel au bon sens.<\/p>\n\n\n\n<p>Prenez une table et quelques objets en verre \u00e0 installer dessus. Si vous les posez juste au bord de la table, vous aurez peur qu\u2019ils tombent. La composition repose sur les m\u00eames principes. Si vous collez tous les \u00e9l\u00e9ments d\u2019une photo au bord du cadre, tous du m\u00eame c\u00f4t\u00e9, vous obtiendrez une composition d\u00e9s\u00e9quilibr\u00e9e.<\/p>\n\n\n\n<p>Maintenant, dans la r\u00e9alit\u00e9, que feriez-vous si vous deviez disposer librement ces objets en verre sur une petite table ronde ? La plupart des gens les poseraient au centre de la table. Sur une photo, vous pouvez \u00e9galement installer votre sujet en plein centre de votre cadre. Votre sujet sera bien visible, mais c\u2019est la composition que tout le monde tend \u00e0 faire naturellement sans r\u00e9fl\u00e9chir. En d\u2019autres termes, c\u2019est efficace mais ennuyeux, banal\u2026<\/p>\n\n\n\n<p>Pour une composition harmonieuse mais pas ennuyeuse, le mieux serait alors de d\u00e9centrer l\u00e9g\u00e8rement votre sujet. Donc, si je r\u00e9sume :<\/p>\n\n\n\n<ul class=\"wp-block-list\">\n<li>Pas en plein centre, trop ennuyeux ;<\/li>\n\n\n\n<li>Pas trop pr\u00e8s du bord, trop d\u00e9s\u00e9quilibr\u00e9.<\/li>\n<\/ul>\n\n\n\n<p>Prenons un autre exemple : une amie vient vous rendre visite, elle est assise sur une chaise, \u00e0 la table de votre cuisine. Sur un plateau, tout en discutant, vous pr\u00e9parez une bouteille et deux verres. Vous adorez cette bouteille. Elle pr\u00e9sente de nombreux d\u00e9tails que vous pourriez regarder pendant des heures. Elle a \u00e9t\u00e9 peinte \u00e0 la main par un artisan il y a plus d\u2019un si\u00e8cle. Les verres, eux, n\u2019ont rien d\u2019exceptionnel.<\/p>\n\n\n\n<p>Tout en vous rapprochant de la table, vous expliquez tout cela \u00e0 votre amie, qui semble int\u00e9ress\u00e9e par la bouteille. O\u00f9 la posez-vous ? Et les deux verres ? Vous placez la premi\u00e8re juste devant votre invit\u00e9e, tout pr\u00e8s d\u2019elle, pour qu\u2019elle puisse la contempler, la toucher. Les verres, n\u2019ayant aucun int\u00e9r\u00eat, vous les posez plus loin.<\/p>\n\n\n\n<p>Si vous deviez photographier la bouteille, vous observeriez les m\u00eames principes de bon sens pour r\u00e9ussir votre composition : la bouteille qui est l\u2019\u00e9l\u00e9ment le plus important \u00e0 vos yeux serait plac\u00e9e au centre du cadre, elle en occuperait une grande partie, elle serait parfaitement nette et correctement \u00e9clair\u00e9e. Les verres, quant \u00e0 eux, seraient rel\u00e9gu\u00e9s \u00e0 l\u2019arri\u00e8re-plan, ils seraient plus petits, plus flous et moins lumineux. Une personne qui regarderait votre photo serait alors instinctivement attir\u00e9e par l\u2019\u00e9l\u00e9ment fort de votre image : la bouteille.<\/p>\n\n\n\n<p>Si, au contraire, vous photographiiez votre bouteille avec un verre de part et d\u2019autre, tous align\u00e9s, et avec un cadrage assez large pour qu\u2019on voit la moiti\u00e9 de votre cuisine, votre spectateur ne comprendrait pas que ce sont les d\u00e9tails de la bouteille que vous vouliez mettre en avant. Votre composition serait alors rat\u00e9e, car elle ne guiderait pas l\u2019\u0153il au bon endroit et ne retranscrirait pas le message que vous aviez en t\u00eate.<\/p>\n\n\n\n<p>En regardant cette photo, comment voulez-vous qu\u2019un spectateur comprenne ce que vous voulez lui montrer ?<\/p>\n\n\n\n<p>Ici, votre attention se portera automatiquement sur les d\u00e9tails de la bouteille en verre.<\/p>\n\n\n\n<p>En d\u00e9finissant clairement ce que vous voulez montrer, et en utilisant des techniques de composition, vous pourrez contr\u00f4ler le regard du spectateur. Vous cr\u00e9erez ainsi des images plus int\u00e9ressantes, ayant plus d\u2019impact et qui correspondent mieux \u00e0 ce que vous voulez exprimer.<\/p>\n\n\n\n<p><strong>La composition, c\u2019est aussi simple que \u00e7a : prendre la main de votre spectateur et lui expliquer o\u00f9 il doit regarder.<\/strong><\/p>\n\n\n\n<p>(La composition est un sujet extr\u00eamement important, mais qui fait souvent peur aux photographes d\u00e9butants. Pourtant, avec des explications simples, claires et sans langage technique \u2014 ma sp\u00e9cialit\u00e9, vous le savez \u2014, c\u2019est un sujet abordable et facile \u00e0 comprendre \u2014 m\u00eame si vous d\u00e9butez. Si vous voulez am\u00e9liorer vos photos, vous devez absolument maitriser leur composition et, pour vous y aider, un ensemble de ressources est&nbsp;<a href=\"https:\/\/el2.convertkit-mail.com\/c\/92uvxelo5kinhnr2vvh9\/e0hph0unddedl9\/aHR0cHM6Ly9uaWNvbGFzY3JvY2UuY29tL2NvbXBvc2l0aW9uLXBob3RvLw==\" target=\"_blank\" rel=\"noreferrer noopener\">\u00e0 votre disposition sur mon blog<\/a>. Enfin, pour des progr\u00e8s bien plus rapides, mon livre&nbsp;<a href=\"https:\/\/el2.convertkit-mail.com\/c\/92uvxelo5kinhnr2vvh9\/7qh7h2u4xx8x6k\/aHR0cHM6Ly9hbXpuLnRvLzJXc3RVUUo=\" target=\"_blank\" rel=\"noreferrer noopener\">J\u2019apprends \u00e0 composer mes photos<\/a>&nbsp;regroupe 35 exercices, accompagn\u00e9s d\u2019explications simples, claires et sans langage technique. Il vous permettra de tout savoir sur la composition et surtout, gr\u00e2ce aux exercices, d\u2019\u00eatre capable d\u2019appliquer ces connaissances th\u00e9oriques \u00e0 vos propres photos.)<\/p>\n","protected":false},"excerpt":{"rendered":"<p>Http:\/\/vivre-de-la-photo.fr\/ Diff\u00e9rents tutoriels sur Photoshop etc\u2026 etc\u2026 Bien choisir son mat\u00e9riel 100 trucs essentiels en photographie La composition en photo La composition : une affaire de bon sens Correctement composer une photo est simple et fait avant tout appel au bon sens. Prenez une table et quelques objets en verre \u00e0 installer dessus. Si vous [&hellip;]<\/p>\n","protected":false},"author":1,"featured_media":0,"parent":0,"menu_order":0,"comment_status":"closed","ping_status":"closed","template":"","meta":{"_bbp_topic_count":0,"_bbp_reply_count":0,"_bbp_total_topic_count":0,"_bbp_total_reply_count":0,"_bbp_voice_count":0,"_bbp_anonymous_reply_count":0,"_bbp_topic_count_hidden":0,"_bbp_reply_count_hidden":0,"_bbp_forum_subforum_count":0,"om_disable_all_campaigns":false,"_monsterinsights_skip_tracking":false,"_monsterinsights_sitenote_active":false,"_monsterinsights_sitenote_note":"","_monsterinsights_sitenote_category":0,"_uf_show_specific_survey":0,"_uf_disable_surveys":false,"footnotes":""},"class_list":["post-2027","page","type-page","status-publish","hentry"],"aioseo_notices":[],"_links":{"self":[{"href":"https:\/\/www.cpcm03.fr\/index.php?rest_route=\/wp\/v2\/pages\/2027","targetHints":{"allow":["GET"]}}],"collection":[{"href":"https:\/\/www.cpcm03.fr\/index.php?rest_route=\/wp\/v2\/pages"}],"about":[{"href":"https:\/\/www.cpcm03.fr\/index.php?rest_route=\/wp\/v2\/types\/page"}],"author":[{"embeddable":true,"href":"https:\/\/www.cpcm03.fr\/index.php?rest_route=\/wp\/v2\/users\/1"}],"replies":[{"embeddable":true,"href":"https:\/\/www.cpcm03.fr\/index.php?rest_route=%2Fwp%2Fv2%2Fcomments&post=2027"}],"version-history":[{"count":8,"href":"https:\/\/www.cpcm03.fr\/index.php?rest_route=\/wp\/v2\/pages\/2027\/revisions"}],"predecessor-version":[{"id":5378,"href":"https:\/\/www.cpcm03.fr\/index.php?rest_route=\/wp\/v2\/pages\/2027\/revisions\/5378"}],"wp:attachment":[{"href":"https:\/\/www.cpcm03.fr\/index.php?rest_route=%2Fwp%2Fv2%2Fmedia&parent=2027"}],"curies":[{"name":"wp","href":"https:\/\/api.w.org\/{rel}","templated":true}]}}