{"id":2415,"date":"2021-01-27T20:56:05","date_gmt":"2021-01-27T19:56:05","guid":{"rendered":"http:\/\/www.cpcm03.fr\/?page_id=2415"},"modified":"2022-02-13T21:30:17","modified_gmt":"2022-02-13T20:30:17","slug":"sorties-photos","status":"publish","type":"page","link":"https:\/\/www.cpcm03.fr\/?page_id=2415","title":{"rendered":"Sorties photo"},"content":{"rendered":"\n<p class=\"has-drop-cap\">Sorties Photo \u00e0 La Ferme des Clautres en Creuse<\/p>\n\n\n\n<p class=\"has-text-align-center\">******<\/p>\n\n\n\n<p class=\"has-drop-cap\">Sortie photo en Creuse le samedi 25 juillet 2020.<\/p>\n\n\n\n<p>Six participants du CPCM03 avaient r\u00e9pondu pr\u00e9sents pour une sortie photo journali\u00e8re.<\/p>\n\n\n\n<p><strong>Boussac :<\/strong><\/p>\n\n\n\n<figure class=\"wp-block-image\"><img decoding=\"async\" src=\"http:\/\/www.cpcm03.fr\/wp-content\/uploads\/2020\/08\/Boussac-Actualit%C3%A9s-final-DSC0279.jpg\" alt=\"\" class=\"wp-image-2077\"\/><\/figure>\n\n\n\n<p>Un d\u00e9part \u00e0 pied dans la vieille ville de Boussac a permis la d\u00e9couverte de maison \u00e0 tourelles, maisons bourgeoises, vieilles portes etc\u2026 avec vue panoramique sur le village de Gouby . Le contournement du Vieux Ch\u00e2teau par la descente \u00e0 la cascade nous fit admirer, une ancienne tour de fortification, l\u2019ancien grand moulin et sa roue \u00e0 aubes, puis le passage sur la petite passerelle, le vieux pont du XV\u00e8me si\u00e8cle aux abords de l\u2019ancien moulin Ferr\u00e9 au dessus de la petite Creuse, avec en prime, une magnifique vue sur le Ch\u00e2teau de Boussac.<\/p>\n\n\n\n<p><strong>L\u2019\u00e9tang du Montet&nbsp;<\/strong>de Boussac, un site extr\u00eamement agr\u00e9able, a \u00e9t\u00e9 le \u00ab si\u00e8ge \u00bb pique-nique de notre d\u00e9jeuner pour, ensuite, un bon moment de d\u00e9tente autour du plan d\u2019eau.<\/p>\n\n\n\n<p>Les Pierres Jaum\u00e2tres, une curiosit\u00e9 g\u00e9ologique en Creuse&nbsp;:<\/p>\n\n\n\n<p>Situ\u00e9 \u00e0 environ 3Km du village de Toulx-Sainte-Croix, le site des Pierres Jaum\u00e2tres nous a offert une balade originale et tr\u00e8s agr\u00e9able. On peut y d\u00e9couvrir d\u2019immenses amas de granit, avec des formes bien particuli\u00e8res. Certaines pierres semblent tout juste tenir en \u00e9quilibre, un bon moyen de prendre de l\u2019\u00e9nergie devant ces mastodontes inertes depuis des si\u00e8cles.<\/p>\n\n\n\n<p><strong>Toulx Sainte Croix :<\/strong><\/p>\n\n\n\n<p>Le dernier morceau de la journ\u00e9e \u00e9tait assez charg\u00e9 \u00e0 Toulx Sainte Croix \u00ab 656 m d\u2019altitude \u00bb, avec son \u00e9glise, et en point d\u2019orgue : le phare ou la \u00ab tour d\u2019orientation \u00bb, qui offre un panorama \u00e0 360\u00b0 sur 7 d\u00e9partements, apr\u00e8s avoir gravi les 74 marches. On a d\u2019ailleurs une vue imprenable sur le Puy-de-D\u00f4me. La poursuite de cette sortie nous conduisait aux fouilles de l\u2019ancienne chapelle Saint Martial et de l\u2019ancien cimeti\u00e8re. Et pour terminer, en contre-bas du village, en pleine nature, des lavoirs, avec en particulier celui d\u2019hiver tout r\u00e9cemment inaugur\u00e9 apr\u00e8s 10 ann\u00e9es de travaux.<\/p>\n\n\n\n<p>Au final, le groupe devait se r\u00e9soudre \u00e0 quitter \u00e0 regret les terres Creusoises aux alentours de 19h10.<\/p>\n\n\n\n<p class=\"has-text-align-left\">Ce fut une sortie unanimement appr\u00e9ci\u00e9e des 6 participants\u2026..qui en redemandent *************************************************************<\/p>\n\n\n\n<p class=\"has-drop-cap\">Sortie photo au Parc du Jardin Wilson<\/p>\n\n\n\n<p>Dimanche 28 juin 2020 avait lieu, apr\u00e8s le d\u00e9confinement, notre premi\u00e8re sortie photo. Celle ci s\u2019est d\u00e9roul\u00e9e dans le Jardin Wilson de Montlu\u00e7on.<\/p>\n\n\n\n<p>Nous \u00e9tions huit \u00e0 arpenter les all\u00e9es du parc \u00e0 la recherche au plus pr\u00e8s d\u2019insectes, afin de r\u00e9aliser de belles macros\u2026Il est vrai que la temp\u00e9rature \u00e9tait id\u00e9ale mais le temps nuageux limitait la pr\u00e9sence de certaines petites bestioles.<\/p>\n\n\n\n<p>N\u00e9anmoins la richesse florale de ce parc joliment entretenu avait de quoi satisfaire l\u2019ensemble des participants qui ont donc pass\u00e9 un agr\u00e9able moment en &lt; mitraillant &gt; tous azimuts dans un environnement paisible.<\/p>\n\n\n\n<p>Au final, une belle sortie photo qui ne demande qu\u2019\u00e0 \u00eatre renouvel\u00e9e. Un projet de sortie est d\u00e9j\u00e0 inscrit sur les tablettes dans le courant du mois de juillet 2020.<\/p>\n\n\n\n<figure class=\"wp-block-image\"><img loading=\"lazy\" decoding=\"async\" width=\"800\" height=\"598\" src=\"http:\/\/www.cpcm03.fr\/wp-content\/uploads\/2020\/06\/Jardin-Wilson-Aline-DSC3458-800x598.jpg\" alt=\"\" class=\"wp-image-1940\" srcset=\"https:\/\/www.cpcm03.fr\/wp-content\/uploads\/2020\/06\/Jardin-Wilson-Aline-DSC3458-800x598.jpg 800w, https:\/\/www.cpcm03.fr\/wp-content\/uploads\/2020\/06\/Jardin-Wilson-Aline-DSC3458-300x224.jpg 300w, https:\/\/www.cpcm03.fr\/wp-content\/uploads\/2020\/06\/Jardin-Wilson-Aline-DSC3458-768x574.jpg 768w, https:\/\/www.cpcm03.fr\/wp-content\/uploads\/2020\/06\/Jardin-Wilson-Aline-DSC3458.jpg 900w\" sizes=\"auto, (max-width: 800px) 100vw, 800px\" \/><\/figure>\n\n\n\n<p><\/p>\n","protected":false},"excerpt":{"rendered":"<p>Sorties Photo \u00e0 La Ferme des Clautres en Creuse ****** Sortie photo en Creuse le samedi 25 juillet 2020. Six participants du CPCM03 avaient r\u00e9pondu pr\u00e9sents pour une sortie photo journali\u00e8re. Boussac : Un d\u00e9part \u00e0 pied dans la vieille ville de Boussac a permis la d\u00e9couverte de maison \u00e0 tourelles, maisons bourgeoises, vieilles portes [&hellip;]<\/p>\n","protected":false},"author":1,"featured_media":0,"parent":0,"menu_order":0,"comment_status":"closed","ping_status":"closed","template":"","meta":{"_bbp_topic_count":0,"_bbp_reply_count":0,"_bbp_total_topic_count":0,"_bbp_total_reply_count":0,"_bbp_voice_count":0,"_bbp_anonymous_reply_count":0,"_bbp_topic_count_hidden":0,"_bbp_reply_count_hidden":0,"_bbp_forum_subforum_count":0,"om_disable_all_campaigns":false,"_monsterinsights_skip_tracking":false,"_monsterinsights_sitenote_active":false,"_monsterinsights_sitenote_note":"","_monsterinsights_sitenote_category":0,"_uf_show_specific_survey":0,"_uf_disable_surveys":false,"footnotes":""},"class_list":["post-2415","page","type-page","status-publish","hentry"],"aioseo_notices":[],"_links":{"self":[{"href":"https:\/\/www.cpcm03.fr\/index.php?rest_route=\/wp\/v2\/pages\/2415","targetHints":{"allow":["GET"]}}],"collection":[{"href":"https:\/\/www.cpcm03.fr\/index.php?rest_route=\/wp\/v2\/pages"}],"about":[{"href":"https:\/\/www.cpcm03.fr\/index.php?rest_route=\/wp\/v2\/types\/page"}],"author":[{"embeddable":true,"href":"https:\/\/www.cpcm03.fr\/index.php?rest_route=\/wp\/v2\/users\/1"}],"replies":[{"embeddable":true,"href":"https:\/\/www.cpcm03.fr\/index.php?rest_route=%2Fwp%2Fv2%2Fcomments&post=2415"}],"version-history":[{"count":7,"href":"https:\/\/www.cpcm03.fr\/index.php?rest_route=\/wp\/v2\/pages\/2415\/revisions"}],"predecessor-version":[{"id":4237,"href":"https:\/\/www.cpcm03.fr\/index.php?rest_route=\/wp\/v2\/pages\/2415\/revisions\/4237"}],"wp:attachment":[{"href":"https:\/\/www.cpcm03.fr\/index.php?rest_route=%2Fwp%2Fv2%2Fmedia&parent=2415"}],"curies":[{"name":"wp","href":"https:\/\/api.w.org\/{rel}","templated":true}]}}