{"id":2570,"date":"2021-02-03T17:44:34","date_gmt":"2021-02-03T16:44:34","guid":{"rendered":"http:\/\/www.cpcm03.fr\/?page_id=2570"},"modified":"2021-03-06T18:21:29","modified_gmt":"2021-03-06T17:21:29","slug":"serie-de-benedicte","status":"publish","type":"page","link":"https:\/\/www.cpcm03.fr\/?page_id=2570","title":{"rendered":"S\u00e9rie 1 de B\u00e9n\u00e9dicte"},"content":{"rendered":"\n<p class=\"has-text-align-center\">S\u00e9rie  &lt; Contre-jour &gt; par B\u00e9n\u00e9dicte<\/p>\n\n\n\n<figure class=\"wp-block-image size-large\"><img loading=\"lazy\" decoding=\"async\" width=\"800\" height=\"533\" src=\"http:\/\/www.cpcm03.fr\/wp-content\/uploads\/2021\/02\/S\u00e9rie-B\u00e9n\u00e9dicte-1129349-800x533.jpg\" alt=\"\" class=\"wp-image-2573\" srcset=\"https:\/\/www.cpcm03.fr\/wp-content\/uploads\/2021\/02\/S\u00e9rie-B\u00e9n\u00e9dicte-1129349-800x533.jpg 800w, https:\/\/www.cpcm03.fr\/wp-content\/uploads\/2021\/02\/S\u00e9rie-B\u00e9n\u00e9dicte-1129349-300x200.jpg 300w, https:\/\/www.cpcm03.fr\/wp-content\/uploads\/2021\/02\/S\u00e9rie-B\u00e9n\u00e9dicte-1129349-768x512.jpg 768w, https:\/\/www.cpcm03.fr\/wp-content\/uploads\/2021\/02\/S\u00e9rie-B\u00e9n\u00e9dicte-1129349.jpg 900w\" sizes=\"auto, (max-width: 800px) 100vw, 800px\" \/><\/figure>\n\n\n\n<div class=\"wp-block-image\"><figure class=\"aligncenter size-large\"><img loading=\"lazy\" decoding=\"async\" width=\"533\" height=\"800\" src=\"http:\/\/www.cpcm03.fr\/wp-content\/uploads\/2021\/02\/S\u00e9rie-B\u00e9n\u00e9dicte-P1099312-533x800.jpg\" alt=\"\" class=\"wp-image-2574\" srcset=\"https:\/\/www.cpcm03.fr\/wp-content\/uploads\/2021\/02\/S\u00e9rie-B\u00e9n\u00e9dicte-P1099312-533x800.jpg 533w, https:\/\/www.cpcm03.fr\/wp-content\/uploads\/2021\/02\/S\u00e9rie-B\u00e9n\u00e9dicte-P1099312-200x300.jpg 200w, https:\/\/www.cpcm03.fr\/wp-content\/uploads\/2021\/02\/S\u00e9rie-B\u00e9n\u00e9dicte-P1099312.jpg 600w\" sizes=\"auto, (max-width: 533px) 100vw, 533px\" \/><\/figure><\/div>\n\n\n\n<figure class=\"wp-block-image size-large\"><img loading=\"lazy\" decoding=\"async\" width=\"800\" height=\"533\" src=\"http:\/\/www.cpcm03.fr\/wp-content\/uploads\/2021\/02\/S\u00e9rie-B\u00e9n\u00e9dicte-P1139562-800x533.jpg\" alt=\"\" class=\"wp-image-2575\" srcset=\"https:\/\/www.cpcm03.fr\/wp-content\/uploads\/2021\/02\/S\u00e9rie-B\u00e9n\u00e9dicte-P1139562-800x533.jpg 800w, https:\/\/www.cpcm03.fr\/wp-content\/uploads\/2021\/02\/S\u00e9rie-B\u00e9n\u00e9dicte-P1139562-300x200.jpg 300w, https:\/\/www.cpcm03.fr\/wp-content\/uploads\/2021\/02\/S\u00e9rie-B\u00e9n\u00e9dicte-P1139562-768x512.jpg 768w, https:\/\/www.cpcm03.fr\/wp-content\/uploads\/2021\/02\/S\u00e9rie-B\u00e9n\u00e9dicte-P1139562.jpg 900w\" sizes=\"auto, (max-width: 800px) 100vw, 800px\" \/><\/figure>\n\n\n\n<figure class=\"wp-block-image size-large\"><img loading=\"lazy\" decoding=\"async\" width=\"800\" height=\"533\" src=\"http:\/\/www.cpcm03.fr\/wp-content\/uploads\/2021\/02\/S\u00e9rie-B\u00e9n\u00e9dicte-P7250396-800x533.jpg\" alt=\"\" class=\"wp-image-2576\" srcset=\"https:\/\/www.cpcm03.fr\/wp-content\/uploads\/2021\/02\/S\u00e9rie-B\u00e9n\u00e9dicte-P7250396-800x533.jpg 800w, https:\/\/www.cpcm03.fr\/wp-content\/uploads\/2021\/02\/S\u00e9rie-B\u00e9n\u00e9dicte-P7250396-300x200.jpg 300w, https:\/\/www.cpcm03.fr\/wp-content\/uploads\/2021\/02\/S\u00e9rie-B\u00e9n\u00e9dicte-P7250396-768x512.jpg 768w, https:\/\/www.cpcm03.fr\/wp-content\/uploads\/2021\/02\/S\u00e9rie-B\u00e9n\u00e9dicte-P7250396.jpg 900w\" sizes=\"auto, (max-width: 800px) 100vw, 800px\" \/><\/figure>\n\n\n\n<div class=\"wp-block-image\"><figure class=\"aligncenter size-large\"><img loading=\"lazy\" decoding=\"async\" width=\"533\" height=\"800\" src=\"http:\/\/www.cpcm03.fr\/wp-content\/uploads\/2021\/02\/S\u00e9rie-B\u00e9n\u00e9dicte-P7250411-533x800.jpg\" alt=\"\" class=\"wp-image-2577\" srcset=\"https:\/\/www.cpcm03.fr\/wp-content\/uploads\/2021\/02\/S\u00e9rie-B\u00e9n\u00e9dicte-P7250411-533x800.jpg 533w, https:\/\/www.cpcm03.fr\/wp-content\/uploads\/2021\/02\/S\u00e9rie-B\u00e9n\u00e9dicte-P7250411-200x300.jpg 200w, https:\/\/www.cpcm03.fr\/wp-content\/uploads\/2021\/02\/S\u00e9rie-B\u00e9n\u00e9dicte-P7250411.jpg 600w\" sizes=\"auto, (max-width: 533px) 100vw, 533px\" \/><\/figure><\/div>\n\n\n\n<div class=\"wp-block-image\"><figure class=\"aligncenter size-large\"><img loading=\"lazy\" decoding=\"async\" width=\"533\" height=\"800\" src=\"http:\/\/www.cpcm03.fr\/wp-content\/uploads\/2021\/02\/S\u00e9rie-B\u00e9n\u00e9dicte-P8210180--533x800.jpg\" alt=\"\" class=\"wp-image-2578\" srcset=\"https:\/\/www.cpcm03.fr\/wp-content\/uploads\/2021\/02\/S\u00e9rie-B\u00e9n\u00e9dicte-P8210180--533x800.jpg 533w, https:\/\/www.cpcm03.fr\/wp-content\/uploads\/2021\/02\/S\u00e9rie-B\u00e9n\u00e9dicte-P8210180--200x300.jpg 200w, https:\/\/www.cpcm03.fr\/wp-content\/uploads\/2021\/02\/S\u00e9rie-B\u00e9n\u00e9dicte-P8210180-.jpg 600w\" sizes=\"auto, (max-width: 533px) 100vw, 533px\" \/><\/figure><\/div>\n\n\n\n<div class=\"wp-block-image\"><figure class=\"aligncenter size-large\"><img loading=\"lazy\" decoding=\"async\" width=\"533\" height=\"800\" src=\"http:\/\/www.cpcm03.fr\/wp-content\/uploads\/2021\/02\/S\u00e9rie-B\u00e9n\u00e9dicte-P8210181-533x800.jpg\" alt=\"\" class=\"wp-image-2579\" srcset=\"https:\/\/www.cpcm03.fr\/wp-content\/uploads\/2021\/02\/S\u00e9rie-B\u00e9n\u00e9dicte-P8210181-533x800.jpg 533w, https:\/\/www.cpcm03.fr\/wp-content\/uploads\/2021\/02\/S\u00e9rie-B\u00e9n\u00e9dicte-P8210181-200x300.jpg 200w, https:\/\/www.cpcm03.fr\/wp-content\/uploads\/2021\/02\/S\u00e9rie-B\u00e9n\u00e9dicte-P8210181.jpg 600w\" sizes=\"auto, (max-width: 533px) 100vw, 533px\" \/><\/figure><\/div>\n\n\n\n<figure class=\"wp-block-image size-large\"><img loading=\"lazy\" decoding=\"async\" width=\"800\" height=\"533\" src=\"http:\/\/www.cpcm03.fr\/wp-content\/uploads\/2021\/02\/S\u00e9rie-B\u00e9n\u00e9dicte-P9060187-800x533.jpg\" alt=\"\" class=\"wp-image-2580\" srcset=\"https:\/\/www.cpcm03.fr\/wp-content\/uploads\/2021\/02\/S\u00e9rie-B\u00e9n\u00e9dicte-P9060187-800x533.jpg 800w, https:\/\/www.cpcm03.fr\/wp-content\/uploads\/2021\/02\/S\u00e9rie-B\u00e9n\u00e9dicte-P9060187-300x200.jpg 300w, https:\/\/www.cpcm03.fr\/wp-content\/uploads\/2021\/02\/S\u00e9rie-B\u00e9n\u00e9dicte-P9060187-768x512.jpg 768w, https:\/\/www.cpcm03.fr\/wp-content\/uploads\/2021\/02\/S\u00e9rie-B\u00e9n\u00e9dicte-P9060187.jpg 900w\" sizes=\"auto, (max-width: 800px) 100vw, 800px\" \/><\/figure>\n","protected":false},"excerpt":{"rendered":"<p>S\u00e9rie &lt; Contre-jour &gt; par B\u00e9n\u00e9dicte<\/p>\n","protected":false},"author":1,"featured_media":0,"parent":0,"menu_order":0,"comment_status":"closed","ping_status":"closed","template":"","meta":{"_bbp_topic_count":0,"_bbp_reply_count":0,"_bbp_total_topic_count":0,"_bbp_total_reply_count":0,"_bbp_voice_count":0,"_bbp_anonymous_reply_count":0,"_bbp_topic_count_hidden":0,"_bbp_reply_count_hidden":0,"_bbp_forum_subforum_count":0,"om_disable_all_campaigns":false,"_monsterinsights_skip_tracking":false,"_monsterinsights_sitenote_active":false,"_monsterinsights_sitenote_note":"","_monsterinsights_sitenote_category":0,"_uf_show_specific_survey":0,"_uf_disable_surveys":false,"footnotes":""},"class_list":["post-2570","page","type-page","status-publish","hentry"],"aioseo_notices":[],"_links":{"self":[{"href":"https:\/\/www.cpcm03.fr\/index.php?rest_route=\/wp\/v2\/pages\/2570","targetHints":{"allow":["GET"]}}],"collection":[{"href":"https:\/\/www.cpcm03.fr\/index.php?rest_route=\/wp\/v2\/pages"}],"about":[{"href":"https:\/\/www.cpcm03.fr\/index.php?rest_route=\/wp\/v2\/types\/page"}],"author":[{"embeddable":true,"href":"https:\/\/www.cpcm03.fr\/index.php?rest_route=\/wp\/v2\/users\/1"}],"replies":[{"embeddable":true,"href":"https:\/\/www.cpcm03.fr\/index.php?rest_route=%2Fwp%2Fv2%2Fcomments&post=2570"}],"version-history":[{"count":6,"href":"https:\/\/www.cpcm03.fr\/index.php?rest_route=\/wp\/v2\/pages\/2570\/revisions"}],"predecessor-version":[{"id":2925,"href":"https:\/\/www.cpcm03.fr\/index.php?rest_route=\/wp\/v2\/pages\/2570\/revisions\/2925"}],"wp:attachment":[{"href":"https:\/\/www.cpcm03.fr\/index.php?rest_route=%2Fwp%2Fv2%2Fmedia&parent=2570"}],"curies":[{"name":"wp","href":"https:\/\/api.w.org\/{rel}","templated":true}]}}