{"id":2926,"date":"2021-03-06T18:23:25","date_gmt":"2021-03-06T17:23:25","guid":{"rendered":"http:\/\/www.cpcm03.fr\/?page_id=2926"},"modified":"2021-03-06T18:36:00","modified_gmt":"2021-03-06T17:36:00","slug":"serie-2-de-benedicte","status":"publish","type":"page","link":"https:\/\/www.cpcm03.fr\/?page_id=2926","title":{"rendered":"S\u00e9rie 2 de B\u00e9n\u00e9dicte"},"content":{"rendered":"\n<p class=\"has-text-align-center\">S\u00e9rie &lt; Animaux 1 &gt; de B\u00e9n\u00e9dicte<\/p>\n\n\n\n<figure class=\"wp-block-image size-large\"><img loading=\"lazy\" decoding=\"async\" width=\"800\" height=\"533\" src=\"http:\/\/www.cpcm03.fr\/wp-content\/uploads\/2021\/03\/S\u00e9rie-B\u00e9n\u00e9dicte-IMG_2076-2m-800x533.jpg\" alt=\"\" class=\"wp-image-2929\" srcset=\"https:\/\/www.cpcm03.fr\/wp-content\/uploads\/2021\/03\/S\u00e9rie-B\u00e9n\u00e9dicte-IMG_2076-2m-800x533.jpg 800w, https:\/\/www.cpcm03.fr\/wp-content\/uploads\/2021\/03\/S\u00e9rie-B\u00e9n\u00e9dicte-IMG_2076-2m-300x200.jpg 300w, https:\/\/www.cpcm03.fr\/wp-content\/uploads\/2021\/03\/S\u00e9rie-B\u00e9n\u00e9dicte-IMG_2076-2m-768x512.jpg 768w, https:\/\/www.cpcm03.fr\/wp-content\/uploads\/2021\/03\/S\u00e9rie-B\u00e9n\u00e9dicte-IMG_2076-2m.jpg 900w\" sizes=\"auto, (max-width: 800px) 100vw, 800px\" \/><\/figure>\n\n\n\n<figure class=\"wp-block-image size-large\"><img loading=\"lazy\" decoding=\"async\" width=\"800\" height=\"600\" src=\"http:\/\/www.cpcm03.fr\/wp-content\/uploads\/2021\/03\/S\u00e9rie-B\u00e9n\u00e9dicte-IMG_2077m-800x600.jpg\" alt=\"\" class=\"wp-image-2930\" srcset=\"https:\/\/www.cpcm03.fr\/wp-content\/uploads\/2021\/03\/S\u00e9rie-B\u00e9n\u00e9dicte-IMG_2077m-800x600.jpg 800w, https:\/\/www.cpcm03.fr\/wp-content\/uploads\/2021\/03\/S\u00e9rie-B\u00e9n\u00e9dicte-IMG_2077m-300x225.jpg 300w, https:\/\/www.cpcm03.fr\/wp-content\/uploads\/2021\/03\/S\u00e9rie-B\u00e9n\u00e9dicte-IMG_2077m-768x576.jpg 768w, https:\/\/www.cpcm03.fr\/wp-content\/uploads\/2021\/03\/S\u00e9rie-B\u00e9n\u00e9dicte-IMG_2077m.jpg 900w\" sizes=\"auto, (max-width: 800px) 100vw, 800px\" \/><\/figure>\n\n\n\n<div class=\"wp-block-image\"><figure class=\"aligncenter size-large\"><img loading=\"lazy\" decoding=\"async\" width=\"600\" height=\"800\" src=\"http:\/\/www.cpcm03.fr\/wp-content\/uploads\/2021\/03\/S\u00e9rie-B\u00e9n\u00e9dicte-IMG_2083-2m-600x800.jpg\" alt=\"\" class=\"wp-image-2931\" srcset=\"https:\/\/www.cpcm03.fr\/wp-content\/uploads\/2021\/03\/S\u00e9rie-B\u00e9n\u00e9dicte-IMG_2083-2m-600x800.jpg 600w, https:\/\/www.cpcm03.fr\/wp-content\/uploads\/2021\/03\/S\u00e9rie-B\u00e9n\u00e9dicte-IMG_2083-2m-225x300.jpg 225w, https:\/\/www.cpcm03.fr\/wp-content\/uploads\/2021\/03\/S\u00e9rie-B\u00e9n\u00e9dicte-IMG_2083-2m.jpg 675w\" sizes=\"auto, (max-width: 600px) 100vw, 600px\" \/><\/figure><\/div>\n\n\n\n<figure class=\"wp-block-image size-large\"><img loading=\"lazy\" decoding=\"async\" width=\"800\" height=\"600\" src=\"http:\/\/www.cpcm03.fr\/wp-content\/uploads\/2021\/03\/S\u00e9rie-B\u00e9n\u00e9dicte-P8178777-3m-800x600.jpg\" alt=\"\" class=\"wp-image-2932\" srcset=\"https:\/\/www.cpcm03.fr\/wp-content\/uploads\/2021\/03\/S\u00e9rie-B\u00e9n\u00e9dicte-P8178777-3m-800x600.jpg 800w, https:\/\/www.cpcm03.fr\/wp-content\/uploads\/2021\/03\/S\u00e9rie-B\u00e9n\u00e9dicte-P8178777-3m-300x225.jpg 300w, https:\/\/www.cpcm03.fr\/wp-content\/uploads\/2021\/03\/S\u00e9rie-B\u00e9n\u00e9dicte-P8178777-3m-768x576.jpg 768w, https:\/\/www.cpcm03.fr\/wp-content\/uploads\/2021\/03\/S\u00e9rie-B\u00e9n\u00e9dicte-P8178777-3m.jpg 900w\" sizes=\"auto, (max-width: 800px) 100vw, 800px\" \/><\/figure>\n\n\n\n<figure class=\"wp-block-image size-large\"><img loading=\"lazy\" decoding=\"async\" width=\"800\" height=\"533\" src=\"http:\/\/www.cpcm03.fr\/wp-content\/uploads\/2021\/03\/S\u00e9rie-B\u00e9n\u00e9dicte-P8178967-2m-800x533.jpg\" alt=\"\" class=\"wp-image-2933\" srcset=\"https:\/\/www.cpcm03.fr\/wp-content\/uploads\/2021\/03\/S\u00e9rie-B\u00e9n\u00e9dicte-P8178967-2m-800x533.jpg 800w, https:\/\/www.cpcm03.fr\/wp-content\/uploads\/2021\/03\/S\u00e9rie-B\u00e9n\u00e9dicte-P8178967-2m-300x200.jpg 300w, https:\/\/www.cpcm03.fr\/wp-content\/uploads\/2021\/03\/S\u00e9rie-B\u00e9n\u00e9dicte-P8178967-2m-768x512.jpg 768w, https:\/\/www.cpcm03.fr\/wp-content\/uploads\/2021\/03\/S\u00e9rie-B\u00e9n\u00e9dicte-P8178967-2m.jpg 900w\" sizes=\"auto, (max-width: 800px) 100vw, 800px\" \/><\/figure>\n\n\n\n<figure class=\"wp-block-image size-large\"><img loading=\"lazy\" decoding=\"async\" width=\"800\" height=\"800\" src=\"http:\/\/www.cpcm03.fr\/wp-content\/uploads\/2021\/03\/S\u00e9rie-B\u00e9n\u00e9dicte-P8178982-2m-800x800.jpg\" alt=\"\" class=\"wp-image-2934\" srcset=\"https:\/\/www.cpcm03.fr\/wp-content\/uploads\/2021\/03\/S\u00e9rie-B\u00e9n\u00e9dicte-P8178982-2m-800x800.jpg 800w, https:\/\/www.cpcm03.fr\/wp-content\/uploads\/2021\/03\/S\u00e9rie-B\u00e9n\u00e9dicte-P8178982-2m-300x300.jpg 300w, https:\/\/www.cpcm03.fr\/wp-content\/uploads\/2021\/03\/S\u00e9rie-B\u00e9n\u00e9dicte-P8178982-2m-150x150.jpg 150w, https:\/\/www.cpcm03.fr\/wp-content\/uploads\/2021\/03\/S\u00e9rie-B\u00e9n\u00e9dicte-P8178982-2m-768x768.jpg 768w, https:\/\/www.cpcm03.fr\/wp-content\/uploads\/2021\/03\/S\u00e9rie-B\u00e9n\u00e9dicte-P8178982-2m.jpg 900w\" sizes=\"auto, (max-width: 800px) 100vw, 800px\" \/><\/figure>\n\n\n\n<div class=\"wp-block-image\"><figure class=\"aligncenter size-large\"><img loading=\"lazy\" decoding=\"async\" width=\"533\" height=\"800\" src=\"http:\/\/www.cpcm03.fr\/wp-content\/uploads\/2021\/03\/S\u00e9rie-B\u00e9n\u00e9dicte-P8178834-2m-533x800.jpg\" alt=\"\" class=\"wp-image-2935\" srcset=\"https:\/\/www.cpcm03.fr\/wp-content\/uploads\/2021\/03\/S\u00e9rie-B\u00e9n\u00e9dicte-P8178834-2m-533x800.jpg 533w, https:\/\/www.cpcm03.fr\/wp-content\/uploads\/2021\/03\/S\u00e9rie-B\u00e9n\u00e9dicte-P8178834-2m-200x300.jpg 200w, https:\/\/www.cpcm03.fr\/wp-content\/uploads\/2021\/03\/S\u00e9rie-B\u00e9n\u00e9dicte-P8178834-2m.jpg 600w\" sizes=\"auto, (max-width: 533px) 100vw, 533px\" \/><\/figure><\/div>\n","protected":false},"excerpt":{"rendered":"<p>S\u00e9rie &lt; Animaux 1 &gt; de B\u00e9n\u00e9dicte<\/p>\n","protected":false},"author":1,"featured_media":0,"parent":0,"menu_order":0,"comment_status":"closed","ping_status":"closed","template":"","meta":{"_bbp_topic_count":0,"_bbp_reply_count":0,"_bbp_total_topic_count":0,"_bbp_total_reply_count":0,"_bbp_voice_count":0,"_bbp_anonymous_reply_count":0,"_bbp_topic_count_hidden":0,"_bbp_reply_count_hidden":0,"_bbp_forum_subforum_count":0,"om_disable_all_campaigns":false,"_monsterinsights_skip_tracking":false,"_monsterinsights_sitenote_active":false,"_monsterinsights_sitenote_note":"","_monsterinsights_sitenote_category":0,"_uf_show_specific_survey":0,"_uf_disable_surveys":false,"footnotes":""},"class_list":["post-2926","page","type-page","status-publish","hentry"],"aioseo_notices":[],"_links":{"self":[{"href":"https:\/\/www.cpcm03.fr\/index.php?rest_route=\/wp\/v2\/pages\/2926","targetHints":{"allow":["GET"]}}],"collection":[{"href":"https:\/\/www.cpcm03.fr\/index.php?rest_route=\/wp\/v2\/pages"}],"about":[{"href":"https:\/\/www.cpcm03.fr\/index.php?rest_route=\/wp\/v2\/types\/page"}],"author":[{"embeddable":true,"href":"https:\/\/www.cpcm03.fr\/index.php?rest_route=\/wp\/v2\/users\/1"}],"replies":[{"embeddable":true,"href":"https:\/\/www.cpcm03.fr\/index.php?rest_route=%2Fwp%2Fv2%2Fcomments&post=2926"}],"version-history":[{"count":3,"href":"https:\/\/www.cpcm03.fr\/index.php?rest_route=\/wp\/v2\/pages\/2926\/revisions"}],"predecessor-version":[{"id":2937,"href":"https:\/\/www.cpcm03.fr\/index.php?rest_route=\/wp\/v2\/pages\/2926\/revisions\/2937"}],"wp:attachment":[{"href":"https:\/\/www.cpcm03.fr\/index.php?rest_route=%2Fwp%2Fv2%2Fmedia&parent=2926"}],"curies":[{"name":"wp","href":"https:\/\/api.w.org\/{rel}","templated":true}]}}