{"id":3383,"date":"2021-05-25T17:12:40","date_gmt":"2021-05-25T15:12:40","guid":{"rendered":"http:\/\/www.cpcm03.fr\/?page_id=3383"},"modified":"2021-05-25T17:19:24","modified_gmt":"2021-05-25T15:19:24","slug":"avril-2021","status":"publish","type":"page","link":"https:\/\/www.cpcm03.fr\/?page_id=3383","title":{"rendered":"Avril 2021"},"content":{"rendered":"\n<p>D\u00e9fi &lt; Fleur(s)<\/p>\n\n\n\n<div class=\"wp-block-image\"><figure class=\"aligncenter size-large\"><img loading=\"lazy\" decoding=\"async\" width=\"533\" height=\"800\" src=\"http:\/\/www.cpcm03.fr\/wp-content\/uploads\/2021\/05\/Adrian-D\u00e9fi-Fleur-900--533x800.jpg\" alt=\"\" class=\"wp-image-3386\" srcset=\"https:\/\/www.cpcm03.fr\/wp-content\/uploads\/2021\/05\/Adrian-D\u00e9fi-Fleur-900--533x800.jpg 533w, https:\/\/www.cpcm03.fr\/wp-content\/uploads\/2021\/05\/Adrian-D\u00e9fi-Fleur-900--200x300.jpg 200w, https:\/\/www.cpcm03.fr\/wp-content\/uploads\/2021\/05\/Adrian-D\u00e9fi-Fleur-900-.jpg 600w\" sizes=\"auto, (max-width: 533px) 100vw, 533px\" \/><\/figure><\/div>\n\n\n\n<div class=\"wp-block-image\"><figure class=\"aligncenter size-large\"><img loading=\"lazy\" decoding=\"async\" width=\"535\" height=\"800\" src=\"http:\/\/www.cpcm03.fr\/wp-content\/uploads\/2021\/05\/Antoine-D\u00e9fi-Fleurs-900--535x800.jpg\" alt=\"\" class=\"wp-image-3387\" srcset=\"https:\/\/www.cpcm03.fr\/wp-content\/uploads\/2021\/05\/Antoine-D\u00e9fi-Fleurs-900--535x800.jpg 535w, https:\/\/www.cpcm03.fr\/wp-content\/uploads\/2021\/05\/Antoine-D\u00e9fi-Fleurs-900--201x300.jpg 201w, https:\/\/www.cpcm03.fr\/wp-content\/uploads\/2021\/05\/Antoine-D\u00e9fi-Fleurs-900-.jpg 602w\" sizes=\"auto, (max-width: 535px) 100vw, 535px\" \/><\/figure><\/div>\n\n\n\n<div class=\"wp-block-image\"><figure class=\"aligncenter size-large\"><img loading=\"lazy\" decoding=\"async\" width=\"533\" height=\"800\" src=\"http:\/\/www.cpcm03.fr\/wp-content\/uploads\/2021\/05\/B\u00e9n\u00e9dicte-D\u00e9fi-Fleur-900-533x800.jpg\" alt=\"\" class=\"wp-image-3388\" srcset=\"https:\/\/www.cpcm03.fr\/wp-content\/uploads\/2021\/05\/B\u00e9n\u00e9dicte-D\u00e9fi-Fleur-900-533x800.jpg 533w, https:\/\/www.cpcm03.fr\/wp-content\/uploads\/2021\/05\/B\u00e9n\u00e9dicte-D\u00e9fi-Fleur-900-200x300.jpg 200w, https:\/\/www.cpcm03.fr\/wp-content\/uploads\/2021\/05\/B\u00e9n\u00e9dicte-D\u00e9fi-Fleur-900.jpg 600w\" sizes=\"auto, (max-width: 533px) 100vw, 533px\" \/><\/figure><\/div>\n\n\n\n<div class=\"wp-block-image\"><figure class=\"aligncenter size-large\"><img loading=\"lazy\" decoding=\"async\" width=\"600\" height=\"800\" src=\"http:\/\/www.cpcm03.fr\/wp-content\/uploads\/2021\/05\/Caroline-D\u00e9fi-Fleur-900--600x800.jpg\" alt=\"\" class=\"wp-image-3389\" srcset=\"https:\/\/www.cpcm03.fr\/wp-content\/uploads\/2021\/05\/Caroline-D\u00e9fi-Fleur-900--600x800.jpg 600w, https:\/\/www.cpcm03.fr\/wp-content\/uploads\/2021\/05\/Caroline-D\u00e9fi-Fleur-900--225x300.jpg 225w, https:\/\/www.cpcm03.fr\/wp-content\/uploads\/2021\/05\/Caroline-D\u00e9fi-Fleur-900--768x1024.jpg 768w, https:\/\/www.cpcm03.fr\/wp-content\/uploads\/2021\/05\/Caroline-D\u00e9fi-Fleur-900-.jpg 900w\" sizes=\"auto, (max-width: 600px) 100vw, 600px\" \/><\/figure><\/div>\n\n\n\n<div class=\"wp-block-image\"><figure class=\"aligncenter size-large\"><img loading=\"lazy\" decoding=\"async\" width=\"564\" height=\"800\" src=\"http:\/\/www.cpcm03.fr\/wp-content\/uploads\/2021\/05\/Christine-D\u00e9fi-Fleur-900--564x800.jpg\" alt=\"\" class=\"wp-image-3390\" srcset=\"https:\/\/www.cpcm03.fr\/wp-content\/uploads\/2021\/05\/Christine-D\u00e9fi-Fleur-900--564x800.jpg 564w, https:\/\/www.cpcm03.fr\/wp-content\/uploads\/2021\/05\/Christine-D\u00e9fi-Fleur-900--211x300.jpg 211w, https:\/\/www.cpcm03.fr\/wp-content\/uploads\/2021\/05\/Christine-D\u00e9fi-Fleur-900-.jpg 634w\" sizes=\"auto, (max-width: 564px) 100vw, 564px\" \/><\/figure><\/div>\n\n\n\n<div class=\"wp-block-image\"><figure class=\"aligncenter size-large\"><img loading=\"lazy\" decoding=\"async\" width=\"533\" height=\"800\" src=\"http:\/\/www.cpcm03.fr\/wp-content\/uploads\/2021\/05\/Claudine-D\u00e9fi-Fleur-900--533x800.jpg\" alt=\"\" class=\"wp-image-3391\" srcset=\"https:\/\/www.cpcm03.fr\/wp-content\/uploads\/2021\/05\/Claudine-D\u00e9fi-Fleur-900--533x800.jpg 533w, https:\/\/www.cpcm03.fr\/wp-content\/uploads\/2021\/05\/Claudine-D\u00e9fi-Fleur-900--200x300.jpg 200w, https:\/\/www.cpcm03.fr\/wp-content\/uploads\/2021\/05\/Claudine-D\u00e9fi-Fleur-900-.jpg 600w\" sizes=\"auto, (max-width: 533px) 100vw, 533px\" \/><\/figure><\/div>\n\n\n\n<figure class=\"wp-block-image size-large\"><img loading=\"lazy\" decoding=\"async\" width=\"800\" height=\"532\" src=\"http:\/\/www.cpcm03.fr\/wp-content\/uploads\/2021\/05\/Gilles-D\u00e9fi-Fleur-900--800x532.jpg\" alt=\"\" class=\"wp-image-3392\" srcset=\"https:\/\/www.cpcm03.fr\/wp-content\/uploads\/2021\/05\/Gilles-D\u00e9fi-Fleur-900--800x532.jpg 800w, https:\/\/www.cpcm03.fr\/wp-content\/uploads\/2021\/05\/Gilles-D\u00e9fi-Fleur-900--300x200.jpg 300w, https:\/\/www.cpcm03.fr\/wp-content\/uploads\/2021\/05\/Gilles-D\u00e9fi-Fleur-900--768x511.jpg 768w, https:\/\/www.cpcm03.fr\/wp-content\/uploads\/2021\/05\/Gilles-D\u00e9fi-Fleur-900-.jpg 900w\" sizes=\"auto, (max-width: 800px) 100vw, 800px\" \/><\/figure>\n\n\n\n<figure class=\"wp-block-image size-large\"><img loading=\"lazy\" decoding=\"async\" width=\"800\" height=\"533\" src=\"http:\/\/www.cpcm03.fr\/wp-content\/uploads\/2021\/05\/Jean-Pierre-D\u00e9fi-Fleur-900--800x533.jpg\" alt=\"\" class=\"wp-image-3393\" srcset=\"https:\/\/www.cpcm03.fr\/wp-content\/uploads\/2021\/05\/Jean-Pierre-D\u00e9fi-Fleur-900--800x533.jpg 800w, https:\/\/www.cpcm03.fr\/wp-content\/uploads\/2021\/05\/Jean-Pierre-D\u00e9fi-Fleur-900--300x200.jpg 300w, https:\/\/www.cpcm03.fr\/wp-content\/uploads\/2021\/05\/Jean-Pierre-D\u00e9fi-Fleur-900--768x512.jpg 768w, https:\/\/www.cpcm03.fr\/wp-content\/uploads\/2021\/05\/Jean-Pierre-D\u00e9fi-Fleur-900-.jpg 900w\" sizes=\"auto, (max-width: 800px) 100vw, 800px\" \/><\/figure>\n\n\n\n<figure class=\"wp-block-image size-large\"><img loading=\"lazy\" decoding=\"async\" width=\"800\" height=\"533\" src=\"http:\/\/www.cpcm03.fr\/wp-content\/uploads\/2021\/05\/Jocelyne-D\u00e9fi-Fleur-900--800x533.jpg\" alt=\"\" class=\"wp-image-3394\" srcset=\"https:\/\/www.cpcm03.fr\/wp-content\/uploads\/2021\/05\/Jocelyne-D\u00e9fi-Fleur-900--800x533.jpg 800w, https:\/\/www.cpcm03.fr\/wp-content\/uploads\/2021\/05\/Jocelyne-D\u00e9fi-Fleur-900--300x200.jpg 300w, https:\/\/www.cpcm03.fr\/wp-content\/uploads\/2021\/05\/Jocelyne-D\u00e9fi-Fleur-900--768x512.jpg 768w, https:\/\/www.cpcm03.fr\/wp-content\/uploads\/2021\/05\/Jocelyne-D\u00e9fi-Fleur-900-.jpg 900w\" sizes=\"auto, (max-width: 800px) 100vw, 800px\" \/><\/figure>\n\n\n\n<figure class=\"wp-block-image size-large\"><img loading=\"lazy\" decoding=\"async\" width=\"800\" height=\"533\" src=\"http:\/\/www.cpcm03.fr\/wp-content\/uploads\/2021\/05\/L\u00e9a-D\u00e9fi-Fleur-900--800x533.jpg\" alt=\"\" class=\"wp-image-3395\" srcset=\"https:\/\/www.cpcm03.fr\/wp-content\/uploads\/2021\/05\/L\u00e9a-D\u00e9fi-Fleur-900--800x533.jpg 800w, https:\/\/www.cpcm03.fr\/wp-content\/uploads\/2021\/05\/L\u00e9a-D\u00e9fi-Fleur-900--300x200.jpg 300w, https:\/\/www.cpcm03.fr\/wp-content\/uploads\/2021\/05\/L\u00e9a-D\u00e9fi-Fleur-900--768x512.jpg 768w, https:\/\/www.cpcm03.fr\/wp-content\/uploads\/2021\/05\/L\u00e9a-D\u00e9fi-Fleur-900-.jpg 900w\" sizes=\"auto, (max-width: 800px) 100vw, 800px\" \/><\/figure>\n\n\n\n<figure class=\"wp-block-image size-large\"><img loading=\"lazy\" decoding=\"async\" width=\"800\" height=\"532\" src=\"http:\/\/www.cpcm03.fr\/wp-content\/uploads\/2021\/05\/M\u00e9lanie-D\u00e9fi-Fleur-900--800x532.jpg\" alt=\"\" class=\"wp-image-3396\" srcset=\"https:\/\/www.cpcm03.fr\/wp-content\/uploads\/2021\/05\/M\u00e9lanie-D\u00e9fi-Fleur-900--800x532.jpg 800w, https:\/\/www.cpcm03.fr\/wp-content\/uploads\/2021\/05\/M\u00e9lanie-D\u00e9fi-Fleur-900--300x200.jpg 300w, https:\/\/www.cpcm03.fr\/wp-content\/uploads\/2021\/05\/M\u00e9lanie-D\u00e9fi-Fleur-900--768x511.jpg 768w, https:\/\/www.cpcm03.fr\/wp-content\/uploads\/2021\/05\/M\u00e9lanie-D\u00e9fi-Fleur-900-.jpg 900w\" sizes=\"auto, (max-width: 800px) 100vw, 800px\" \/><\/figure>\n\n\n\n<figure class=\"wp-block-image size-large\"><img loading=\"lazy\" decoding=\"async\" width=\"800\" height=\"600\" src=\"http:\/\/www.cpcm03.fr\/wp-content\/uploads\/2021\/05\/No\u00eblle-D\u00e9fi-Fleur-900--800x600.jpg\" alt=\"\" class=\"wp-image-3397\" srcset=\"https:\/\/www.cpcm03.fr\/wp-content\/uploads\/2021\/05\/No\u00eblle-D\u00e9fi-Fleur-900--800x600.jpg 800w, https:\/\/www.cpcm03.fr\/wp-content\/uploads\/2021\/05\/No\u00eblle-D\u00e9fi-Fleur-900--300x225.jpg 300w, https:\/\/www.cpcm03.fr\/wp-content\/uploads\/2021\/05\/No\u00eblle-D\u00e9fi-Fleur-900--768x576.jpg 768w, https:\/\/www.cpcm03.fr\/wp-content\/uploads\/2021\/05\/No\u00eblle-D\u00e9fi-Fleur-900-.jpg 900w\" sizes=\"auto, (max-width: 800px) 100vw, 800px\" \/><\/figure>\n\n\n\n<figure class=\"wp-block-image size-large\"><img loading=\"lazy\" decoding=\"async\" width=\"800\" height=\"533\" src=\"http:\/\/www.cpcm03.fr\/wp-content\/uploads\/2021\/05\/Pascal-D\u00e9fi-Fleur-900-800x533.jpg\" alt=\"\" class=\"wp-image-3398\" srcset=\"https:\/\/www.cpcm03.fr\/wp-content\/uploads\/2021\/05\/Pascal-D\u00e9fi-Fleur-900-800x533.jpg 800w, https:\/\/www.cpcm03.fr\/wp-content\/uploads\/2021\/05\/Pascal-D\u00e9fi-Fleur-900-300x200.jpg 300w, https:\/\/www.cpcm03.fr\/wp-content\/uploads\/2021\/05\/Pascal-D\u00e9fi-Fleur-900-768x512.jpg 768w, https:\/\/www.cpcm03.fr\/wp-content\/uploads\/2021\/05\/Pascal-D\u00e9fi-Fleur-900.jpg 900w\" sizes=\"auto, (max-width: 800px) 100vw, 800px\" \/><\/figure>\n\n\n\n<div class=\"wp-block-image\"><figure class=\"aligncenter size-large\"><img loading=\"lazy\" decoding=\"async\" width=\"533\" height=\"800\" src=\"http:\/\/www.cpcm03.fr\/wp-content\/uploads\/2021\/05\/Patricia-D\u00e9fi-Fleur-900--533x800.jpg\" alt=\"\" class=\"wp-image-3399\" srcset=\"https:\/\/www.cpcm03.fr\/wp-content\/uploads\/2021\/05\/Patricia-D\u00e9fi-Fleur-900--533x800.jpg 533w, https:\/\/www.cpcm03.fr\/wp-content\/uploads\/2021\/05\/Patricia-D\u00e9fi-Fleur-900--200x300.jpg 200w, https:\/\/www.cpcm03.fr\/wp-content\/uploads\/2021\/05\/Patricia-D\u00e9fi-Fleur-900-.jpg 600w\" sizes=\"auto, (max-width: 533px) 100vw, 533px\" \/><\/figure><\/div>\n\n\n\n<figure class=\"wp-block-image size-large\"><img loading=\"lazy\" decoding=\"async\" width=\"800\" height=\"600\" src=\"http:\/\/www.cpcm03.fr\/wp-content\/uploads\/2021\/05\/Richard-D\u00e9fi-Fleur-900--800x600.jpg\" alt=\"\" class=\"wp-image-3400\" srcset=\"https:\/\/www.cpcm03.fr\/wp-content\/uploads\/2021\/05\/Richard-D\u00e9fi-Fleur-900--800x600.jpg 800w, https:\/\/www.cpcm03.fr\/wp-content\/uploads\/2021\/05\/Richard-D\u00e9fi-Fleur-900--300x225.jpg 300w, https:\/\/www.cpcm03.fr\/wp-content\/uploads\/2021\/05\/Richard-D\u00e9fi-Fleur-900--768x576.jpg 768w, https:\/\/www.cpcm03.fr\/wp-content\/uploads\/2021\/05\/Richard-D\u00e9fi-Fleur-900-.jpg 900w\" sizes=\"auto, (max-width: 800px) 100vw, 800px\" \/><\/figure>\n\n\n\n<figure class=\"wp-block-image size-large\"><img loading=\"lazy\" decoding=\"async\" width=\"800\" height=\"533\" src=\"http:\/\/www.cpcm03.fr\/wp-content\/uploads\/2021\/05\/Sandra-D\u00e9fi-Fleur-900-800x533.jpg\" alt=\"\" class=\"wp-image-3401\" srcset=\"https:\/\/www.cpcm03.fr\/wp-content\/uploads\/2021\/05\/Sandra-D\u00e9fi-Fleur-900-800x533.jpg 800w, https:\/\/www.cpcm03.fr\/wp-content\/uploads\/2021\/05\/Sandra-D\u00e9fi-Fleur-900-300x200.jpg 300w, https:\/\/www.cpcm03.fr\/wp-content\/uploads\/2021\/05\/Sandra-D\u00e9fi-Fleur-900-768x512.jpg 768w, https:\/\/www.cpcm03.fr\/wp-content\/uploads\/2021\/05\/Sandra-D\u00e9fi-Fleur-900.jpg 900w\" sizes=\"auto, (max-width: 800px) 100vw, 800px\" \/><\/figure>\n\n\n\n<figure class=\"wp-block-image size-large\"><img loading=\"lazy\" decoding=\"async\" width=\"800\" height=\"600\" src=\"http:\/\/www.cpcm03.fr\/wp-content\/uploads\/2021\/05\/Tosca-D\u00e9fi-Fleur-900--800x600.jpg\" alt=\"\" class=\"wp-image-3402\" srcset=\"https:\/\/www.cpcm03.fr\/wp-content\/uploads\/2021\/05\/Tosca-D\u00e9fi-Fleur-900--800x600.jpg 800w, https:\/\/www.cpcm03.fr\/wp-content\/uploads\/2021\/05\/Tosca-D\u00e9fi-Fleur-900--300x225.jpg 300w, https:\/\/www.cpcm03.fr\/wp-content\/uploads\/2021\/05\/Tosca-D\u00e9fi-Fleur-900--768x576.jpg 768w, https:\/\/www.cpcm03.fr\/wp-content\/uploads\/2021\/05\/Tosca-D\u00e9fi-Fleur-900-.jpg 900w\" sizes=\"auto, (max-width: 800px) 100vw, 800px\" \/><\/figure>\n","protected":false},"excerpt":{"rendered":"<p>D\u00e9fi &lt; Fleur(s)<\/p>\n","protected":false},"author":1,"featured_media":0,"parent":0,"menu_order":0,"comment_status":"closed","ping_status":"closed","template":"","meta":{"_bbp_topic_count":0,"_bbp_reply_count":0,"_bbp_total_topic_count":0,"_bbp_total_reply_count":0,"_bbp_voice_count":0,"_bbp_anonymous_reply_count":0,"_bbp_topic_count_hidden":0,"_bbp_reply_count_hidden":0,"_bbp_forum_subforum_count":0,"om_disable_all_campaigns":false,"_monsterinsights_skip_tracking":false,"_monsterinsights_sitenote_active":false,"_monsterinsights_sitenote_note":"","_monsterinsights_sitenote_category":0,"_uf_show_specific_survey":0,"_uf_disable_surveys":false,"footnotes":""},"class_list":["post-3383","page","type-page","status-publish","hentry"],"aioseo_notices":[],"_links":{"self":[{"href":"https:\/\/www.cpcm03.fr\/index.php?rest_route=\/wp\/v2\/pages\/3383","targetHints":{"allow":["GET"]}}],"collection":[{"href":"https:\/\/www.cpcm03.fr\/index.php?rest_route=\/wp\/v2\/pages"}],"about":[{"href":"https:\/\/www.cpcm03.fr\/index.php?rest_route=\/wp\/v2\/types\/page"}],"author":[{"embeddable":true,"href":"https:\/\/www.cpcm03.fr\/index.php?rest_route=\/wp\/v2\/users\/1"}],"replies":[{"embeddable":true,"href":"https:\/\/www.cpcm03.fr\/index.php?rest_route=%2Fwp%2Fv2%2Fcomments&post=3383"}],"version-history":[{"count":2,"href":"https:\/\/www.cpcm03.fr\/index.php?rest_route=\/wp\/v2\/pages\/3383\/revisions"}],"predecessor-version":[{"id":3403,"href":"https:\/\/www.cpcm03.fr\/index.php?rest_route=\/wp\/v2\/pages\/3383\/revisions\/3403"}],"wp:attachment":[{"href":"https:\/\/www.cpcm03.fr\/index.php?rest_route=%2Fwp%2Fv2%2Fmedia&parent=3383"}],"curies":[{"name":"wp","href":"https:\/\/api.w.org\/{rel}","templated":true}]}}