{"id":3472,"date":"2021-05-31T23:24:02","date_gmt":"2021-05-31T21:24:02","guid":{"rendered":"http:\/\/www.cpcm03.fr\/?page_id=3472"},"modified":"2021-05-31T23:29:55","modified_gmt":"2021-05-31T21:29:55","slug":"serie-3-de-benedicte","status":"publish","type":"page","link":"https:\/\/www.cpcm03.fr\/?page_id=3472","title":{"rendered":"S\u00e9rie 3 de B\u00e9n\u00e9dicte"},"content":{"rendered":"\n<p class=\"has-text-align-center\">Animaux par B\u00e9n\u00e9dicte<\/p>\n\n\n\n<figure class=\"wp-block-image size-large\"><img loading=\"lazy\" decoding=\"async\" width=\"800\" height=\"533\" src=\"http:\/\/www.cpcm03.fr\/wp-content\/uploads\/2021\/05\/S\u00e9rie-B\u00e9n\u00e9dicte-P8178794-3m-800x533.jpg\" alt=\"\" class=\"wp-image-3475\" srcset=\"https:\/\/www.cpcm03.fr\/wp-content\/uploads\/2021\/05\/S\u00e9rie-B\u00e9n\u00e9dicte-P8178794-3m-800x533.jpg 800w, https:\/\/www.cpcm03.fr\/wp-content\/uploads\/2021\/05\/S\u00e9rie-B\u00e9n\u00e9dicte-P8178794-3m-300x200.jpg 300w, https:\/\/www.cpcm03.fr\/wp-content\/uploads\/2021\/05\/S\u00e9rie-B\u00e9n\u00e9dicte-P8178794-3m-768x512.jpg 768w, https:\/\/www.cpcm03.fr\/wp-content\/uploads\/2021\/05\/S\u00e9rie-B\u00e9n\u00e9dicte-P8178794-3m.jpg 900w\" sizes=\"auto, (max-width: 800px) 100vw, 800px\" \/><\/figure>\n\n\n\n<figure class=\"wp-block-image size-large\"><img loading=\"lazy\" decoding=\"async\" width=\"800\" height=\"533\" src=\"http:\/\/www.cpcm03.fr\/wp-content\/uploads\/2021\/05\/S\u00e9rie-B\u00e9n\u00e9dicte-P8178800-2m-800x533.jpg\" alt=\"\" class=\"wp-image-3476\" srcset=\"https:\/\/www.cpcm03.fr\/wp-content\/uploads\/2021\/05\/S\u00e9rie-B\u00e9n\u00e9dicte-P8178800-2m-800x533.jpg 800w, https:\/\/www.cpcm03.fr\/wp-content\/uploads\/2021\/05\/S\u00e9rie-B\u00e9n\u00e9dicte-P8178800-2m-300x200.jpg 300w, https:\/\/www.cpcm03.fr\/wp-content\/uploads\/2021\/05\/S\u00e9rie-B\u00e9n\u00e9dicte-P8178800-2m-768x512.jpg 768w, https:\/\/www.cpcm03.fr\/wp-content\/uploads\/2021\/05\/S\u00e9rie-B\u00e9n\u00e9dicte-P8178800-2m.jpg 900w\" sizes=\"auto, (max-width: 800px) 100vw, 800px\" \/><\/figure>\n\n\n\n<div class=\"wp-block-image\"><figure class=\"aligncenter size-large\"><img loading=\"lazy\" decoding=\"async\" width=\"533\" height=\"800\" src=\"http:\/\/www.cpcm03.fr\/wp-content\/uploads\/2021\/05\/S\u00e9rie-B\u00e9n\u00e9dicte-P8178806-2m-533x800.jpg\" alt=\"\" class=\"wp-image-3477\" srcset=\"https:\/\/www.cpcm03.fr\/wp-content\/uploads\/2021\/05\/S\u00e9rie-B\u00e9n\u00e9dicte-P8178806-2m-533x800.jpg 533w, https:\/\/www.cpcm03.fr\/wp-content\/uploads\/2021\/05\/S\u00e9rie-B\u00e9n\u00e9dicte-P8178806-2m-200x300.jpg 200w, https:\/\/www.cpcm03.fr\/wp-content\/uploads\/2021\/05\/S\u00e9rie-B\u00e9n\u00e9dicte-P8178806-2m.jpg 600w\" sizes=\"auto, (max-width: 533px) 100vw, 533px\" \/><\/figure><\/div>\n\n\n\n<figure class=\"wp-block-image size-large\"><img loading=\"lazy\" decoding=\"async\" width=\"800\" height=\"533\" src=\"http:\/\/www.cpcm03.fr\/wp-content\/uploads\/2021\/05\/S\u00e9rie-B\u00e9n\u00e9dicte-P8178821-2m-800x533.jpg\" alt=\"\" class=\"wp-image-3478\" srcset=\"https:\/\/www.cpcm03.fr\/wp-content\/uploads\/2021\/05\/S\u00e9rie-B\u00e9n\u00e9dicte-P8178821-2m-800x533.jpg 800w, https:\/\/www.cpcm03.fr\/wp-content\/uploads\/2021\/05\/S\u00e9rie-B\u00e9n\u00e9dicte-P8178821-2m-300x200.jpg 300w, https:\/\/www.cpcm03.fr\/wp-content\/uploads\/2021\/05\/S\u00e9rie-B\u00e9n\u00e9dicte-P8178821-2m-768x512.jpg 768w, https:\/\/www.cpcm03.fr\/wp-content\/uploads\/2021\/05\/S\u00e9rie-B\u00e9n\u00e9dicte-P8178821-2m.jpg 900w\" sizes=\"auto, (max-width: 800px) 100vw, 800px\" \/><\/figure>\n\n\n\n<div class=\"wp-block-image\"><figure class=\"aligncenter size-large\"><img loading=\"lazy\" decoding=\"async\" width=\"533\" height=\"800\" src=\"http:\/\/www.cpcm03.fr\/wp-content\/uploads\/2021\/05\/S\u00e9rie-B\u00e9n\u00e9dicte-P8178827-2m-533x800.jpg\" alt=\"\" class=\"wp-image-3479\" srcset=\"https:\/\/www.cpcm03.fr\/wp-content\/uploads\/2021\/05\/S\u00e9rie-B\u00e9n\u00e9dicte-P8178827-2m-533x800.jpg 533w, https:\/\/www.cpcm03.fr\/wp-content\/uploads\/2021\/05\/S\u00e9rie-B\u00e9n\u00e9dicte-P8178827-2m-200x300.jpg 200w, https:\/\/www.cpcm03.fr\/wp-content\/uploads\/2021\/05\/S\u00e9rie-B\u00e9n\u00e9dicte-P8178827-2m.jpg 600w\" sizes=\"auto, (max-width: 533px) 100vw, 533px\" \/><\/figure><\/div>\n\n\n\n<div class=\"wp-block-image\"><figure class=\"aligncenter size-large\"><img loading=\"lazy\" decoding=\"async\" width=\"533\" height=\"800\" src=\"http:\/\/www.cpcm03.fr\/wp-content\/uploads\/2021\/05\/S\u00e9rie-B\u00e9n\u00e9dicte-P8178848-2m-533x800.jpg\" alt=\"\" class=\"wp-image-3480\" srcset=\"https:\/\/www.cpcm03.fr\/wp-content\/uploads\/2021\/05\/S\u00e9rie-B\u00e9n\u00e9dicte-P8178848-2m-533x800.jpg 533w, https:\/\/www.cpcm03.fr\/wp-content\/uploads\/2021\/05\/S\u00e9rie-B\u00e9n\u00e9dicte-P8178848-2m-200x300.jpg 200w, https:\/\/www.cpcm03.fr\/wp-content\/uploads\/2021\/05\/S\u00e9rie-B\u00e9n\u00e9dicte-P8178848-2m.jpg 600w\" sizes=\"auto, (max-width: 533px) 100vw, 533px\" \/><\/figure><\/div>\n\n\n\n<figure class=\"wp-block-image size-large\"><img loading=\"lazy\" decoding=\"async\" width=\"800\" height=\"533\" src=\"http:\/\/www.cpcm03.fr\/wp-content\/uploads\/2021\/05\/S\u00e9rie-B\u00e9n\u00e9dicte-P8178867-2m-800x533.jpg\" alt=\"\" class=\"wp-image-3481\" srcset=\"https:\/\/www.cpcm03.fr\/wp-content\/uploads\/2021\/05\/S\u00e9rie-B\u00e9n\u00e9dicte-P8178867-2m-800x533.jpg 800w, https:\/\/www.cpcm03.fr\/wp-content\/uploads\/2021\/05\/S\u00e9rie-B\u00e9n\u00e9dicte-P8178867-2m-300x200.jpg 300w, https:\/\/www.cpcm03.fr\/wp-content\/uploads\/2021\/05\/S\u00e9rie-B\u00e9n\u00e9dicte-P8178867-2m-768x512.jpg 768w, https:\/\/www.cpcm03.fr\/wp-content\/uploads\/2021\/05\/S\u00e9rie-B\u00e9n\u00e9dicte-P8178867-2m.jpg 900w\" sizes=\"auto, (max-width: 800px) 100vw, 800px\" \/><\/figure>\n\n\n\n<figure class=\"wp-block-image size-large\"><img loading=\"lazy\" decoding=\"async\" width=\"800\" height=\"533\" src=\"http:\/\/www.cpcm03.fr\/wp-content\/uploads\/2021\/05\/S\u00e9rie-B\u00e9n\u00e9dicte-P8178869-2m-800x533.jpg\" alt=\"\" class=\"wp-image-3482\" srcset=\"https:\/\/www.cpcm03.fr\/wp-content\/uploads\/2021\/05\/S\u00e9rie-B\u00e9n\u00e9dicte-P8178869-2m-800x533.jpg 800w, https:\/\/www.cpcm03.fr\/wp-content\/uploads\/2021\/05\/S\u00e9rie-B\u00e9n\u00e9dicte-P8178869-2m-300x200.jpg 300w, https:\/\/www.cpcm03.fr\/wp-content\/uploads\/2021\/05\/S\u00e9rie-B\u00e9n\u00e9dicte-P8178869-2m-768x512.jpg 768w, https:\/\/www.cpcm03.fr\/wp-content\/uploads\/2021\/05\/S\u00e9rie-B\u00e9n\u00e9dicte-P8178869-2m.jpg 900w\" sizes=\"auto, (max-width: 800px) 100vw, 800px\" \/><\/figure>\n\n\n\n<figure class=\"wp-block-image size-large\"><img loading=\"lazy\" decoding=\"async\" width=\"800\" height=\"610\" src=\"http:\/\/www.cpcm03.fr\/wp-content\/uploads\/2021\/05\/S\u00e9rie-B\u00e9n\u00e9dicte-P8178872-2m-800x610.jpg\" alt=\"\" class=\"wp-image-3483\" srcset=\"https:\/\/www.cpcm03.fr\/wp-content\/uploads\/2021\/05\/S\u00e9rie-B\u00e9n\u00e9dicte-P8178872-2m-800x610.jpg 800w, https:\/\/www.cpcm03.fr\/wp-content\/uploads\/2021\/05\/S\u00e9rie-B\u00e9n\u00e9dicte-P8178872-2m-300x229.jpg 300w, https:\/\/www.cpcm03.fr\/wp-content\/uploads\/2021\/05\/S\u00e9rie-B\u00e9n\u00e9dicte-P8178872-2m-768x585.jpg 768w, https:\/\/www.cpcm03.fr\/wp-content\/uploads\/2021\/05\/S\u00e9rie-B\u00e9n\u00e9dicte-P8178872-2m.jpg 900w\" sizes=\"auto, (max-width: 800px) 100vw, 800px\" \/><\/figure>\n\n\n\n<figure class=\"wp-block-image size-large\"><img loading=\"lazy\" decoding=\"async\" width=\"800\" height=\"600\" src=\"http:\/\/www.cpcm03.fr\/wp-content\/uploads\/2021\/05\/S\u00e9rie-B\u00e9n\u00e9dicte-P8178875-2m-800x600.jpg\" alt=\"\" class=\"wp-image-3484\" srcset=\"https:\/\/www.cpcm03.fr\/wp-content\/uploads\/2021\/05\/S\u00e9rie-B\u00e9n\u00e9dicte-P8178875-2m-800x600.jpg 800w, https:\/\/www.cpcm03.fr\/wp-content\/uploads\/2021\/05\/S\u00e9rie-B\u00e9n\u00e9dicte-P8178875-2m-300x225.jpg 300w, https:\/\/www.cpcm03.fr\/wp-content\/uploads\/2021\/05\/S\u00e9rie-B\u00e9n\u00e9dicte-P8178875-2m-768x576.jpg 768w, https:\/\/www.cpcm03.fr\/wp-content\/uploads\/2021\/05\/S\u00e9rie-B\u00e9n\u00e9dicte-P8178875-2m.jpg 900w\" sizes=\"auto, (max-width: 800px) 100vw, 800px\" \/><\/figure>\n\n\n\n<figure class=\"wp-block-image size-large\"><img loading=\"lazy\" decoding=\"async\" width=\"800\" height=\"600\" src=\"http:\/\/www.cpcm03.fr\/wp-content\/uploads\/2021\/05\/S\u00e9rie-B\u00e9n\u00e9dicte-P8178876-2m-800x600.jpg\" alt=\"\" class=\"wp-image-3485\" srcset=\"https:\/\/www.cpcm03.fr\/wp-content\/uploads\/2021\/05\/S\u00e9rie-B\u00e9n\u00e9dicte-P8178876-2m-800x600.jpg 800w, https:\/\/www.cpcm03.fr\/wp-content\/uploads\/2021\/05\/S\u00e9rie-B\u00e9n\u00e9dicte-P8178876-2m-300x225.jpg 300w, https:\/\/www.cpcm03.fr\/wp-content\/uploads\/2021\/05\/S\u00e9rie-B\u00e9n\u00e9dicte-P8178876-2m-768x576.jpg 768w, https:\/\/www.cpcm03.fr\/wp-content\/uploads\/2021\/05\/S\u00e9rie-B\u00e9n\u00e9dicte-P8178876-2m.jpg 900w\" sizes=\"auto, (max-width: 800px) 100vw, 800px\" \/><\/figure>\n\n\n\n<figure class=\"wp-block-image size-large\"><img loading=\"lazy\" decoding=\"async\" width=\"800\" height=\"533\" src=\"http:\/\/www.cpcm03.fr\/wp-content\/uploads\/2021\/05\/S\u00e9rie-B\u00e9n\u00e9dicte-P8178879-2m-800x533.jpg\" alt=\"\" class=\"wp-image-3486\" srcset=\"https:\/\/www.cpcm03.fr\/wp-content\/uploads\/2021\/05\/S\u00e9rie-B\u00e9n\u00e9dicte-P8178879-2m-800x533.jpg 800w, https:\/\/www.cpcm03.fr\/wp-content\/uploads\/2021\/05\/S\u00e9rie-B\u00e9n\u00e9dicte-P8178879-2m-300x200.jpg 300w, https:\/\/www.cpcm03.fr\/wp-content\/uploads\/2021\/05\/S\u00e9rie-B\u00e9n\u00e9dicte-P8178879-2m-768x512.jpg 768w, https:\/\/www.cpcm03.fr\/wp-content\/uploads\/2021\/05\/S\u00e9rie-B\u00e9n\u00e9dicte-P8178879-2m.jpg 900w\" sizes=\"auto, (max-width: 800px) 100vw, 800px\" \/><\/figure>\n","protected":false},"excerpt":{"rendered":"<p>Animaux par B\u00e9n\u00e9dicte<\/p>\n","protected":false},"author":1,"featured_media":0,"parent":0,"menu_order":0,"comment_status":"closed","ping_status":"closed","template":"","meta":{"_bbp_topic_count":0,"_bbp_reply_count":0,"_bbp_total_topic_count":0,"_bbp_total_reply_count":0,"_bbp_voice_count":0,"_bbp_anonymous_reply_count":0,"_bbp_topic_count_hidden":0,"_bbp_reply_count_hidden":0,"_bbp_forum_subforum_count":0,"om_disable_all_campaigns":false,"_monsterinsights_skip_tracking":false,"_monsterinsights_sitenote_active":false,"_monsterinsights_sitenote_note":"","_monsterinsights_sitenote_category":0,"_uf_show_specific_survey":0,"_uf_disable_surveys":false,"footnotes":""},"class_list":["post-3472","page","type-page","status-publish","hentry"],"aioseo_notices":[],"_links":{"self":[{"href":"https:\/\/www.cpcm03.fr\/index.php?rest_route=\/wp\/v2\/pages\/3472","targetHints":{"allow":["GET"]}}],"collection":[{"href":"https:\/\/www.cpcm03.fr\/index.php?rest_route=\/wp\/v2\/pages"}],"about":[{"href":"https:\/\/www.cpcm03.fr\/index.php?rest_route=\/wp\/v2\/types\/page"}],"author":[{"embeddable":true,"href":"https:\/\/www.cpcm03.fr\/index.php?rest_route=\/wp\/v2\/users\/1"}],"replies":[{"embeddable":true,"href":"https:\/\/www.cpcm03.fr\/index.php?rest_route=%2Fwp%2Fv2%2Fcomments&post=3472"}],"version-history":[{"count":3,"href":"https:\/\/www.cpcm03.fr\/index.php?rest_route=\/wp\/v2\/pages\/3472\/revisions"}],"predecessor-version":[{"id":3488,"href":"https:\/\/www.cpcm03.fr\/index.php?rest_route=\/wp\/v2\/pages\/3472\/revisions\/3488"}],"wp:attachment":[{"href":"https:\/\/www.cpcm03.fr\/index.php?rest_route=%2Fwp%2Fv2%2Fmedia&parent=3472"}],"curies":[{"name":"wp","href":"https:\/\/api.w.org\/{rel}","templated":true}]}}