{"id":3619,"date":"2021-07-09T23:06:37","date_gmt":"2021-07-09T21:06:37","guid":{"rendered":"http:\/\/www.cpcm03.fr\/?page_id=3619"},"modified":"2021-07-15T22:22:19","modified_gmt":"2021-07-15T20:22:19","slug":"mai-2021","status":"publish","type":"page","link":"https:\/\/www.cpcm03.fr\/?page_id=3619","title":{"rendered":"Mai 2021"},"content":{"rendered":"\n<p>D\u00e9fi \u00a0\u00bb Architecture \u00ab\u00a0<\/p>\n\n\n\n<figure class=\"wp-block-image size-large\"><img loading=\"lazy\" decoding=\"async\" width=\"800\" height=\"549\" src=\"http:\/\/www.cpcm03.fr\/wp-content\/uploads\/2021\/07\/Antoine-D\u00e9fi-Architecture-1-1-800x549.jpg\" alt=\"\" class=\"wp-image-3633\" srcset=\"https:\/\/www.cpcm03.fr\/wp-content\/uploads\/2021\/07\/Antoine-D\u00e9fi-Architecture-1-1-800x549.jpg 800w, https:\/\/www.cpcm03.fr\/wp-content\/uploads\/2021\/07\/Antoine-D\u00e9fi-Architecture-1-1-300x206.jpg 300w, https:\/\/www.cpcm03.fr\/wp-content\/uploads\/2021\/07\/Antoine-D\u00e9fi-Architecture-1-1-768x527.jpg 768w, https:\/\/www.cpcm03.fr\/wp-content\/uploads\/2021\/07\/Antoine-D\u00e9fi-Architecture-1-1-1536x1053.jpg 1536w, https:\/\/www.cpcm03.fr\/wp-content\/uploads\/2021\/07\/Antoine-D\u00e9fi-Architecture-1-1-1200x823.jpg 1200w, https:\/\/www.cpcm03.fr\/wp-content\/uploads\/2021\/07\/Antoine-D\u00e9fi-Architecture-1-1.jpg 1600w\" sizes=\"auto, (max-width: 800px) 100vw, 800px\" \/><\/figure>\n\n\n\n<div class=\"wp-block-image\"><figure class=\"aligncenter size-large\"><img loading=\"lazy\" decoding=\"async\" width=\"533\" height=\"800\" src=\"http:\/\/www.cpcm03.fr\/wp-content\/uploads\/2021\/07\/B\u00e9n\u00e9dicte-D\u00e9fi-Architecture-2-533x800.jpg\" alt=\"\" class=\"wp-image-3623\" srcset=\"https:\/\/www.cpcm03.fr\/wp-content\/uploads\/2021\/07\/B\u00e9n\u00e9dicte-D\u00e9fi-Architecture-2-533x800.jpg 533w, https:\/\/www.cpcm03.fr\/wp-content\/uploads\/2021\/07\/B\u00e9n\u00e9dicte-D\u00e9fi-Architecture-2-200x300.jpg 200w, https:\/\/www.cpcm03.fr\/wp-content\/uploads\/2021\/07\/B\u00e9n\u00e9dicte-D\u00e9fi-Architecture-2-768x1153.jpg 768w, https:\/\/www.cpcm03.fr\/wp-content\/uploads\/2021\/07\/B\u00e9n\u00e9dicte-D\u00e9fi-Architecture-2-1023x1536.jpg 1023w, https:\/\/www.cpcm03.fr\/wp-content\/uploads\/2021\/07\/B\u00e9n\u00e9dicte-D\u00e9fi-Architecture-2.jpg 1066w\" sizes=\"auto, (max-width: 533px) 100vw, 533px\" \/><\/figure><\/div>\n\n\n\n<div class=\"wp-block-image\"><figure class=\"aligncenter size-large\"><img loading=\"lazy\" decoding=\"async\" width=\"600\" height=\"800\" src=\"http:\/\/www.cpcm03.fr\/wp-content\/uploads\/2021\/07\/Caroline-D\u00e9fi-Architecture--600x800.jpg\" alt=\"\" class=\"wp-image-3711\" srcset=\"https:\/\/www.cpcm03.fr\/wp-content\/uploads\/2021\/07\/Caroline-D\u00e9fi-Architecture--600x800.jpg 600w, https:\/\/www.cpcm03.fr\/wp-content\/uploads\/2021\/07\/Caroline-D\u00e9fi-Architecture--225x300.jpg 225w, https:\/\/www.cpcm03.fr\/wp-content\/uploads\/2021\/07\/Caroline-D\u00e9fi-Architecture-.jpg 675w\" sizes=\"auto, (max-width: 600px) 100vw, 600px\" \/><\/figure><\/div>\n\n\n\n<div class=\"wp-block-image\"><figure class=\"aligncenter size-large\"><img loading=\"lazy\" decoding=\"async\" width=\"534\" height=\"800\" src=\"http:\/\/www.cpcm03.fr\/wp-content\/uploads\/2021\/07\/Christine-D\u00e9fi-Architecture-1-534x800.jpg\" alt=\"\" class=\"wp-image-3624\" srcset=\"https:\/\/www.cpcm03.fr\/wp-content\/uploads\/2021\/07\/Christine-D\u00e9fi-Architecture-1-534x800.jpg 534w, https:\/\/www.cpcm03.fr\/wp-content\/uploads\/2021\/07\/Christine-D\u00e9fi-Architecture-1-200x300.jpg 200w, https:\/\/www.cpcm03.fr\/wp-content\/uploads\/2021\/07\/Christine-D\u00e9fi-Architecture-1-768x1152.jpg 768w, https:\/\/www.cpcm03.fr\/wp-content\/uploads\/2021\/07\/Christine-D\u00e9fi-Architecture-1-1024x1536.jpg 1024w, https:\/\/www.cpcm03.fr\/wp-content\/uploads\/2021\/07\/Christine-D\u00e9fi-Architecture-1.jpg 1067w\" sizes=\"auto, (max-width: 534px) 100vw, 534px\" \/><\/figure><\/div>\n\n\n\n<figure class=\"wp-block-image size-large\"><img loading=\"lazy\" decoding=\"async\" width=\"800\" height=\"600\" src=\"http:\/\/www.cpcm03.fr\/wp-content\/uploads\/2021\/07\/Claudine-D\u00e9fi-Architecture-800x600.jpg\" alt=\"\" class=\"wp-image-3625\" srcset=\"https:\/\/www.cpcm03.fr\/wp-content\/uploads\/2021\/07\/Claudine-D\u00e9fi-Architecture-800x600.jpg 800w, https:\/\/www.cpcm03.fr\/wp-content\/uploads\/2021\/07\/Claudine-D\u00e9fi-Architecture-300x225.jpg 300w, https:\/\/www.cpcm03.fr\/wp-content\/uploads\/2021\/07\/Claudine-D\u00e9fi-Architecture-768x576.jpg 768w, https:\/\/www.cpcm03.fr\/wp-content\/uploads\/2021\/07\/Claudine-D\u00e9fi-Architecture-1536x1152.jpg 1536w, https:\/\/www.cpcm03.fr\/wp-content\/uploads\/2021\/07\/Claudine-D\u00e9fi-Architecture-1200x900.jpg 1200w, https:\/\/www.cpcm03.fr\/wp-content\/uploads\/2021\/07\/Claudine-D\u00e9fi-Architecture.jpg 1600w\" sizes=\"auto, (max-width: 800px) 100vw, 800px\" \/><\/figure>\n\n\n\n<figure class=\"wp-block-image size-large\"><img loading=\"lazy\" decoding=\"async\" width=\"800\" height=\"534\" src=\"http:\/\/www.cpcm03.fr\/wp-content\/uploads\/2021\/07\/Gilles-D\u00e9fi-Architecture-800x534.jpg\" alt=\"\" class=\"wp-image-3626\" srcset=\"https:\/\/www.cpcm03.fr\/wp-content\/uploads\/2021\/07\/Gilles-D\u00e9fi-Architecture-800x534.jpg 800w, https:\/\/www.cpcm03.fr\/wp-content\/uploads\/2021\/07\/Gilles-D\u00e9fi-Architecture-300x200.jpg 300w, https:\/\/www.cpcm03.fr\/wp-content\/uploads\/2021\/07\/Gilles-D\u00e9fi-Architecture-768x512.jpg 768w, https:\/\/www.cpcm03.fr\/wp-content\/uploads\/2021\/07\/Gilles-D\u00e9fi-Architecture-1536x1024.jpg 1536w, https:\/\/www.cpcm03.fr\/wp-content\/uploads\/2021\/07\/Gilles-D\u00e9fi-Architecture-1200x800.jpg 1200w, https:\/\/www.cpcm03.fr\/wp-content\/uploads\/2021\/07\/Gilles-D\u00e9fi-Architecture.jpg 1600w\" sizes=\"auto, (max-width: 800px) 100vw, 800px\" \/><\/figure>\n\n\n\n<figure class=\"wp-block-image size-large\"><img loading=\"lazy\" decoding=\"async\" width=\"800\" height=\"534\" src=\"http:\/\/www.cpcm03.fr\/wp-content\/uploads\/2021\/07\/Jocelyne-D\u00e9fi-Architecture--800x534.jpg\" alt=\"\" class=\"wp-image-3628\" srcset=\"https:\/\/www.cpcm03.fr\/wp-content\/uploads\/2021\/07\/Jocelyne-D\u00e9fi-Architecture--800x534.jpg 800w, https:\/\/www.cpcm03.fr\/wp-content\/uploads\/2021\/07\/Jocelyne-D\u00e9fi-Architecture--300x200.jpg 300w, https:\/\/www.cpcm03.fr\/wp-content\/uploads\/2021\/07\/Jocelyne-D\u00e9fi-Architecture--768x512.jpg 768w, https:\/\/www.cpcm03.fr\/wp-content\/uploads\/2021\/07\/Jocelyne-D\u00e9fi-Architecture--1536x1024.jpg 1536w, https:\/\/www.cpcm03.fr\/wp-content\/uploads\/2021\/07\/Jocelyne-D\u00e9fi-Architecture--1200x800.jpg 1200w, https:\/\/www.cpcm03.fr\/wp-content\/uploads\/2021\/07\/Jocelyne-D\u00e9fi-Architecture-.jpg 1600w\" sizes=\"auto, (max-width: 800px) 100vw, 800px\" \/><\/figure>\n\n\n\n<figure class=\"wp-block-image size-large\"><img loading=\"lazy\" decoding=\"async\" width=\"800\" height=\"600\" src=\"http:\/\/www.cpcm03.fr\/wp-content\/uploads\/2021\/07\/L\u00e9a-D\u00e9fi-Architecture--800x600.jpg\" alt=\"\" class=\"wp-image-3629\" srcset=\"https:\/\/www.cpcm03.fr\/wp-content\/uploads\/2021\/07\/L\u00e9a-D\u00e9fi-Architecture--800x600.jpg 800w, https:\/\/www.cpcm03.fr\/wp-content\/uploads\/2021\/07\/L\u00e9a-D\u00e9fi-Architecture--300x225.jpg 300w, https:\/\/www.cpcm03.fr\/wp-content\/uploads\/2021\/07\/L\u00e9a-D\u00e9fi-Architecture--768x576.jpg 768w, https:\/\/www.cpcm03.fr\/wp-content\/uploads\/2021\/07\/L\u00e9a-D\u00e9fi-Architecture--1536x1152.jpg 1536w, https:\/\/www.cpcm03.fr\/wp-content\/uploads\/2021\/07\/L\u00e9a-D\u00e9fi-Architecture--1200x900.jpg 1200w, https:\/\/www.cpcm03.fr\/wp-content\/uploads\/2021\/07\/L\u00e9a-D\u00e9fi-Architecture-.jpg 1600w\" sizes=\"auto, (max-width: 800px) 100vw, 800px\" \/><\/figure>\n\n\n\n<figure class=\"wp-block-image size-large\"><img loading=\"lazy\" decoding=\"async\" width=\"800\" height=\"600\" src=\"http:\/\/www.cpcm03.fr\/wp-content\/uploads\/2021\/07\/No\u00eblle-D\u00e9fi-Architecture-800x600.jpg\" alt=\"\" class=\"wp-image-3630\" srcset=\"https:\/\/www.cpcm03.fr\/wp-content\/uploads\/2021\/07\/No\u00eblle-D\u00e9fi-Architecture-800x600.jpg 800w, https:\/\/www.cpcm03.fr\/wp-content\/uploads\/2021\/07\/No\u00eblle-D\u00e9fi-Architecture-300x225.jpg 300w, https:\/\/www.cpcm03.fr\/wp-content\/uploads\/2021\/07\/No\u00eblle-D\u00e9fi-Architecture-768x576.jpg 768w, https:\/\/www.cpcm03.fr\/wp-content\/uploads\/2021\/07\/No\u00eblle-D\u00e9fi-Architecture-1536x1152.jpg 1536w, https:\/\/www.cpcm03.fr\/wp-content\/uploads\/2021\/07\/No\u00eblle-D\u00e9fi-Architecture-1200x900.jpg 1200w, https:\/\/www.cpcm03.fr\/wp-content\/uploads\/2021\/07\/No\u00eblle-D\u00e9fi-Architecture.jpg 1600w\" sizes=\"auto, (max-width: 800px) 100vw, 800px\" \/><\/figure>\n\n\n\n<div class=\"wp-block-image\"><figure class=\"aligncenter size-large\"><img loading=\"lazy\" decoding=\"async\" width=\"533\" height=\"800\" src=\"http:\/\/www.cpcm03.fr\/wp-content\/uploads\/2021\/07\/Patricia-D\u00e9fi-Architecture--533x800.jpg\" alt=\"\" class=\"wp-image-3631\" srcset=\"https:\/\/www.cpcm03.fr\/wp-content\/uploads\/2021\/07\/Patricia-D\u00e9fi-Architecture--533x800.jpg 533w, https:\/\/www.cpcm03.fr\/wp-content\/uploads\/2021\/07\/Patricia-D\u00e9fi-Architecture--200x300.jpg 200w, https:\/\/www.cpcm03.fr\/wp-content\/uploads\/2021\/07\/Patricia-D\u00e9fi-Architecture--768x1153.jpg 768w, https:\/\/www.cpcm03.fr\/wp-content\/uploads\/2021\/07\/Patricia-D\u00e9fi-Architecture--1023x1536.jpg 1023w, https:\/\/www.cpcm03.fr\/wp-content\/uploads\/2021\/07\/Patricia-D\u00e9fi-Architecture-.jpg 1066w\" sizes=\"auto, (max-width: 533px) 100vw, 533px\" \/><\/figure><\/div>\n\n\n","protected":false},"excerpt":{"rendered":"<p>D\u00e9fi \u00a0\u00bb Architecture \u00ab\u00a0<\/p>\n","protected":false},"author":1,"featured_media":0,"parent":0,"menu_order":0,"comment_status":"closed","ping_status":"closed","template":"","meta":{"_bbp_topic_count":0,"_bbp_reply_count":0,"_bbp_total_topic_count":0,"_bbp_total_reply_count":0,"_bbp_voice_count":0,"_bbp_anonymous_reply_count":0,"_bbp_topic_count_hidden":0,"_bbp_reply_count_hidden":0,"_bbp_forum_subforum_count":0,"om_disable_all_campaigns":false,"_monsterinsights_skip_tracking":false,"_monsterinsights_sitenote_active":false,"_monsterinsights_sitenote_note":"","_monsterinsights_sitenote_category":0,"_uf_show_specific_survey":0,"_uf_disable_surveys":false,"footnotes":""},"class_list":["post-3619","page","type-page","status-publish","hentry"],"aioseo_notices":[],"_links":{"self":[{"href":"https:\/\/www.cpcm03.fr\/index.php?rest_route=\/wp\/v2\/pages\/3619","targetHints":{"allow":["GET"]}}],"collection":[{"href":"https:\/\/www.cpcm03.fr\/index.php?rest_route=\/wp\/v2\/pages"}],"about":[{"href":"https:\/\/www.cpcm03.fr\/index.php?rest_route=\/wp\/v2\/types\/page"}],"author":[{"embeddable":true,"href":"https:\/\/www.cpcm03.fr\/index.php?rest_route=\/wp\/v2\/users\/1"}],"replies":[{"embeddable":true,"href":"https:\/\/www.cpcm03.fr\/index.php?rest_route=%2Fwp%2Fv2%2Fcomments&post=3619"}],"version-history":[{"count":4,"href":"https:\/\/www.cpcm03.fr\/index.php?rest_route=\/wp\/v2\/pages\/3619\/revisions"}],"predecessor-version":[{"id":3712,"href":"https:\/\/www.cpcm03.fr\/index.php?rest_route=\/wp\/v2\/pages\/3619\/revisions\/3712"}],"wp:attachment":[{"href":"https:\/\/www.cpcm03.fr\/index.php?rest_route=%2Fwp%2Fv2%2Fmedia&parent=3619"}],"curies":[{"name":"wp","href":"https:\/\/api.w.org\/{rel}","templated":true}]}}