{"id":3675,"date":"2021-07-12T15:36:09","date_gmt":"2021-07-12T13:36:09","guid":{"rendered":"http:\/\/www.cpcm03.fr\/?page_id=3675"},"modified":"2025-11-19T18:24:28","modified_gmt":"2025-11-19T17:24:28","slug":"infos-diverses","status":"publish","type":"page","link":"https:\/\/www.cpcm03.fr\/?page_id=3675","title":{"rendered":"Actualit\u00e9s 2020"},"content":{"rendered":"\n<h2 class=\"wp-block-heading\">2020<\/h2>\n\n\n\n<p>_______________________________________________<\/p>\n\n\n\n<p><strong>En raison de la situation sanitaire actuelle, notre exposition qui devait avoir lieu \u00e0 la m\u00e9diath\u00e8que de Montlu\u00e7on d\u00e9but janvier 2021 est report\u00e9e \u00e0 une date ult\u00e9rieure.<\/strong><\/p>\n\n\n\n<p class=\"has-text-align-center\">***<\/p>\n\n\n\n<p>Disparition :<\/p>\n\n\n\n<p>L\u2019actualit\u00e9 de 2020 ne nous a pas \u00e9pargn\u00e9s, Claude Drevet le plus ancien adh\u00e9rent de notre club nous a quitt\u00e9s le 24 mars 2020 \u00e0 l\u2019\u00e2ge de 94 ans. C\u2019\u00e9tait un personnage attachant qui malgr\u00e9 son \u00e2ge continuait \u00e0 s\u2019adonner \u00e0 la photo, sa passion depuis 1992. Sportif, baroudeur il a bourlingu\u00e9 dans de nombreux pays, toujours \u00e0 l\u2019aff\u00fbt, pour le meilleur clich\u00e9, tout en restant un fervent adepte de la photo argentique. Un de nos meilleurs photographes amateurs que nous regrettons vivement.<\/p>\n\n\n\n<p>Ci-dessous un article qui lui avait \u00e9t\u00e9 consacr\u00e9 par le journal La Montagne lors du 51\u00e8me salon du club.<\/p>\n\n\n\n<figure class=\"wp-block-image\"><img loading=\"lazy\" decoding=\"async\" width=\"300\" height=\"345\" src=\"http:\/\/www.cpcm03.fr\/wp-content\/uploads\/2020\/06\/Claude-Drevet-v-1.jpg\" alt=\"\" class=\"wp-image-970\" srcset=\"https:\/\/www.cpcm03.fr\/wp-content\/uploads\/2020\/06\/Claude-Drevet-v-1.jpg 300w, https:\/\/www.cpcm03.fr\/wp-content\/uploads\/2020\/06\/Claude-Drevet-v-1-261x300.jpg 261w\" sizes=\"auto, (max-width: 300px) 100vw, 300px\" \/><figcaption class=\"wp-element-caption\">Claude Drevet<\/figcaption><\/figure>\n\n\n\n<p><a href=\"http:\/\/www.cpcm03.fr\/wp-content\/uploads\/2020\/06\/Claude-Drevet-La-Montagne-3.pdf\">Claude-Drevet-La-Montagne-3<\/a><a href=\"http:\/\/www.cpcm03.fr\/wp-content\/uploads\/2020\/06\/Claude-Drevet-La-Montagne-3.pdf\">T\u00c9L\u00c9CHARGER<\/a><\/p>\n\n\n\n<h6 class=\"wp-block-heading\">***********************************************<\/h6>\n\n\n\n<p><strong>Rencontres Photographiques \u00e0 Vallon en Sully, samedis 18 et 25 \/ dimanches 19 et 26 janvier 2020.<\/strong><\/p>\n\n\n\n<p>Au total 178 photos ont \u00e9t\u00e9 pr\u00e9sent\u00e9es par 10 clubs photo de la r\u00e9gion.<\/p>\n\n\n\n<p><strong>Participation record du CPCM03<\/strong>&nbsp;avec 35 photos.<\/p>\n\n\n\n<p>Avec encore cette ann\u00e9e, un nouveau podium avec l\u2019excellente 2\u00e8me place de B\u00e9n\u00e9dicte dans la cat\u00e9gorie couleur, et un beau tir group\u00e9 des autres participants de notre club.<\/p>\n\n\n\n<p>Les membres du club de Vallon-en-Sully ont \u00e9galement voulu rendre un hommage \u00e0 Christian Saboureau, d\u00e9c\u00e9d\u00e9 le 24 ao\u00fbt 2019, en pr\u00e9sentant quelques-unes de ses photos. Christian \u00e9tait le secr\u00e9taire du CPCM depuis de nombreuses ann\u00e9es, et le principal animateur de notre club. Il \u00e9tait le responsable expo de CPC Montlu\u00e7on entre autre et \u00ab c\u2019est toujours avec plaisir que nous \u00e9changions tous les ans \u00bb, a confi\u00e9 la pr\u00e9sidente du club Liliane Ciofolo lors de son discours d\u2019inauguration.<\/p>\n\n\n\n<figure class=\"wp-block-image\"><img loading=\"lazy\" decoding=\"async\" width=\"1024\" height=\"829\" src=\"http:\/\/www.cpcm03.fr\/wp-content\/uploads\/2020\/05\/Expo-Vallon-janvier-2020-1-1024x829.jpg\" alt=\"\" class=\"wp-image-171\" srcset=\"https:\/\/www.cpcm03.fr\/wp-content\/uploads\/2020\/05\/Expo-Vallon-janvier-2020-1-1024x829.jpg 1024w, https:\/\/www.cpcm03.fr\/wp-content\/uploads\/2020\/05\/Expo-Vallon-janvier-2020-1-300x243.jpg 300w, https:\/\/www.cpcm03.fr\/wp-content\/uploads\/2020\/05\/Expo-Vallon-janvier-2020-1-768x622.jpg 768w, https:\/\/www.cpcm03.fr\/wp-content\/uploads\/2020\/05\/Expo-Vallon-janvier-2020-1.jpg 1200w\" sizes=\"auto, (max-width: 1024px) 100vw, 1024px\" \/><\/figure>\n\n\n\n<p><strong><\/strong>************************************************<\/p>\n\n\n\n<p>Hommage :<\/p>\n\n\n\n<p>Christian, pendant quelques ann\u00e9es, tu as fait vivre la page Facebook du CPCM03, tu publiais des articles et des photos prises par les membres du club. Tu t\u2019acharnais aussi sur la cr\u00e9ation et mise \u00e0 jour d\u2019un nouveau site internet.<\/p>\n\n\n\n<figure class=\"wp-block-image\"><img loading=\"lazy\" decoding=\"async\" width=\"300\" height=\"454\" src=\"http:\/\/www.cpcm03.fr\/wp-content\/uploads\/2020\/06\/Christian-Saboureau-Site-2.jpg\" alt=\"\" class=\"wp-image-879\" srcset=\"https:\/\/www.cpcm03.fr\/wp-content\/uploads\/2020\/06\/Christian-Saboureau-Site-2.jpg 300w, https:\/\/www.cpcm03.fr\/wp-content\/uploads\/2020\/06\/Christian-Saboureau-Site-2-198x300.jpg 198w\" sizes=\"auto, (max-width: 300px) 100vw, 300px\" \/><figcaption class=\"wp-element-caption\">Christian Saboureau<\/figcaption><\/figure>\n\n\n\n<p>Ce club que tu aimais tant ! La photo \u00e9tait ta passion et au fil des quelques ann\u00e9es que nous avons pass\u00e9es \u00e0 tes c\u00f4t\u00e9s, tu as su partager cette passion. Tu aimais donner l\u2019envie de s\u2019int\u00e9resser \u00e0 cet art, et tu y arrivais tr\u00e8s bien ! Tu \u00e9tais gentillesse, douceur, disponibilit\u00e9, patience, tol\u00e9rance, d\u00e9vouement!<\/p>\n\n\n\n<p>Aujourd\u2019hui, tu n\u2019es plus l\u00e0, et nous continuons d\u2019animer notre club, et reprenons donc aussi, le fil de la page Facebook et la poursuite de la communication par la cr\u00e9ation d\u2019un nouveau site Internet que nous te d\u00e9dions.<\/p>\n\n\n\n<p>Tu n\u2019es plus l\u00e0, mais tu es et tu resteras toujours avec nous, dans notre souvenir, dans nos pens\u00e9es ! Tu nous as trac\u00e9 le chemin, alors, si de l\u00e0-haut, tu te disais : \u00ab Bon, ils ne font pas du mauvais boulot ! \u00bb, alors, nous serions satisfaits.<\/p>\n\n\n\n<p>Merci Christian pour tout ce que tu as fait pour nous, pour notre club !<\/p>\n\n\n\n<p>Vive le CPCM03 !<\/p>\n\n\n\n<figure class=\"wp-block-image\"><img decoding=\"async\" src=\"http:\/\/www.cpcm03.fr\/wp-content\/uploads\/2020\/06\/Capture-N%C3%A9crologie-a1-537x800.jpg\" alt=\"\" class=\"wp-image-1738\"\/><\/figure>\n","protected":false},"excerpt":{"rendered":"<p>2020 _______________________________________________ En raison de la situation sanitaire actuelle, notre exposition qui devait avoir lieu \u00e0 la m\u00e9diath\u00e8que de Montlu\u00e7on d\u00e9but janvier 2021 est report\u00e9e \u00e0 une date ult\u00e9rieure. *** Disparition : L\u2019actualit\u00e9 de 2020 ne nous a pas \u00e9pargn\u00e9s, Claude Drevet le plus ancien adh\u00e9rent de notre club nous a quitt\u00e9s le 24 mars [&hellip;]<\/p>\n","protected":false},"author":1,"featured_media":0,"parent":0,"menu_order":0,"comment_status":"closed","ping_status":"closed","template":"","meta":{"_bbp_topic_count":0,"_bbp_reply_count":0,"_bbp_total_topic_count":0,"_bbp_total_reply_count":0,"_bbp_voice_count":0,"_bbp_anonymous_reply_count":0,"_bbp_topic_count_hidden":0,"_bbp_reply_count_hidden":0,"_bbp_forum_subforum_count":0,"om_disable_all_campaigns":false,"_monsterinsights_skip_tracking":false,"_monsterinsights_sitenote_active":false,"_monsterinsights_sitenote_note":"","_monsterinsights_sitenote_category":0,"_uf_show_specific_survey":0,"_uf_disable_surveys":false,"footnotes":""},"class_list":["post-3675","page","type-page","status-publish","hentry"],"aioseo_notices":[],"_links":{"self":[{"href":"https:\/\/www.cpcm03.fr\/index.php?rest_route=\/wp\/v2\/pages\/3675","targetHints":{"allow":["GET"]}}],"collection":[{"href":"https:\/\/www.cpcm03.fr\/index.php?rest_route=\/wp\/v2\/pages"}],"about":[{"href":"https:\/\/www.cpcm03.fr\/index.php?rest_route=\/wp\/v2\/types\/page"}],"author":[{"embeddable":true,"href":"https:\/\/www.cpcm03.fr\/index.php?rest_route=\/wp\/v2\/users\/1"}],"replies":[{"embeddable":true,"href":"https:\/\/www.cpcm03.fr\/index.php?rest_route=%2Fwp%2Fv2%2Fcomments&post=3675"}],"version-history":[{"count":5,"href":"https:\/\/www.cpcm03.fr\/index.php?rest_route=\/wp\/v2\/pages\/3675\/revisions"}],"predecessor-version":[{"id":7150,"href":"https:\/\/www.cpcm03.fr\/index.php?rest_route=\/wp\/v2\/pages\/3675\/revisions\/7150"}],"wp:attachment":[{"href":"https:\/\/www.cpcm03.fr\/index.php?rest_route=%2Fwp%2Fv2%2Fmedia&parent=3675"}],"curies":[{"name":"wp","href":"https:\/\/api.w.org\/{rel}","templated":true}]}}