{"id":3718,"date":"2021-07-17T22:30:47","date_gmt":"2021-07-17T20:30:47","guid":{"rendered":"http:\/\/www.cpcm03.fr\/?page_id=3718"},"modified":"2021-07-26T10:57:42","modified_gmt":"2021-07-26T08:57:42","slug":"juin-2021","status":"publish","type":"page","link":"https:\/\/www.cpcm03.fr\/?page_id=3718","title":{"rendered":"Juin 2021"},"content":{"rendered":"\n<p>D\u00e9fi  &lt; Reflets &gt;<\/p>\n\n\n\n<figure class=\"wp-block-image size-large\"><img loading=\"lazy\" decoding=\"async\" width=\"800\" height=\"533\" src=\"http:\/\/www.cpcm03.fr\/wp-content\/uploads\/2021\/07\/Adrian-D\u00e9fi-reflets-a--800x533.jpg\" alt=\"\" class=\"wp-image-3721\" srcset=\"https:\/\/www.cpcm03.fr\/wp-content\/uploads\/2021\/07\/Adrian-D\u00e9fi-reflets-a--800x533.jpg 800w, https:\/\/www.cpcm03.fr\/wp-content\/uploads\/2021\/07\/Adrian-D\u00e9fi-reflets-a--300x200.jpg 300w, https:\/\/www.cpcm03.fr\/wp-content\/uploads\/2021\/07\/Adrian-D\u00e9fi-reflets-a--768x512.jpg 768w, https:\/\/www.cpcm03.fr\/wp-content\/uploads\/2021\/07\/Adrian-D\u00e9fi-reflets-a-.jpg 900w\" sizes=\"auto, (max-width: 800px) 100vw, 800px\" \/><\/figure>\n\n\n\n<figure class=\"wp-block-image size-large\"><img loading=\"lazy\" decoding=\"async\" width=\"800\" height=\"451\" src=\"http:\/\/www.cpcm03.fr\/wp-content\/uploads\/2021\/07\/Antoine-D\u00e9fi-Reflets-a--800x451.jpg\" alt=\"\" class=\"wp-image-3722\" srcset=\"https:\/\/www.cpcm03.fr\/wp-content\/uploads\/2021\/07\/Antoine-D\u00e9fi-Reflets-a--800x451.jpg 800w, https:\/\/www.cpcm03.fr\/wp-content\/uploads\/2021\/07\/Antoine-D\u00e9fi-Reflets-a--300x169.jpg 300w, https:\/\/www.cpcm03.fr\/wp-content\/uploads\/2021\/07\/Antoine-D\u00e9fi-Reflets-a--768x433.jpg 768w, https:\/\/www.cpcm03.fr\/wp-content\/uploads\/2021\/07\/Antoine-D\u00e9fi-Reflets-a-.jpg 900w\" sizes=\"auto, (max-width: 800px) 100vw, 800px\" \/><\/figure>\n\n\n\n<div class=\"wp-block-image\"><figure class=\"aligncenter size-large\"><img loading=\"lazy\" decoding=\"async\" width=\"600\" height=\"800\" src=\"http:\/\/www.cpcm03.fr\/wp-content\/uploads\/2021\/07\/B\u00e9n\u00e9dicte-D\u00e9fi-reflets-a--600x800.jpg\" alt=\"\" class=\"wp-image-3723\" srcset=\"https:\/\/www.cpcm03.fr\/wp-content\/uploads\/2021\/07\/B\u00e9n\u00e9dicte-D\u00e9fi-reflets-a--600x800.jpg 600w, https:\/\/www.cpcm03.fr\/wp-content\/uploads\/2021\/07\/B\u00e9n\u00e9dicte-D\u00e9fi-reflets-a--225x300.jpg 225w, https:\/\/www.cpcm03.fr\/wp-content\/uploads\/2021\/07\/B\u00e9n\u00e9dicte-D\u00e9fi-reflets-a-.jpg 675w\" sizes=\"auto, (max-width: 600px) 100vw, 600px\" \/><\/figure><\/div>\n\n\n\n<figure class=\"wp-block-image size-large\"><img loading=\"lazy\" decoding=\"async\" width=\"800\" height=\"600\" src=\"http:\/\/www.cpcm03.fr\/wp-content\/uploads\/2021\/07\/Caroline-D\u00e9fi-reflets-800x600.jpg\" alt=\"\" class=\"wp-image-3754\" srcset=\"https:\/\/www.cpcm03.fr\/wp-content\/uploads\/2021\/07\/Caroline-D\u00e9fi-reflets-800x600.jpg 800w, https:\/\/www.cpcm03.fr\/wp-content\/uploads\/2021\/07\/Caroline-D\u00e9fi-reflets-300x225.jpg 300w, https:\/\/www.cpcm03.fr\/wp-content\/uploads\/2021\/07\/Caroline-D\u00e9fi-reflets-768x576.jpg 768w, https:\/\/www.cpcm03.fr\/wp-content\/uploads\/2021\/07\/Caroline-D\u00e9fi-reflets.jpg 900w\" sizes=\"auto, (max-width: 800px) 100vw, 800px\" \/><\/figure>\n\n\n\n<div class=\"wp-block-image\"><figure class=\"aligncenter size-large\"><img loading=\"lazy\" decoding=\"async\" width=\"533\" height=\"800\" src=\"http:\/\/www.cpcm03.fr\/wp-content\/uploads\/2021\/07\/Claudine-D\u00e9fi-reflet-a--533x800.jpg\" alt=\"\" class=\"wp-image-3724\" srcset=\"https:\/\/www.cpcm03.fr\/wp-content\/uploads\/2021\/07\/Claudine-D\u00e9fi-reflet-a--533x800.jpg 533w, https:\/\/www.cpcm03.fr\/wp-content\/uploads\/2021\/07\/Claudine-D\u00e9fi-reflet-a--200x300.jpg 200w, https:\/\/www.cpcm03.fr\/wp-content\/uploads\/2021\/07\/Claudine-D\u00e9fi-reflet-a-.jpg 600w\" sizes=\"auto, (max-width: 533px) 100vw, 533px\" \/><\/figure><\/div>\n\n\n\n<figure class=\"wp-block-image size-large\"><img loading=\"lazy\" decoding=\"async\" width=\"800\" height=\"533\" src=\"http:\/\/www.cpcm03.fr\/wp-content\/uploads\/2021\/07\/Gilles-D\u00e9fi-reflets-a--800x533.jpg\" alt=\"\" class=\"wp-image-3725\" srcset=\"https:\/\/www.cpcm03.fr\/wp-content\/uploads\/2021\/07\/Gilles-D\u00e9fi-reflets-a--800x533.jpg 800w, https:\/\/www.cpcm03.fr\/wp-content\/uploads\/2021\/07\/Gilles-D\u00e9fi-reflets-a--300x200.jpg 300w, https:\/\/www.cpcm03.fr\/wp-content\/uploads\/2021\/07\/Gilles-D\u00e9fi-reflets-a--768x512.jpg 768w, https:\/\/www.cpcm03.fr\/wp-content\/uploads\/2021\/07\/Gilles-D\u00e9fi-reflets-a-.jpg 900w\" sizes=\"auto, (max-width: 800px) 100vw, 800px\" \/><\/figure>\n\n\n\n<figure class=\"wp-block-image size-large\"><img loading=\"lazy\" decoding=\"async\" width=\"800\" height=\"533\" src=\"http:\/\/www.cpcm03.fr\/wp-content\/uploads\/2021\/07\/Jocelyne-D\u00e9fi-reflets-a--800x533.jpg\" alt=\"\" class=\"wp-image-3726\" srcset=\"https:\/\/www.cpcm03.fr\/wp-content\/uploads\/2021\/07\/Jocelyne-D\u00e9fi-reflets-a--800x533.jpg 800w, https:\/\/www.cpcm03.fr\/wp-content\/uploads\/2021\/07\/Jocelyne-D\u00e9fi-reflets-a--300x200.jpg 300w, https:\/\/www.cpcm03.fr\/wp-content\/uploads\/2021\/07\/Jocelyne-D\u00e9fi-reflets-a--768x512.jpg 768w, https:\/\/www.cpcm03.fr\/wp-content\/uploads\/2021\/07\/Jocelyne-D\u00e9fi-reflets-a-.jpg 900w\" sizes=\"auto, (max-width: 800px) 100vw, 800px\" \/><\/figure>\n\n\n\n<figure class=\"wp-block-image size-large\"><img loading=\"lazy\" decoding=\"async\" width=\"800\" height=\"532\" src=\"http:\/\/www.cpcm03.fr\/wp-content\/uploads\/2021\/07\/M\u00e9lanie-D\u00e9fi-reflets-a-800x532.jpg\" alt=\"\" class=\"wp-image-3727\" srcset=\"https:\/\/www.cpcm03.fr\/wp-content\/uploads\/2021\/07\/M\u00e9lanie-D\u00e9fi-reflets-a-800x532.jpg 800w, https:\/\/www.cpcm03.fr\/wp-content\/uploads\/2021\/07\/M\u00e9lanie-D\u00e9fi-reflets-a-300x199.jpg 300w, https:\/\/www.cpcm03.fr\/wp-content\/uploads\/2021\/07\/M\u00e9lanie-D\u00e9fi-reflets-a-768x510.jpg 768w, https:\/\/www.cpcm03.fr\/wp-content\/uploads\/2021\/07\/M\u00e9lanie-D\u00e9fi-reflets-a.jpg 900w\" sizes=\"auto, (max-width: 800px) 100vw, 800px\" \/><\/figure>\n\n\n\n<figure class=\"wp-block-image size-large\"><img loading=\"lazy\" decoding=\"async\" width=\"800\" height=\"600\" src=\"http:\/\/www.cpcm03.fr\/wp-content\/uploads\/2021\/07\/No\u00eblle-D\u00e9fi-reflets-a--800x600.jpg\" alt=\"\" class=\"wp-image-3728\" srcset=\"https:\/\/www.cpcm03.fr\/wp-content\/uploads\/2021\/07\/No\u00eblle-D\u00e9fi-reflets-a--800x600.jpg 800w, https:\/\/www.cpcm03.fr\/wp-content\/uploads\/2021\/07\/No\u00eblle-D\u00e9fi-reflets-a--300x225.jpg 300w, https:\/\/www.cpcm03.fr\/wp-content\/uploads\/2021\/07\/No\u00eblle-D\u00e9fi-reflets-a--768x576.jpg 768w, https:\/\/www.cpcm03.fr\/wp-content\/uploads\/2021\/07\/No\u00eblle-D\u00e9fi-reflets-a-.jpg 900w\" sizes=\"auto, (max-width: 800px) 100vw, 800px\" \/><\/figure>\n\n\n\n<figure class=\"wp-block-image size-large\"><img loading=\"lazy\" decoding=\"async\" width=\"800\" height=\"577\" src=\"http:\/\/www.cpcm03.fr\/wp-content\/uploads\/2021\/07\/Patricia-C.-D\u00e9fi-reflets-a-800x577.jpg\" alt=\"\" class=\"wp-image-3729\" srcset=\"https:\/\/www.cpcm03.fr\/wp-content\/uploads\/2021\/07\/Patricia-C.-D\u00e9fi-reflets-a-800x577.jpg 800w, https:\/\/www.cpcm03.fr\/wp-content\/uploads\/2021\/07\/Patricia-C.-D\u00e9fi-reflets-a-300x216.jpg 300w, https:\/\/www.cpcm03.fr\/wp-content\/uploads\/2021\/07\/Patricia-C.-D\u00e9fi-reflets-a-768x554.jpg 768w, https:\/\/www.cpcm03.fr\/wp-content\/uploads\/2021\/07\/Patricia-C.-D\u00e9fi-reflets-a.jpg 900w\" sizes=\"auto, (max-width: 800px) 100vw, 800px\" \/><\/figure>\n\n\n\n<figure class=\"wp-block-image size-large\"><img loading=\"lazy\" decoding=\"async\" width=\"800\" height=\"533\" src=\"http:\/\/www.cpcm03.fr\/wp-content\/uploads\/2021\/07\/Patricia-D.-D\u00e9fi-reflets-a--800x533.jpg\" alt=\"\" class=\"wp-image-3730\" srcset=\"https:\/\/www.cpcm03.fr\/wp-content\/uploads\/2021\/07\/Patricia-D.-D\u00e9fi-reflets-a--800x533.jpg 800w, https:\/\/www.cpcm03.fr\/wp-content\/uploads\/2021\/07\/Patricia-D.-D\u00e9fi-reflets-a--300x200.jpg 300w, https:\/\/www.cpcm03.fr\/wp-content\/uploads\/2021\/07\/Patricia-D.-D\u00e9fi-reflets-a--768x512.jpg 768w, https:\/\/www.cpcm03.fr\/wp-content\/uploads\/2021\/07\/Patricia-D.-D\u00e9fi-reflets-a-.jpg 900w\" sizes=\"auto, (max-width: 800px) 100vw, 800px\" \/><\/figure>\n\n\n\n<div class=\"wp-block-image\"><figure class=\"aligncenter size-large\"><img loading=\"lazy\" decoding=\"async\" width=\"600\" height=\"800\" src=\"http:\/\/www.cpcm03.fr\/wp-content\/uploads\/2021\/07\/Richard-D\u00e9fi-reflets-a--600x800.jpg\" alt=\"\" class=\"wp-image-3731\" srcset=\"https:\/\/www.cpcm03.fr\/wp-content\/uploads\/2021\/07\/Richard-D\u00e9fi-reflets-a--600x800.jpg 600w, https:\/\/www.cpcm03.fr\/wp-content\/uploads\/2021\/07\/Richard-D\u00e9fi-reflets-a--225x300.jpg 225w, https:\/\/www.cpcm03.fr\/wp-content\/uploads\/2021\/07\/Richard-D\u00e9fi-reflets-a-.jpg 675w\" sizes=\"auto, (max-width: 600px) 100vw, 600px\" \/><\/figure><\/div>\n","protected":false},"excerpt":{"rendered":"<p>D\u00e9fi &lt; Reflets &gt;<\/p>\n","protected":false},"author":1,"featured_media":0,"parent":0,"menu_order":0,"comment_status":"closed","ping_status":"closed","template":"","meta":{"_bbp_topic_count":0,"_bbp_reply_count":0,"_bbp_total_topic_count":0,"_bbp_total_reply_count":0,"_bbp_voice_count":0,"_bbp_anonymous_reply_count":0,"_bbp_topic_count_hidden":0,"_bbp_reply_count_hidden":0,"_bbp_forum_subforum_count":0,"om_disable_all_campaigns":false,"_monsterinsights_skip_tracking":false,"_monsterinsights_sitenote_active":false,"_monsterinsights_sitenote_note":"","_monsterinsights_sitenote_category":0,"_uf_show_specific_survey":0,"_uf_disable_surveys":false,"footnotes":""},"class_list":["post-3718","page","type-page","status-publish","hentry"],"aioseo_notices":[],"_links":{"self":[{"href":"https:\/\/www.cpcm03.fr\/index.php?rest_route=\/wp\/v2\/pages\/3718","targetHints":{"allow":["GET"]}}],"collection":[{"href":"https:\/\/www.cpcm03.fr\/index.php?rest_route=\/wp\/v2\/pages"}],"about":[{"href":"https:\/\/www.cpcm03.fr\/index.php?rest_route=\/wp\/v2\/types\/page"}],"author":[{"embeddable":true,"href":"https:\/\/www.cpcm03.fr\/index.php?rest_route=\/wp\/v2\/users\/1"}],"replies":[{"embeddable":true,"href":"https:\/\/www.cpcm03.fr\/index.php?rest_route=%2Fwp%2Fv2%2Fcomments&post=3718"}],"version-history":[{"count":3,"href":"https:\/\/www.cpcm03.fr\/index.php?rest_route=\/wp\/v2\/pages\/3718\/revisions"}],"predecessor-version":[{"id":3755,"href":"https:\/\/www.cpcm03.fr\/index.php?rest_route=\/wp\/v2\/pages\/3718\/revisions\/3755"}],"wp:attachment":[{"href":"https:\/\/www.cpcm03.fr\/index.php?rest_route=%2Fwp%2Fv2%2Fmedia&parent=3718"}],"curies":[{"name":"wp","href":"https:\/\/api.w.org\/{rel}","templated":true}]}}