{"id":4025,"date":"2021-11-06T09:57:54","date_gmt":"2021-11-06T08:57:54","guid":{"rendered":"http:\/\/www.cpcm03.fr\/?page_id=4025"},"modified":"2025-06-12T22:10:57","modified_gmt":"2025-06-12T20:10:57","slug":"revue-de-presse-2","status":"publish","type":"page","link":"https:\/\/www.cpcm03.fr\/?page_id=4025","title":{"rendered":"Revue de Presse"},"content":{"rendered":"\n<figure class=\"wp-block-image size-large\"><img loading=\"lazy\" decoding=\"async\" width=\"800\" height=\"785\" src=\"http:\/\/www.cpcm03.fr\/wp-content\/uploads\/2025\/06\/LM-11-06-2025-site--800x785.jpg\" alt=\"\" class=\"wp-image-6876\" srcset=\"https:\/\/www.cpcm03.fr\/wp-content\/uploads\/2025\/06\/LM-11-06-2025-site--800x785.jpg 800w, https:\/\/www.cpcm03.fr\/wp-content\/uploads\/2025\/06\/LM-11-06-2025-site--300x294.jpg 300w, https:\/\/www.cpcm03.fr\/wp-content\/uploads\/2025\/06\/LM-11-06-2025-site--768x753.jpg 768w, https:\/\/www.cpcm03.fr\/wp-content\/uploads\/2025\/06\/LM-11-06-2025-site--690x677.jpg 690w, https:\/\/www.cpcm03.fr\/wp-content\/uploads\/2025\/06\/LM-11-06-2025-site--980x961.jpg 980w, https:\/\/www.cpcm03.fr\/wp-content\/uploads\/2025\/06\/LM-11-06-2025-site-.jpg 1200w\" sizes=\"auto, (max-width: 800px) 100vw, 800px\" \/><\/figure>\n\n\n\n<p><\/p>\n\n\n\n<p class=\"has-text-align-center\">******<\/p>\n\n\n\n<p><strong>Article de La Semaine de l&rsquo;Allier<\/strong><\/p>\n\n\n<div class=\"wp-block-image\">\n<figure class=\"aligncenter size-large\"><img loading=\"lazy\" decoding=\"async\" width=\"566\" height=\"800\" src=\"https:\/\/www.cpcm03.fr\/wp-content\/uploads\/2025\/06\/S-Allier-05-06-2025-B--566x800.jpg\" alt=\"\" class=\"wp-image-6853\" srcset=\"https:\/\/www.cpcm03.fr\/wp-content\/uploads\/2025\/06\/S-Allier-05-06-2025-B--566x800.jpg 566w, https:\/\/www.cpcm03.fr\/wp-content\/uploads\/2025\/06\/S-Allier-05-06-2025-B--212x300.jpg 212w, https:\/\/www.cpcm03.fr\/wp-content\/uploads\/2025\/06\/S-Allier-05-06-2025-B--768x1085.jpg 768w, https:\/\/www.cpcm03.fr\/wp-content\/uploads\/2025\/06\/S-Allier-05-06-2025-B--1087x1536.jpg 1087w, https:\/\/www.cpcm03.fr\/wp-content\/uploads\/2025\/06\/S-Allier-05-06-2025-B--690x975.jpg 690w, https:\/\/www.cpcm03.fr\/wp-content\/uploads\/2025\/06\/S-Allier-05-06-2025-B--980x1385.jpg 980w, https:\/\/www.cpcm03.fr\/wp-content\/uploads\/2025\/06\/S-Allier-05-06-2025-B-.jpg 1200w\" sizes=\"auto, (max-width: 566px) 100vw, 566px\" \/><\/figure>\n<\/div>\n\n\n<figure class=\"wp-block-image size-large\"><img loading=\"lazy\" decoding=\"async\" width=\"800\" height=\"342\" src=\"http:\/\/www.cpcm03.fr\/wp-content\/uploads\/2025\/06\/La-Montagne-6-06-2025-A-jpg-800x342.jpg\" alt=\"\" class=\"wp-image-6849\" srcset=\"https:\/\/www.cpcm03.fr\/wp-content\/uploads\/2025\/06\/La-Montagne-6-06-2025-A-jpg-800x342.jpg 800w, https:\/\/www.cpcm03.fr\/wp-content\/uploads\/2025\/06\/La-Montagne-6-06-2025-A-jpg-300x128.jpg 300w, https:\/\/www.cpcm03.fr\/wp-content\/uploads\/2025\/06\/La-Montagne-6-06-2025-A-jpg-768x328.jpg 768w, https:\/\/www.cpcm03.fr\/wp-content\/uploads\/2025\/06\/La-Montagne-6-06-2025-A-jpg-690x295.jpg 690w, https:\/\/www.cpcm03.fr\/wp-content\/uploads\/2025\/06\/La-Montagne-6-06-2025-A-jpg-980x419.jpg 980w, https:\/\/www.cpcm03.fr\/wp-content\/uploads\/2025\/06\/La-Montagne-6-06-2025-A-jpg.jpg 1174w\" sizes=\"auto, (max-width: 800px) 100vw, 800px\" \/><\/figure>\n\n\n\n<p class=\"has-text-align-center\">******<\/p>\n\n\n\n<figure class=\"wp-block-image size-large\"><img loading=\"lazy\" decoding=\"async\" width=\"800\" height=\"592\" src=\"https:\/\/www.cpcm03.fr\/wp-content\/uploads\/2025\/01\/Expo-MJC-janvier-2025-R.P.site--800x592.jpg\" alt=\"\" class=\"wp-image-6526\" srcset=\"https:\/\/www.cpcm03.fr\/wp-content\/uploads\/2025\/01\/Expo-MJC-janvier-2025-R.P.site--800x592.jpg 800w, https:\/\/www.cpcm03.fr\/wp-content\/uploads\/2025\/01\/Expo-MJC-janvier-2025-R.P.site--300x222.jpg 300w, https:\/\/www.cpcm03.fr\/wp-content\/uploads\/2025\/01\/Expo-MJC-janvier-2025-R.P.site--768x568.jpg 768w, https:\/\/www.cpcm03.fr\/wp-content\/uploads\/2025\/01\/Expo-MJC-janvier-2025-R.P.site--690x511.jpg 690w, https:\/\/www.cpcm03.fr\/wp-content\/uploads\/2025\/01\/Expo-MJC-janvier-2025-R.P.site--980x725.jpg 980w, https:\/\/www.cpcm03.fr\/wp-content\/uploads\/2025\/01\/Expo-MJC-janvier-2025-R.P.site-.jpg 1200w\" sizes=\"auto, (max-width: 800px) 100vw, 800px\" \/><\/figure>\n\n\n\n<p class=\"has-text-align-center\">******<\/p>\n\n\n\n<p><\/p>\n\n\n\n<figure class=\"wp-block-image size-large\"><img loading=\"lazy\" decoding=\"async\" width=\"800\" height=\"724\" src=\"http:\/\/www.cpcm03.fr\/wp-content\/uploads\/2024\/10\/LM-25-10-2024-800x724.jpg\" alt=\"\" class=\"wp-image-6133\" srcset=\"https:\/\/www.cpcm03.fr\/wp-content\/uploads\/2024\/10\/LM-25-10-2024-800x724.jpg 800w, https:\/\/www.cpcm03.fr\/wp-content\/uploads\/2024\/10\/LM-25-10-2024-300x271.jpg 300w, https:\/\/www.cpcm03.fr\/wp-content\/uploads\/2024\/10\/LM-25-10-2024-768x695.jpg 768w, https:\/\/www.cpcm03.fr\/wp-content\/uploads\/2024\/10\/LM-25-10-2024-690x624.jpg 690w, https:\/\/www.cpcm03.fr\/wp-content\/uploads\/2024\/10\/LM-25-10-2024.jpg 966w\" sizes=\"auto, (max-width: 800px) 100vw, 800px\" \/><\/figure>\n\n\n\n<p class=\"has-text-align-center\">******<\/p>\n\n\n\n<figure class=\"wp-block-image size-large\"><img loading=\"lazy\" decoding=\"async\" width=\"784\" height=\"800\" src=\"http:\/\/www.cpcm03.fr\/wp-content\/uploads\/2024\/06\/LM-15-06-2024-784x800.jpg\" alt=\"\" class=\"wp-image-5916\" srcset=\"https:\/\/www.cpcm03.fr\/wp-content\/uploads\/2024\/06\/LM-15-06-2024-784x800.jpg 784w, https:\/\/www.cpcm03.fr\/wp-content\/uploads\/2024\/06\/LM-15-06-2024-294x300.jpg 294w, https:\/\/www.cpcm03.fr\/wp-content\/uploads\/2024\/06\/LM-15-06-2024-768x783.jpg 768w, https:\/\/www.cpcm03.fr\/wp-content\/uploads\/2024\/06\/LM-15-06-2024-690x704.jpg 690w, https:\/\/www.cpcm03.fr\/wp-content\/uploads\/2024\/06\/LM-15-06-2024-980x1000.jpg 980w, https:\/\/www.cpcm03.fr\/wp-content\/uploads\/2024\/06\/LM-15-06-2024.jpg 1000w\" sizes=\"auto, (max-width: 784px) 100vw, 784px\" \/><\/figure>\n\n\n\n<p class=\"has-text-align-center\">******<\/p>\n\n\n\n<figure class=\"wp-block-image size-large\"><img loading=\"lazy\" decoding=\"async\" width=\"800\" height=\"701\" src=\"http:\/\/www.cpcm03.fr\/wp-content\/uploads\/2023\/10\/Expo-Vallon-2023-1-800x701.jpg\" alt=\"\" class=\"wp-image-5565\" srcset=\"https:\/\/www.cpcm03.fr\/wp-content\/uploads\/2023\/10\/Expo-Vallon-2023-1-800x701.jpg 800w, https:\/\/www.cpcm03.fr\/wp-content\/uploads\/2023\/10\/Expo-Vallon-2023-1-300x263.jpg 300w, https:\/\/www.cpcm03.fr\/wp-content\/uploads\/2023\/10\/Expo-Vallon-2023-1-768x673.jpg 768w, https:\/\/www.cpcm03.fr\/wp-content\/uploads\/2023\/10\/Expo-Vallon-2023-1.jpg 959w\" sizes=\"auto, (max-width: 800px) 100vw, 800px\" \/><\/figure>\n\n\n\n<p class=\"has-text-align-center\">******<\/p>\n\n\n\n<figure class=\"wp-block-image size-large is-resized\"><img loading=\"lazy\" decoding=\"async\" width=\"800\" height=\"338\" src=\"http:\/\/www.cpcm03.fr\/wp-content\/uploads\/2023\/07\/LM-07-07-2023-CPCM03-800x338.jpg\" alt=\"\" class=\"wp-image-5232\" style=\"width:630px;height:266px\" srcset=\"https:\/\/www.cpcm03.fr\/wp-content\/uploads\/2023\/07\/LM-07-07-2023-CPCM03-800x338.jpg 800w, https:\/\/www.cpcm03.fr\/wp-content\/uploads\/2023\/07\/LM-07-07-2023-CPCM03-300x127.jpg 300w, https:\/\/www.cpcm03.fr\/wp-content\/uploads\/2023\/07\/LM-07-07-2023-CPCM03-768x324.jpg 768w, https:\/\/www.cpcm03.fr\/wp-content\/uploads\/2023\/07\/LM-07-07-2023-CPCM03.jpg 1061w\" sizes=\"auto, (max-width: 800px) 100vw, 800px\" \/><\/figure>\n\n\n\n<p><\/p>\n\n\n\n<p class=\"has-text-align-center\">******<\/p>\n\n\n\n<figure class=\"wp-block-image size-large\"><img loading=\"lazy\" decoding=\"async\" width=\"800\" height=\"526\" src=\"http:\/\/www.cpcm03.fr\/wp-content\/uploads\/2023\/01\/EXPO-Marie-Marthe-Semaine-Allier-f-800x526.jpg\" alt=\"\" class=\"wp-image-4973\" srcset=\"https:\/\/www.cpcm03.fr\/wp-content\/uploads\/2023\/01\/EXPO-Marie-Marthe-Semaine-Allier-f-800x526.jpg 800w, https:\/\/www.cpcm03.fr\/wp-content\/uploads\/2023\/01\/EXPO-Marie-Marthe-Semaine-Allier-f-300x197.jpg 300w, https:\/\/www.cpcm03.fr\/wp-content\/uploads\/2023\/01\/EXPO-Marie-Marthe-Semaine-Allier-f-768x505.jpg 768w, https:\/\/www.cpcm03.fr\/wp-content\/uploads\/2023\/01\/EXPO-Marie-Marthe-Semaine-Allier-f.jpg 1200w\" sizes=\"auto, (max-width: 800px) 100vw, 800px\" \/><figcaption class=\"wp-element-caption\">La Semaine de l&rsquo;Allier du jeudi 5 janvier 2023<\/figcaption><\/figure>\n\n\n\n<p class=\"has-text-align-center\">******<\/p>\n\n\n\n<p><strong>On parle de nous le 17-11-2022<\/strong><\/p>\n\n\n<div class=\"wp-block-image\">\n<figure class=\"alignleft size-large\"><img loading=\"lazy\" decoding=\"async\" width=\"800\" height=\"689\" src=\"http:\/\/www.cpcm03.fr\/wp-content\/uploads\/2022\/11\/Semaine-de-lAllier-17-11-2022-site--800x689.jpg\" alt=\"\" class=\"wp-image-4781\" srcset=\"https:\/\/www.cpcm03.fr\/wp-content\/uploads\/2022\/11\/Semaine-de-lAllier-17-11-2022-site--800x689.jpg 800w, https:\/\/www.cpcm03.fr\/wp-content\/uploads\/2022\/11\/Semaine-de-lAllier-17-11-2022-site--300x258.jpg 300w, https:\/\/www.cpcm03.fr\/wp-content\/uploads\/2022\/11\/Semaine-de-lAllier-17-11-2022-site--768x661.jpg 768w, https:\/\/www.cpcm03.fr\/wp-content\/uploads\/2022\/11\/Semaine-de-lAllier-17-11-2022-site-.jpg 1000w\" sizes=\"auto, (max-width: 800px) 100vw, 800px\" \/><\/figure>\n<\/div>\n\n\n<p><\/p>\n\n\n\n<p class=\"has-text-align-center\">******<\/p>\n\n\n<div class=\"wp-block-image\">\n<figure class=\"aligncenter size-large\"><img loading=\"lazy\" decoding=\"async\" width=\"650\" height=\"800\" src=\"http:\/\/www.cpcm03.fr\/wp-content\/uploads\/2022\/07\/LM-03-07-2022-650x800.jpg\" alt=\"\" class=\"wp-image-4534\" srcset=\"https:\/\/www.cpcm03.fr\/wp-content\/uploads\/2022\/07\/LM-03-07-2022-650x800.jpg 650w, https:\/\/www.cpcm03.fr\/wp-content\/uploads\/2022\/07\/LM-03-07-2022-244x300.jpg 244w, https:\/\/www.cpcm03.fr\/wp-content\/uploads\/2022\/07\/LM-03-07-2022-768x946.jpg 768w, https:\/\/www.cpcm03.fr\/wp-content\/uploads\/2022\/07\/LM-03-07-2022.jpg 812w\" sizes=\"auto, (max-width: 650px) 100vw, 650px\" \/><\/figure>\n<\/div>\n\n\n<figure class=\"wp-block-image\"><img loading=\"lazy\" decoding=\"async\" width=\"800\" height=\"570\" src=\"http:\/\/www.cpcm03.fr\/wp-content\/uploads\/2021\/11\/EXPO-PHOTO-LM-6-11-2021-1-800x570.jpg\" alt=\"\" class=\"wp-image-4023\" srcset=\"https:\/\/www.cpcm03.fr\/wp-content\/uploads\/2021\/11\/EXPO-PHOTO-LM-6-11-2021-1-800x570.jpg 800w, https:\/\/www.cpcm03.fr\/wp-content\/uploads\/2021\/11\/EXPO-PHOTO-LM-6-11-2021-1-300x214.jpg 300w, https:\/\/www.cpcm03.fr\/wp-content\/uploads\/2021\/11\/EXPO-PHOTO-LM-6-11-2021-1-768x548.jpg 768w, https:\/\/www.cpcm03.fr\/wp-content\/uploads\/2021\/11\/EXPO-PHOTO-LM-6-11-2021-1.jpg 840w\" sizes=\"auto, (max-width: 800px) 100vw, 800px\" \/><\/figure>\n\n\n\n<p>******<\/p>\n\n\n\n<p>EXPO PHOTO \u00e0 la M\u00e9diath\u00e8que de Fontbouillant du 6 novembre au 18 d\u00e9cembre 2021<\/p>\n\n\n\n<figure class=\"wp-block-image\"><img loading=\"lazy\" decoding=\"async\" width=\"800\" height=\"752\" src=\"http:\/\/www.cpcm03.fr\/wp-content\/uploads\/2021\/11\/Expo-Photo-Semaine-de-lAllier-800x752.jpg\" alt=\"\" class=\"wp-image-4019\" srcset=\"https:\/\/www.cpcm03.fr\/wp-content\/uploads\/2021\/11\/Expo-Photo-Semaine-de-lAllier-800x752.jpg 800w, https:\/\/www.cpcm03.fr\/wp-content\/uploads\/2021\/11\/Expo-Photo-Semaine-de-lAllier-300x282.jpg 300w, https:\/\/www.cpcm03.fr\/wp-content\/uploads\/2021\/11\/Expo-Photo-Semaine-de-lAllier-768x722.jpg 768w, https:\/\/www.cpcm03.fr\/wp-content\/uploads\/2021\/11\/Expo-Photo-Semaine-de-lAllier.jpg 900w\" sizes=\"auto, (max-width: 800px) 100vw, 800px\" \/><\/figure>\n\n\n\n<p>******<\/p>\n\n\n\n<p>EXPO PHOTO La Louvi\u00e8re 2021<\/p>\n\n\n\n<figure class=\"wp-block-image\"><img loading=\"lazy\" decoding=\"async\" width=\"697\" height=\"800\" src=\"http:\/\/www.cpcm03.fr\/wp-content\/uploads\/2021\/07\/Capture-La-Montagne-2021-697x800.jpg\" alt=\"\" class=\"wp-image-3669\" srcset=\"https:\/\/www.cpcm03.fr\/wp-content\/uploads\/2021\/07\/Capture-La-Montagne-2021-697x800.jpg 697w, https:\/\/www.cpcm03.fr\/wp-content\/uploads\/2021\/07\/Capture-La-Montagne-2021-261x300.jpg 261w, https:\/\/www.cpcm03.fr\/wp-content\/uploads\/2021\/07\/Capture-La-Montagne-2021-768x881.jpg 768w, https:\/\/www.cpcm03.fr\/wp-content\/uploads\/2021\/07\/Capture-La-Montagne-2021.jpg 900w\" sizes=\"auto, (max-width: 697px) 100vw, 697px\" \/><figcaption class=\"wp-element-caption\">Journal La Montagne<\/figcaption><\/figure>\n\n\n\n\n\n<figure class=\"wp-block-image\"><img loading=\"lazy\" decoding=\"async\" width=\"600\" height=\"426\" src=\"http:\/\/www.cpcm03.fr\/wp-content\/uploads\/2021\/07\/L.S.-1-07-2021a-1-1.jpg\" alt=\"\" class=\"wp-image-3667\" srcset=\"https:\/\/www.cpcm03.fr\/wp-content\/uploads\/2021\/07\/L.S.-1-07-2021a-1-1.jpg 600w, https:\/\/www.cpcm03.fr\/wp-content\/uploads\/2021\/07\/L.S.-1-07-2021a-1-1-300x213.jpg 300w\" sizes=\"auto, (max-width: 600px) 100vw, 600px\" \/><figcaption class=\"wp-element-caption\">La Semaine de l\u2019Allier<\/figcaption><\/figure>\n\n\n\n<p>***<\/p>\n\n\n\n<h3 class=\"wp-block-heading\">Expo 2019 \u00e0 la Louvi\u00e8re<\/h3>\n\n\n\n<figure class=\"wp-block-image\"><img loading=\"lazy\" decoding=\"async\" width=\"1593\" height=\"2560\" src=\"http:\/\/www.cpcm03.fr\/wp-content\/uploads\/2020\/06\/CPCM03-du-23-05-2019-scaled.jpg\" alt=\"\" class=\"wp-image-1350\" srcset=\"https:\/\/www.cpcm03.fr\/wp-content\/uploads\/2020\/06\/CPCM03-du-23-05-2019-scaled.jpg 1593w, https:\/\/www.cpcm03.fr\/wp-content\/uploads\/2020\/06\/CPCM03-du-23-05-2019-187x300.jpg 187w, https:\/\/www.cpcm03.fr\/wp-content\/uploads\/2020\/06\/CPCM03-du-23-05-2019-498x800.jpg 498w, https:\/\/www.cpcm03.fr\/wp-content\/uploads\/2020\/06\/CPCM03-du-23-05-2019-768x1235.jpg 768w, https:\/\/www.cpcm03.fr\/wp-content\/uploads\/2020\/06\/CPCM03-du-23-05-2019-956x1536.jpg 956w, https:\/\/www.cpcm03.fr\/wp-content\/uploads\/2020\/06\/CPCM03-du-23-05-2019-1274x2048.jpg 1274w, https:\/\/www.cpcm03.fr\/wp-content\/uploads\/2020\/06\/CPCM03-du-23-05-2019-1200x1929.jpg 1200w\" sizes=\"auto, (max-width: 1593px) 100vw, 1593px\" \/><\/figure>\n\n\n\n<p>Les plus belles photos r\u00e9compens\u00e9es<\/p>\n\n\n\n<ul class=\"wp-block-list\">\n<li><a href=\"https:\/\/www.lamontagne.fr\/vallon-en-sully-03190\/\">VALLON-EN-SULLY<\/a><\/li>\n<\/ul>\n\n\n\n<p>Publi\u00e9 le 06\/02\/2019<\/p>\n\n\n\n<figure class=\"wp-block-image\"><img decoding=\"async\" src=\"https:\/\/image1.lamontagne.fr\/photoSRC\/VVNUJ1paUTgIBhVOCRAHHQ4zRSkXaldfVR5dW1sXVA49\/4200565.jpeg\" alt=\"Les plus belles photos r\u00e9compens\u00e9es\"\/><\/figure>\n\n\n\n<p>Plusieurs oeuvres ont \u00e9t\u00e9 r\u00e9compens\u00e9es.<\/p>\n\n\n\n<p>Les dix huiti\u00e8mes rencontres photographiques Val de Cher ont referm\u00e9 leurs portes dimanche soir. Liliane Ciofolo, responsable du club photo de l\u2019Amicale la\u00efque a vivement remerci\u00e9 les neufs clubs qui ont pr\u00e9sent\u00e9 cent quarante photos, ainsi que les invit\u00e9s d\u2019honneur Patricia et Alain Cot\u00e9. Elle s\u2019est aussi r\u00e9jouie du nombre de visiteurs, trois cent cinquante sept, sur les deux week-ends.<\/p>\n\n\n\n<p><strong>Le palmar\u00e8s<\/strong><\/p>\n\n\n\n<p>Le public a vot\u00e9 en nombre pour \u00e9lire ses photos pr\u00e9f\u00e9r\u00e9es. Les r\u00e9sultats sont, pour les invit\u00e9s d\u2019honneur, La Chouette, qui a remport\u00e9 tous les suffrages avec quatre-vingts points. Pour les clubs, c\u2019est la photo Tourmente de Michel Grazui, du club Dunlop SNCF, qui l\u2019emporte avec cinquanet-six points, suivi de la photo So what de Jeanne Lheureux, du club Objectif image Allier, de Moulins, avec cinquante-cinq points. On trouve ex-aequo \u00e0 la troisi\u00e8me place avec cinquante-trois points, Fran\u00e7oise Tilly, du club Num\u00e9rid Montvicq, et Adrian Panaitescu, du club CPC de Montlu\u00e7on, et, en cinqui\u00e8me position, Bertrand Trepeux du Photo club Bru\u00e8rois.<\/p>\n\n\n\n<h3 class=\"wp-block-heading\">La 50e exposition du cin\u00e9 photo club de Montlu\u00e7on<\/h3>\n\n\n\n<p>Publi\u00e9 le 12\/03\/2015<\/p>\n\n\n\n<figure class=\"wp-block-image\"><img decoding=\"async\" src=\"https:\/\/image1.lamontagne.fr\/photoSRC\/VVNUJ1paUTgIBhVOCRAHHQ4zRSkXaldfVR5dW1sXVA49\/1987623.jpeg\" alt=\"La 50e exposition du cin\u00e9 photo club de Montlu\u00e7on\"\/><\/figure>\n\n\n\n<p>Tosca est connue pour cette photo qui repr\u00e9sente ce qu\u2019elle aime.<\/p>\n\n\n\n<p>Le cin\u00e9 photo club de Montlu\u00e7on pr\u00e9sente le 50 e salon photographique au centre Athanor, avec comme invit\u00e9 d\u2019honneur le photo club de Hagen, une ville jumel\u00e9e.<\/p>\n\n\n\n<p>A l\u2019\u00e2ge de dix ans, Tosca ach\u00e8te son premier appareil photo sur une brocante. Aujourd\u2019hui cette n\u00e9erlandaise de 57 ans, agricultrice \u00e0 Saint-D\u00e9sir\u00e9 depuis 1998 expose ses photographies au 50&nbsp;<sup>e<\/sup>&nbsp;salon photographique du cin\u00e9 photo club montlu\u00e7onnais.<\/p>\n\n\n\n<p>\u00ab Un jour, mon mari s\u2019est rendu \u00e0 une exposition du club de photo de Montlu\u00e7on et en rentrant, il m\u2019a dit que c\u2019\u00e9tait fait pour moi, qu\u2019il fallait que j\u2019en fasse partie \u00bb, raconte-t-elle. Une quinzaine d\u2019ann\u00e9es plus tard, Tosca r\u00e9pond toujours pr\u00e9sente.<\/p>\n\n\n\n<p>\u00ab Ce club est important pour moi parce que c\u2019est aussi mon seul lien avec des Fran\u00e7ais ! A la ferme je ne vois personne, et encore moins de Fran\u00e7ais. \u00bb<\/p>\n\n\n\n<p>Cr\u00e9\u00e9 en 1961, le cin\u00e9 photo club de Montlu\u00e7on accueille treize photographes amateurs qui se retrouvent deux fois par mois pour \u00e9changer et se lancer sur des th\u00e8mes choisis.<strong>Plus de 180 photos<\/strong><\/p>\n\n\n\n<p>La 50&nbsp;<sup>e<\/sup>&nbsp;exposition concorde cette ann\u00e9e avec le 50&nbsp;<sup>e<\/sup>&nbsp;anniversaire du jumelage entre Montlu\u00e7on et Hagen. Le club photographique de la ville allemande est ainsi l\u2019invit\u00e9 d\u2019honneur de l\u2019exposition qui en propose quelques photographies.<\/p>\n\n\n\n<p>Parmi les quelque 180 photos de l\u2019exposition, sont affich\u00e9es une dizaine de clich\u00e9s de Tosca, des portraits et des images de la nature, les deux th\u00e8mes qu\u2019elle affectionne le plus.<\/p>\n\n\n\n<p>\u00ab Une ann\u00e9e, explique-t-elle, j\u2019ai photographi\u00e9 tous les jour mon ch\u00eane, pour faire une s\u00e9rie de l\u2019arbre \u00e0 diff\u00e9rents moments de l\u2019ann\u00e9e. \u00bb Les animaux de sa ferme lui servent aussi de mod\u00e8les, ses vaches, ses moutons ou encore ses cochons.<\/p>\n\n\n\n<p><strong>Sol\u00e8ne Cressant<\/strong><\/p>\n","protected":false},"excerpt":{"rendered":"<p>****** Article de La Semaine de l&rsquo;Allier ****** ****** ****** ****** ****** ****** ****** On parle de nous le 17-11-2022 ****** ****** EXPO PHOTO \u00e0 la M\u00e9diath\u00e8que de Fontbouillant du 6 novembre au 18 d\u00e9cembre 2021 ****** EXPO PHOTO La Louvi\u00e8re 2021 *** Expo 2019 \u00e0 la Louvi\u00e8re Les plus belles photos r\u00e9compens\u00e9es Publi\u00e9 le [&hellip;]<\/p>\n","protected":false},"author":1,"featured_media":0,"parent":0,"menu_order":0,"comment_status":"closed","ping_status":"closed","template":"","meta":{"_bbp_topic_count":0,"_bbp_reply_count":0,"_bbp_total_topic_count":0,"_bbp_total_reply_count":0,"_bbp_voice_count":0,"_bbp_anonymous_reply_count":0,"_bbp_topic_count_hidden":0,"_bbp_reply_count_hidden":0,"_bbp_forum_subforum_count":0,"om_disable_all_campaigns":false,"_monsterinsights_skip_tracking":false,"_monsterinsights_sitenote_active":false,"_monsterinsights_sitenote_note":"","_monsterinsights_sitenote_category":0,"_uf_show_specific_survey":0,"_uf_disable_surveys":false,"footnotes":""},"class_list":["post-4025","page","type-page","status-publish","hentry"],"aioseo_notices":[],"_links":{"self":[{"href":"https:\/\/www.cpcm03.fr\/index.php?rest_route=\/wp\/v2\/pages\/4025","targetHints":{"allow":["GET"]}}],"collection":[{"href":"https:\/\/www.cpcm03.fr\/index.php?rest_route=\/wp\/v2\/pages"}],"about":[{"href":"https:\/\/www.cpcm03.fr\/index.php?rest_route=\/wp\/v2\/types\/page"}],"author":[{"embeddable":true,"href":"https:\/\/www.cpcm03.fr\/index.php?rest_route=\/wp\/v2\/users\/1"}],"replies":[{"embeddable":true,"href":"https:\/\/www.cpcm03.fr\/index.php?rest_route=%2Fwp%2Fv2%2Fcomments&post=4025"}],"version-history":[{"count":15,"href":"https:\/\/www.cpcm03.fr\/index.php?rest_route=\/wp\/v2\/pages\/4025\/revisions"}],"predecessor-version":[{"id":6879,"href":"https:\/\/www.cpcm03.fr\/index.php?rest_route=\/wp\/v2\/pages\/4025\/revisions\/6879"}],"wp:attachment":[{"href":"https:\/\/www.cpcm03.fr\/index.php?rest_route=%2Fwp%2Fv2%2Fmedia&parent=4025"}],"curies":[{"name":"wp","href":"https:\/\/api.w.org\/{rel}","templated":true}]}}