{"id":670,"date":"2020-06-01T11:47:33","date_gmt":"2020-06-01T09:47:33","guid":{"rendered":"http:\/\/www.cpcm03.fr\/?page_id=670"},"modified":"2020-06-04T21:49:59","modified_gmt":"2020-06-04T19:49:59","slug":"janvier","status":"publish","type":"page","link":"https:\/\/www.cpcm03.fr\/?page_id=670","title":{"rendered":"Janvier"},"content":{"rendered":"\n<p class=\"has-text-color has-text-align-center has-bright-blue-color\"><strong>D\u00e9fi &lt; No\u00ebl &gt; janvier 2020<\/strong><\/p>\n\n\n\n<figure class=\"wp-block-image size-large\"><img loading=\"lazy\" decoding=\"async\" width=\"800\" height=\"534\" src=\"http:\/\/www.cpcm03.fr\/wp-content\/uploads\/2020\/06\/No\u00ebl-Adrian-a-o-800x534.jpg\" alt=\"\" class=\"wp-image-1153\" srcset=\"https:\/\/www.cpcm03.fr\/wp-content\/uploads\/2020\/06\/No\u00ebl-Adrian-a-o-800x534.jpg 800w, https:\/\/www.cpcm03.fr\/wp-content\/uploads\/2020\/06\/No\u00ebl-Adrian-a-o-300x200.jpg 300w, https:\/\/www.cpcm03.fr\/wp-content\/uploads\/2020\/06\/No\u00ebl-Adrian-a-o-768x513.jpg 768w, https:\/\/www.cpcm03.fr\/wp-content\/uploads\/2020\/06\/No\u00ebl-Adrian-a-o.jpg 900w\" sizes=\"auto, (max-width: 800px) 100vw, 800px\" \/><\/figure>\n\n\n\n<figure class=\"wp-block-image size-large\"><img loading=\"lazy\" decoding=\"async\" width=\"800\" height=\"508\" src=\"http:\/\/www.cpcm03.fr\/wp-content\/uploads\/2020\/06\/No\u00ebl-Antoine-a-o-800x508.jpg\" alt=\"\" class=\"wp-image-1154\" srcset=\"https:\/\/www.cpcm03.fr\/wp-content\/uploads\/2020\/06\/No\u00ebl-Antoine-a-o-800x508.jpg 800w, https:\/\/www.cpcm03.fr\/wp-content\/uploads\/2020\/06\/No\u00ebl-Antoine-a-o-300x190.jpg 300w, https:\/\/www.cpcm03.fr\/wp-content\/uploads\/2020\/06\/No\u00ebl-Antoine-a-o-768x487.jpg 768w, https:\/\/www.cpcm03.fr\/wp-content\/uploads\/2020\/06\/No\u00ebl-Antoine-a-o.jpg 900w\" sizes=\"auto, (max-width: 800px) 100vw, 800px\" \/><\/figure>\n\n\n\n<figure class=\"wp-block-image size-large\"><img loading=\"lazy\" decoding=\"async\" width=\"800\" height=\"533\" src=\"http:\/\/www.cpcm03.fr\/wp-content\/uploads\/2020\/06\/No\u00ebl-B\u00e9n\u00e9dicte-a-o-800x533.jpg\" alt=\"\" class=\"wp-image-1155\" srcset=\"https:\/\/www.cpcm03.fr\/wp-content\/uploads\/2020\/06\/No\u00ebl-B\u00e9n\u00e9dicte-a-o-800x533.jpg 800w, https:\/\/www.cpcm03.fr\/wp-content\/uploads\/2020\/06\/No\u00ebl-B\u00e9n\u00e9dicte-a-o-300x200.jpg 300w, https:\/\/www.cpcm03.fr\/wp-content\/uploads\/2020\/06\/No\u00ebl-B\u00e9n\u00e9dicte-a-o-768x512.jpg 768w, https:\/\/www.cpcm03.fr\/wp-content\/uploads\/2020\/06\/No\u00ebl-B\u00e9n\u00e9dicte-a-o.jpg 900w\" sizes=\"auto, (max-width: 800px) 100vw, 800px\" \/><\/figure>\n\n\n\n<figure class=\"wp-block-image size-large\"><img loading=\"lazy\" decoding=\"async\" width=\"800\" height=\"533\" src=\"http:\/\/www.cpcm03.fr\/wp-content\/uploads\/2020\/06\/No\u00ebl-Claudine-a-o-800x533.jpg\" alt=\"\" class=\"wp-image-1156\" srcset=\"https:\/\/www.cpcm03.fr\/wp-content\/uploads\/2020\/06\/No\u00ebl-Claudine-a-o-800x533.jpg 800w, https:\/\/www.cpcm03.fr\/wp-content\/uploads\/2020\/06\/No\u00ebl-Claudine-a-o-300x200.jpg 300w, https:\/\/www.cpcm03.fr\/wp-content\/uploads\/2020\/06\/No\u00ebl-Claudine-a-o-768x512.jpg 768w, https:\/\/www.cpcm03.fr\/wp-content\/uploads\/2020\/06\/No\u00ebl-Claudine-a-o.jpg 900w\" sizes=\"auto, (max-width: 800px) 100vw, 800px\" \/><\/figure>\n\n\n\n<figure class=\"wp-block-image size-large\"><img loading=\"lazy\" decoding=\"async\" width=\"800\" height=\"533\" src=\"http:\/\/www.cpcm03.fr\/wp-content\/uploads\/2020\/06\/No\u00ebl-Eric-a-o-800x533.jpg\" alt=\"\" class=\"wp-image-1158\" srcset=\"https:\/\/www.cpcm03.fr\/wp-content\/uploads\/2020\/06\/No\u00ebl-Eric-a-o-800x533.jpg 800w, https:\/\/www.cpcm03.fr\/wp-content\/uploads\/2020\/06\/No\u00ebl-Eric-a-o-300x200.jpg 300w, https:\/\/www.cpcm03.fr\/wp-content\/uploads\/2020\/06\/No\u00ebl-Eric-a-o-768x512.jpg 768w, https:\/\/www.cpcm03.fr\/wp-content\/uploads\/2020\/06\/No\u00ebl-Eric-a-o.jpg 900w\" sizes=\"auto, (max-width: 800px) 100vw, 800px\" \/><\/figure>\n\n\n\n<figure class=\"wp-block-image size-large\"><img loading=\"lazy\" decoding=\"async\" width=\"800\" height=\"533\" src=\"http:\/\/www.cpcm03.fr\/wp-content\/uploads\/2020\/06\/No\u00ebl-Jean-Pierre-a-o-800x533.jpg\" alt=\"\" class=\"wp-image-1159\" srcset=\"https:\/\/www.cpcm03.fr\/wp-content\/uploads\/2020\/06\/No\u00ebl-Jean-Pierre-a-o-800x533.jpg 800w, https:\/\/www.cpcm03.fr\/wp-content\/uploads\/2020\/06\/No\u00ebl-Jean-Pierre-a-o-300x200.jpg 300w, https:\/\/www.cpcm03.fr\/wp-content\/uploads\/2020\/06\/No\u00ebl-Jean-Pierre-a-o-768x512.jpg 768w, https:\/\/www.cpcm03.fr\/wp-content\/uploads\/2020\/06\/No\u00ebl-Jean-Pierre-a-o.jpg 900w\" sizes=\"auto, (max-width: 800px) 100vw, 800px\" \/><\/figure>\n\n\n\n<div class=\"wp-block-image\"><figure class=\"aligncenter size-large\"><img loading=\"lazy\" decoding=\"async\" width=\"532\" height=\"800\" src=\"http:\/\/www.cpcm03.fr\/wp-content\/uploads\/2020\/06\/No\u00ebl-Jocelyne-a-o-532x800.jpg\" alt=\"\" class=\"wp-image-1160\" srcset=\"https:\/\/www.cpcm03.fr\/wp-content\/uploads\/2020\/06\/No\u00ebl-Jocelyne-a-o-532x800.jpg 532w, https:\/\/www.cpcm03.fr\/wp-content\/uploads\/2020\/06\/No\u00ebl-Jocelyne-a-o-200x300.jpg 200w, https:\/\/www.cpcm03.fr\/wp-content\/uploads\/2020\/06\/No\u00ebl-Jocelyne-a-o.jpg 599w\" sizes=\"auto, (max-width: 532px) 100vw, 532px\" \/><\/figure><\/div>\n\n\n\n<figure class=\"wp-block-image size-large\"><img loading=\"lazy\" decoding=\"async\" width=\"800\" height=\"600\" src=\"http:\/\/www.cpcm03.fr\/wp-content\/uploads\/2020\/06\/No\u00ebl-Patricia-a-o-800x600.jpg\" alt=\"\" class=\"wp-image-1161\" srcset=\"https:\/\/www.cpcm03.fr\/wp-content\/uploads\/2020\/06\/No\u00ebl-Patricia-a-o-800x600.jpg 800w, https:\/\/www.cpcm03.fr\/wp-content\/uploads\/2020\/06\/No\u00ebl-Patricia-a-o-300x225.jpg 300w, https:\/\/www.cpcm03.fr\/wp-content\/uploads\/2020\/06\/No\u00ebl-Patricia-a-o-768x576.jpg 768w, https:\/\/www.cpcm03.fr\/wp-content\/uploads\/2020\/06\/No\u00ebl-Patricia-a-o.jpg 900w\" sizes=\"auto, (max-width: 800px) 100vw, 800px\" \/><\/figure>\n\n\n\n<figure class=\"wp-block-image size-large\"><img loading=\"lazy\" decoding=\"async\" width=\"800\" height=\"536\" src=\"http:\/\/www.cpcm03.fr\/wp-content\/uploads\/2020\/06\/No\u00ebl-Pierre-a-o-800x536.jpg\" alt=\"\" class=\"wp-image-1162\" srcset=\"https:\/\/www.cpcm03.fr\/wp-content\/uploads\/2020\/06\/No\u00ebl-Pierre-a-o-800x536.jpg 800w, https:\/\/www.cpcm03.fr\/wp-content\/uploads\/2020\/06\/No\u00ebl-Pierre-a-o-300x201.jpg 300w, https:\/\/www.cpcm03.fr\/wp-content\/uploads\/2020\/06\/No\u00ebl-Pierre-a-o-768x515.jpg 768w, https:\/\/www.cpcm03.fr\/wp-content\/uploads\/2020\/06\/No\u00ebl-Pierre-a-o.jpg 900w\" sizes=\"auto, (max-width: 800px) 100vw, 800px\" \/><\/figure>\n\n\n\n<div class=\"wp-block-image\"><figure class=\"aligncenter size-large\"><img loading=\"lazy\" decoding=\"async\" width=\"533\" height=\"800\" src=\"http:\/\/www.cpcm03.fr\/wp-content\/uploads\/2020\/06\/No\u00ebl-Sandra-a-o-1-533x800.jpg\" alt=\"\" class=\"wp-image-1164\" srcset=\"https:\/\/www.cpcm03.fr\/wp-content\/uploads\/2020\/06\/No\u00ebl-Sandra-a-o-1-533x800.jpg 533w, https:\/\/www.cpcm03.fr\/wp-content\/uploads\/2020\/06\/No\u00ebl-Sandra-a-o-1-200x300.jpg 200w, https:\/\/www.cpcm03.fr\/wp-content\/uploads\/2020\/06\/No\u00ebl-Sandra-a-o-1.jpg 600w\" sizes=\"auto, (max-width: 533px) 100vw, 533px\" \/><\/figure><\/div>\n","protected":false},"excerpt":{"rendered":"<p>D\u00e9fi &lt; No\u00ebl &gt; janvier 2020<\/p>\n","protected":false},"author":1,"featured_media":0,"parent":0,"menu_order":0,"comment_status":"closed","ping_status":"closed","template":"","meta":{"_bbp_topic_count":0,"_bbp_reply_count":0,"_bbp_total_topic_count":0,"_bbp_total_reply_count":0,"_bbp_voice_count":0,"_bbp_anonymous_reply_count":0,"_bbp_topic_count_hidden":0,"_bbp_reply_count_hidden":0,"_bbp_forum_subforum_count":0,"om_disable_all_campaigns":false,"_monsterinsights_skip_tracking":false,"_monsterinsights_sitenote_active":false,"_monsterinsights_sitenote_note":"","_monsterinsights_sitenote_category":0,"_uf_show_specific_survey":0,"_uf_disable_surveys":false,"footnotes":""},"class_list":["post-670","page","type-page","status-publish","hentry"],"aioseo_notices":[],"_links":{"self":[{"href":"https:\/\/www.cpcm03.fr\/index.php?rest_route=\/wp\/v2\/pages\/670","targetHints":{"allow":["GET"]}}],"collection":[{"href":"https:\/\/www.cpcm03.fr\/index.php?rest_route=\/wp\/v2\/pages"}],"about":[{"href":"https:\/\/www.cpcm03.fr\/index.php?rest_route=\/wp\/v2\/types\/page"}],"author":[{"embeddable":true,"href":"https:\/\/www.cpcm03.fr\/index.php?rest_route=\/wp\/v2\/users\/1"}],"replies":[{"embeddable":true,"href":"https:\/\/www.cpcm03.fr\/index.php?rest_route=%2Fwp%2Fv2%2Fcomments&post=670"}],"version-history":[{"count":3,"href":"https:\/\/www.cpcm03.fr\/index.php?rest_route=\/wp\/v2\/pages\/670\/revisions"}],"predecessor-version":[{"id":1165,"href":"https:\/\/www.cpcm03.fr\/index.php?rest_route=\/wp\/v2\/pages\/670\/revisions\/1165"}],"wp:attachment":[{"href":"https:\/\/www.cpcm03.fr\/index.php?rest_route=%2Fwp%2Fv2%2Fmedia&parent=670"}],"curies":[{"name":"wp","href":"https:\/\/api.w.org\/{rel}","templated":true}]}}