{"id":682,"date":"2020-06-01T12:07:49","date_gmt":"2020-06-01T10:07:49","guid":{"rendered":"http:\/\/www.cpcm03.fr\/?page_id=682"},"modified":"2024-11-24T21:32:24","modified_gmt":"2024-11-24T20:32:24","slug":"liens","status":"publish","type":"page","link":"https:\/\/www.cpcm03.fr\/?page_id=682","title":{"rendered":"Liens"},"content":{"rendered":"\n<p class=\"has-drop-cap\" style=\"font-size:22px\"> <strong>Liste de liens de clubs photo amis  ( non exhaustive) <\/strong>et autres :<\/p>\n\n\n\n<p> <\/p>\n\n\n\n<p><a rel=\"noreferrer noopener\" href=\"https:\/\/photoclubbruerois.wordpress.com\/\" target=\"_blank\">Bru\u00e8re-Allichamps Photo Club Bru\u00e8rois<\/a> <\/p>\n\n\n\n<div class=\"wp-block-group\"><div class=\"wp-block-group__inner-container is-layout-flow wp-block-group-is-layout-flow\">\n<p><strong><a rel=\"noreferrer noopener\" href=\"https:\/\/www.facebook.com\/echassimages03\/\" target=\"_blank\">Echassi\u00e8res &#8211; Echass&rsquo;IMAGES 03 (facebook)<\/a><\/strong><\/p>\n\n\n\n<p><strong><a rel=\"noreferrer noopener\" href=\"https:\/\/epnature.com\/\" target=\"_blank\">Egletons &nbsp;&#8211; Egletons Photo<\/a><\/strong><\/p>\n\n\n\n<p><strong><a rel=\"noreferrer noopener\" href=\"https:\/\/epnature.com\/\" target=\"_blank\"> Nature<\/a><a rel=\"noreferrer noopener\" href=\"http:\/\/numerid.fr\/\" target=\"_blank\">Montvicq &nbsp;&#8211; Numer&rsquo;ID<\/a><\/strong><\/p>\n\n\n\n<p><strong><a rel=\"noreferrer noopener\" href=\"http:\/\/www.photoclubperignat-allier.com\/\" target=\"_blank\">P\u00e9rignat sur Allier &#8211; Club photo de P\u00e9rignat-sur-Allier<\/a><\/strong><\/p>\n\n\n\n<p><strong><a rel=\"noreferrer noopener\" href=\"http:\/\/alvallonensully.izihost.com\/photo_club_120.htm\" target=\"_blank\">Vallon en Sully &#8211; Photo Club Vallon en Sully (argentique)<\/a><\/strong><\/p>\n\n\n\n<p><strong><a rel=\"noreferrer noopener\" href=\"https:\/\/www.facebook.com\/clubphotocysl\/\" target=\"_blank\">Yzeure &#8211; Yzeure CYSL Photo &nbsp;(facebook) &nbsp;<\/a><\/strong><\/p>\n\n\n\n<p><\/p>\n\n\n\n<p class=\"has-text-color\" style=\"color:#12a300\">Ville de Montlu\u00e7on et Agglom\u00e9ration, cliquez ci-dessous :<\/p>\n\n\n\n<p><\/p>\n<\/div><\/div>\n\n\n\n<div class=\"wp-block-columns is-layout-flex wp-container-core-columns-is-layout-9d6595d7 wp-block-columns-is-layout-flex\">\n<div class=\"wp-block-column is-layout-flow wp-block-column-is-layout-flow\">\n<figure class=\"wp-block-image size-large\"><a href=\"https:\/\/www.lamontagne.fr\/\"><img loading=\"lazy\" decoding=\"async\" width=\"400\" height=\"123\" src=\"http:\/\/www.cpcm03.fr\/wp-content\/uploads\/2021\/10\/logo-La-Montagne.jpg\" alt=\"\" class=\"wp-image-3986\" srcset=\"https:\/\/www.cpcm03.fr\/wp-content\/uploads\/2021\/10\/logo-La-Montagne.jpg 400w, https:\/\/www.cpcm03.fr\/wp-content\/uploads\/2021\/10\/logo-La-Montagne-300x92.jpg 300w\" sizes=\"auto, (max-width: 400px) 100vw, 400px\" \/><\/a><\/figure>\n\n\n\n<figure class=\"wp-block-image size-large\"><a href=\"https:\/\/www.lasemainedelallier.fr\/\"><img loading=\"lazy\" decoding=\"async\" width=\"434\" height=\"116\" src=\"http:\/\/www.cpcm03.fr\/wp-content\/uploads\/2021\/10\/Semaine-de-lAllier.jpg\" alt=\"\" class=\"wp-image-3987\" srcset=\"https:\/\/www.cpcm03.fr\/wp-content\/uploads\/2021\/10\/Semaine-de-lAllier.jpg 434w, https:\/\/www.cpcm03.fr\/wp-content\/uploads\/2021\/10\/Semaine-de-lAllier-300x80.jpg 300w\" sizes=\"auto, (max-width: 434px) 100vw, 434px\" \/><\/a><\/figure>\n<\/div>\n<\/div>\n","protected":false},"excerpt":{"rendered":"<p>Liste de liens de clubs photo amis ( non exhaustive) et autres : Bru\u00e8re-Allichamps Photo Club Bru\u00e8rois Echassi\u00e8res &#8211; Echass&rsquo;IMAGES 03 (facebook) Egletons &nbsp;&#8211; Egletons Photo NatureMontvicq &nbsp;&#8211; Numer&rsquo;ID P\u00e9rignat sur Allier &#8211; Club photo de P\u00e9rignat-sur-Allier Vallon en Sully &#8211; Photo Club Vallon en Sully (argentique) Yzeure &#8211; Yzeure CYSL Photo &nbsp;(facebook) &nbsp; Ville [&hellip;]<\/p>\n","protected":false},"author":1,"featured_media":0,"parent":0,"menu_order":0,"comment_status":"closed","ping_status":"closed","template":"","meta":{"_bbp_topic_count":0,"_bbp_reply_count":0,"_bbp_total_topic_count":0,"_bbp_total_reply_count":0,"_bbp_voice_count":0,"_bbp_anonymous_reply_count":0,"_bbp_topic_count_hidden":0,"_bbp_reply_count_hidden":0,"_bbp_forum_subforum_count":0,"om_disable_all_campaigns":false,"_monsterinsights_skip_tracking":false,"_monsterinsights_sitenote_active":false,"_monsterinsights_sitenote_note":"","_monsterinsights_sitenote_category":0,"_uf_show_specific_survey":0,"_uf_disable_surveys":false,"footnotes":""},"class_list":["post-682","page","type-page","status-publish","hentry"],"aioseo_notices":[],"_links":{"self":[{"href":"https:\/\/www.cpcm03.fr\/index.php?rest_route=\/wp\/v2\/pages\/682","targetHints":{"allow":["GET"]}}],"collection":[{"href":"https:\/\/www.cpcm03.fr\/index.php?rest_route=\/wp\/v2\/pages"}],"about":[{"href":"https:\/\/www.cpcm03.fr\/index.php?rest_route=\/wp\/v2\/types\/page"}],"author":[{"embeddable":true,"href":"https:\/\/www.cpcm03.fr\/index.php?rest_route=\/wp\/v2\/users\/1"}],"replies":[{"embeddable":true,"href":"https:\/\/www.cpcm03.fr\/index.php?rest_route=%2Fwp%2Fv2%2Fcomments&post=682"}],"version-history":[{"count":35,"href":"https:\/\/www.cpcm03.fr\/index.php?rest_route=\/wp\/v2\/pages\/682\/revisions"}],"predecessor-version":[{"id":6305,"href":"https:\/\/www.cpcm03.fr\/index.php?rest_route=\/wp\/v2\/pages\/682\/revisions\/6305"}],"wp:attachment":[{"href":"https:\/\/www.cpcm03.fr\/index.php?rest_route=%2Fwp%2Fv2%2Fmedia&parent=682"}],"curies":[{"name":"wp","href":"https:\/\/api.w.org\/{rel}","templated":true}]}}