{"id":770,"date":"2020-06-01T17:06:10","date_gmt":"2020-06-01T15:06:10","guid":{"rendered":"http:\/\/www.cpcm03.fr\/?page_id=770"},"modified":"2020-06-26T23:10:23","modified_gmt":"2020-06-26T21:10:23","slug":"pierre","status":"publish","type":"page","link":"https:\/\/www.cpcm03.fr\/?page_id=770","title":{"rendered":"Pierre 4 photos"},"content":{"rendered":"\n<figure class=\"wp-block-image size-large\"><img loading=\"lazy\" decoding=\"async\" width=\"800\" height=\"450\" src=\"http:\/\/www.cpcm03.fr\/wp-content\/uploads\/2020\/06\/Egypte-2017-2-800x450.jpg\" alt=\"\" class=\"wp-image-1566\" srcset=\"https:\/\/www.cpcm03.fr\/wp-content\/uploads\/2020\/06\/Egypte-2017-2-800x450.jpg 800w, https:\/\/www.cpcm03.fr\/wp-content\/uploads\/2020\/06\/Egypte-2017-2-300x169.jpg 300w, https:\/\/www.cpcm03.fr\/wp-content\/uploads\/2020\/06\/Egypte-2017-2-768x432.jpg 768w, https:\/\/www.cpcm03.fr\/wp-content\/uploads\/2020\/06\/Egypte-2017-2-1536x864.jpg 1536w, https:\/\/www.cpcm03.fr\/wp-content\/uploads\/2020\/06\/Egypte-2017-2-2048x1152.jpg 2048w, https:\/\/www.cpcm03.fr\/wp-content\/uploads\/2020\/06\/Egypte-2017-2-1200x675.jpg 1200w\" sizes=\"auto, (max-width: 800px) 100vw, 800px\" \/><figcaption>Egypte 2017<\/figcaption><\/figure>\n\n\n\n<figure class=\"wp-block-image size-large\"><img loading=\"lazy\" decoding=\"async\" width=\"800\" height=\"600\" src=\"http:\/\/www.cpcm03.fr\/wp-content\/uploads\/2020\/06\/Festirail-2017-800x600.jpg\" alt=\"\" class=\"wp-image-1567\" srcset=\"https:\/\/www.cpcm03.fr\/wp-content\/uploads\/2020\/06\/Festirail-2017-800x600.jpg 800w, https:\/\/www.cpcm03.fr\/wp-content\/uploads\/2020\/06\/Festirail-2017-300x225.jpg 300w, https:\/\/www.cpcm03.fr\/wp-content\/uploads\/2020\/06\/Festirail-2017-768x576.jpg 768w, https:\/\/www.cpcm03.fr\/wp-content\/uploads\/2020\/06\/Festirail-2017-1536x1152.jpg 1536w, https:\/\/www.cpcm03.fr\/wp-content\/uploads\/2020\/06\/Festirail-2017-2048x1536.jpg 2048w, https:\/\/www.cpcm03.fr\/wp-content\/uploads\/2020\/06\/Festirail-2017-1200x900.jpg 1200w\" sizes=\"auto, (max-width: 800px) 100vw, 800px\" \/><figcaption>Festirail 2017<\/figcaption><\/figure>\n\n\n\n<figure class=\"wp-block-image size-large\"><img loading=\"lazy\" decoding=\"async\" width=\"800\" height=\"600\" src=\"http:\/\/www.cpcm03.fr\/wp-content\/uploads\/2020\/06\/L-a-chemin\u00e9e-des-Fers-Creux-accueille-le-Cher-\u00e0-Montlu\u00e7on....original-Claudine-Lasne-800x600.jpg\" alt=\"\" class=\"wp-image-1568\" srcset=\"https:\/\/www.cpcm03.fr\/wp-content\/uploads\/2020\/06\/L-a-chemin\u00e9e-des-Fers-Creux-accueille-le-Cher-\u00e0-Montlu\u00e7on....original-Claudine-Lasne-800x600.jpg 800w, https:\/\/www.cpcm03.fr\/wp-content\/uploads\/2020\/06\/L-a-chemin\u00e9e-des-Fers-Creux-accueille-le-Cher-\u00e0-Montlu\u00e7on....original-Claudine-Lasne-300x225.jpg 300w, https:\/\/www.cpcm03.fr\/wp-content\/uploads\/2020\/06\/L-a-chemin\u00e9e-des-Fers-Creux-accueille-le-Cher-\u00e0-Montlu\u00e7on....original-Claudine-Lasne-768x576.jpg 768w, https:\/\/www.cpcm03.fr\/wp-content\/uploads\/2020\/06\/L-a-chemin\u00e9e-des-Fers-Creux-accueille-le-Cher-\u00e0-Montlu\u00e7on....original-Claudine-Lasne-1536x1152.jpg 1536w, https:\/\/www.cpcm03.fr\/wp-content\/uploads\/2020\/06\/L-a-chemin\u00e9e-des-Fers-Creux-accueille-le-Cher-\u00e0-Montlu\u00e7on....original-Claudine-Lasne-2048x1536.jpg 2048w, https:\/\/www.cpcm03.fr\/wp-content\/uploads\/2020\/06\/L-a-chemin\u00e9e-des-Fers-Creux-accueille-le-Cher-\u00e0-Montlu\u00e7on....original-Claudine-Lasne-1200x900.jpg 1200w\" sizes=\"auto, (max-width: 800px) 100vw, 800px\" \/><figcaption>La chemin\u00e9e des Fers Creux accueille le Cher \u00e0 Montlu\u00e7on<\/figcaption><\/figure>\n\n\n\n<figure class=\"wp-block-image size-large\"><img loading=\"lazy\" decoding=\"async\" width=\"800\" height=\"600\" src=\"http:\/\/www.cpcm03.fr\/wp-content\/uploads\/2020\/06\/P1240817-800x600.jpg\" alt=\"\" class=\"wp-image-1569\" srcset=\"https:\/\/www.cpcm03.fr\/wp-content\/uploads\/2020\/06\/P1240817-800x600.jpg 800w, https:\/\/www.cpcm03.fr\/wp-content\/uploads\/2020\/06\/P1240817-300x225.jpg 300w, https:\/\/www.cpcm03.fr\/wp-content\/uploads\/2020\/06\/P1240817-768x576.jpg 768w, https:\/\/www.cpcm03.fr\/wp-content\/uploads\/2020\/06\/P1240817-1536x1152.jpg 1536w, https:\/\/www.cpcm03.fr\/wp-content\/uploads\/2020\/06\/P1240817-2048x1536.jpg 2048w, https:\/\/www.cpcm03.fr\/wp-content\/uploads\/2020\/06\/P1240817-1200x900.jpg 1200w\" sizes=\"auto, (max-width: 800px) 100vw, 800px\" \/><figcaption>Le Cher entre \u00e0 Montlu\u00e7on<br><\/figcaption><\/figure>\n","protected":false},"excerpt":{"rendered":"","protected":false},"author":1,"featured_media":0,"parent":0,"menu_order":0,"comment_status":"closed","ping_status":"closed","template":"","meta":{"_bbp_topic_count":0,"_bbp_reply_count":0,"_bbp_total_topic_count":0,"_bbp_total_reply_count":0,"_bbp_voice_count":0,"_bbp_anonymous_reply_count":0,"_bbp_topic_count_hidden":0,"_bbp_reply_count_hidden":0,"_bbp_forum_subforum_count":0,"om_disable_all_campaigns":false,"_monsterinsights_skip_tracking":false,"_monsterinsights_sitenote_active":false,"_monsterinsights_sitenote_note":"","_monsterinsights_sitenote_category":0,"_uf_show_specific_survey":0,"_uf_disable_surveys":false,"footnotes":""},"class_list":["post-770","page","type-page","status-publish","hentry"],"aioseo_notices":[],"_links":{"self":[{"href":"https:\/\/www.cpcm03.fr\/index.php?rest_route=\/wp\/v2\/pages\/770","targetHints":{"allow":["GET"]}}],"collection":[{"href":"https:\/\/www.cpcm03.fr\/index.php?rest_route=\/wp\/v2\/pages"}],"about":[{"href":"https:\/\/www.cpcm03.fr\/index.php?rest_route=\/wp\/v2\/types\/page"}],"author":[{"embeddable":true,"href":"https:\/\/www.cpcm03.fr\/index.php?rest_route=\/wp\/v2\/users\/1"}],"replies":[{"embeddable":true,"href":"https:\/\/www.cpcm03.fr\/index.php?rest_route=%2Fwp%2Fv2%2Fcomments&post=770"}],"version-history":[{"count":6,"href":"https:\/\/www.cpcm03.fr\/index.php?rest_route=\/wp\/v2\/pages\/770\/revisions"}],"predecessor-version":[{"id":1897,"href":"https:\/\/www.cpcm03.fr\/index.php?rest_route=\/wp\/v2\/pages\/770\/revisions\/1897"}],"wp:attachment":[{"href":"https:\/\/www.cpcm03.fr\/index.php?rest_route=%2Fwp%2Fv2%2Fmedia&parent=770"}],"curies":[{"name":"wp","href":"https:\/\/api.w.org\/{rel}","templated":true}]}}